{"id":1038,"date":"2026-04-16T17:22:33","date_gmt":"2026-04-16T15:22:33","guid":{"rendered":"https:\/\/ansagency.dev\/?page_id=1038"},"modified":"2026-04-16T23:41:33","modified_gmt":"2026-04-16T21:41:33","slug":"devenir-vendeur","status":"publish","type":"page","link":"https:\/\/ansagency.dev\/en\/devenir-vendeur\/","title":{"rendered":"Devenir vendeur"},"content":{"rendered":"<h2 class=\"wp-block-heading has-text-align-center\">Devenez propri\u00e9taire sur SailingLoc<\/h2>\n\n\n\n<p>Transformez votre bateau en v\u00e9ritable source de revenus, simplement et en toute s\u00e9curit\u00e9.<\/p>\n\n\n\n<p>Avec SailingLoc, vous proposez votre bateau \u00e0 la location \u00e0 des particuliers fiables, tout en gardant le contr\u00f4le total sur vos disponibilit\u00e9s et vos tarifs.<\/p>\n\n\n\n<h3 class=\"wp-block-heading\">\u2693 Pourquoi rejoindre SailingLoc ?<\/h3>\n\n\n\n<ul class=\"wp-block-list\">\n<li>G\u00e9n\u00e9rez des revenus lorsque votre bateau n\u2019est pas utilis\u00e9<\/li>\n\n\n\n<li>G\u00e9rez facilement vos r\u00e9servations et votre calendrier<\/li>\n\n\n\n<li>Assurance et s\u00e9curit\u00e9 des locations<\/li>\n\n\n\n<li>Visibilit\u00e9 aupr\u00e8s de clients en France et en Europe<\/li>\n\n\n\n<li>Mise en ligne rapide de votre bateau<\/li>\n<\/ul>\n\n\n\n<a href=\"\/en\/mon-compte\/\" class=\"btn\">\nAjouter mon bateau\n<\/a>\n\n\n\n<p><\/p>\n\n\n\n<p class=\"has-text-align-center\"> \u2192 <a href=\"https:\/\/ansagency.dev\/en\/louer-son-bateau-une-nouvelle-facon-de-rentabiliser-son-embarcation\/\" type=\"link\" id=\"https:\/\/ansagency.dev\/louer-son-bateau-une-nouvelle-facon-de-rentabiliser-son-embarcation\/\">En savoir plus sur les avantages de la location de bateau<\/a><\/p>\n\n\n\n<p><\/p>","protected":false},"excerpt":{"rendered":"<p>Devenez propri\u00e9taire sur SailingLoc Transformez votre bateau en v\u00e9ritable source de revenus, simplement et en toute s\u00e9curit\u00e9. Avec SailingLoc, vous proposez votre bateau \u00e0 la location \u00e0 des particuliers fiables, tout en gardant le contr\u00f4le total sur vos disponibilit\u00e9s et vos tarifs. \u2693 Pourquoi rejoindre SailingLoc ? Ajouter mon bateau \u2192 En savoir plus sur [&hellip;]<\/p>\n","protected":false},"author":1,"featured_media":0,"parent":0,"menu_order":0,"comment_status":"closed","ping_status":"closed","template":"","meta":{"_glsr_average":0,"_glsr_ranking":0,"_glsr_reviews":0,"footnotes":""},"class_list":["post-1038","page","type-page","status-publish","hentry"],"yoast_head":"<!-- This site is optimized with the Yoast SEO plugin v27.3 - https:\/\/yoast.com\/product\/yoast-seo-wordpress\/ -->\n<title>Proposer votre bateau \u00e0 louer<\/title>\n<meta name=\"description\" content=\"Proposez votre bateau \u00e0 la location sur SailingLoc et profitez d\u2019une visibilit\u00e9 maximale aupr\u00e8s de locataires.\" \/>\n<meta name=\"robots\" content=\"index, follow, max-snippet:-1, max-image-preview:large, max-video-preview:-1\" \/>\n<link rel=\"canonical\" href=\"https:\/\/ansagency.dev\/en\/devenir-vendeur\/\" \/>\n<meta property=\"og:locale\" content=\"en_GB\" \/>\n<meta property=\"og:type\" content=\"article\" \/>\n<meta property=\"og:title\" content=\"Proposer votre bateau \u00e0 louer\" \/>\n<meta property=\"og:description\" content=\"Proposez votre bateau \u00e0 la location sur SailingLoc et profitez d\u2019une visibilit\u00e9 maximale aupr\u00e8s de locataires.\" \/>\n<meta property=\"og:url\" content=\"https:\/\/ansagency.dev\/en\/devenir-vendeur\/\" \/>\n<meta property=\"og:site_name\" content=\"SailingLoc - Location de bateaux et permis c\u00f4tier\" \/>\n<meta property=\"article:modified_time\" content=\"2026-04-16T21:41:33+00:00\" \/>\n<meta name=\"twitter:card\" content=\"summary_large_image\" \/>\n<meta name=\"twitter:label1\" content=\"Estimated reading time\" \/>\n\t<meta name=\"twitter:data1\" content=\"1 minute\" \/>\n<script type=\"application\/ld+json\" class=\"yoast-schema-graph\">{\"@context\":\"https:\\\/\\\/schema.org\",\"@graph\":[{\"@type\":\"WebPage\",\"@id\":\"https:\\\/\\\/ansagency.dev\\\/devenir-vendeur\\\/\",\"url\":\"https:\\\/\\\/ansagency.dev\\\/devenir-vendeur\\\/\",\"name\":\"Proposer votre bateau \u00e0 louer\",\"isPartOf\":{\"@id\":\"https:\\\/\\\/ansagency.dev\\\/#website\"},\"datePublished\":\"2026-04-16T15:22:33+00:00\",\"dateModified\":\"2026-04-16T21:41:33+00:00\",\"description\":\"Proposez votre bateau \u00e0 la location sur SailingLoc et profitez d\u2019une visibilit\u00e9 maximale aupr\u00e8s de locataires.\",\"breadcrumb\":{\"@id\":\"https:\\\/\\\/ansagency.dev\\\/devenir-vendeur\\\/#breadcrumb\"},\"inLanguage\":\"en-GB\",\"potentialAction\":[{\"@type\":\"ReadAction\",\"target\":[\"https:\\\/\\\/ansagency.dev\\\/devenir-vendeur\\\/\"]}]},{\"@type\":\"BreadcrumbList\",\"@id\":\"https:\\\/\\\/ansagency.dev\\\/devenir-vendeur\\\/#breadcrumb\",\"itemListElement\":[{\"@type\":\"ListItem\",\"position\":1,\"name\":\"Accueil\",\"item\":\"https:\\\/\\\/ansagency.dev\\\/\"},{\"@type\":\"ListItem\",\"position\":2,\"name\":\"Devenir vendeur\"}]},{\"@type\":\"WebSite\",\"@id\":\"https:\\\/\\\/ansagency.dev\\\/#website\",\"url\":\"https:\\\/\\\/ansagency.dev\\\/\",\"name\":\"SailingLoc - Location de bateaux et permis c\u00f4tier\",\"description\":\"\",\"publisher\":{\"@id\":\"https:\\\/\\\/ansagency.dev\\\/#organization\"},\"potentialAction\":[{\"@type\":\"SearchAction\",\"target\":{\"@type\":\"EntryPoint\",\"urlTemplate\":\"https:\\\/\\\/ansagency.dev\\\/?s={search_term_string}\"},\"query-input\":{\"@type\":\"PropertyValueSpecification\",\"valueRequired\":true,\"valueName\":\"search_term_string\"}}],\"inLanguage\":\"en-GB\"},{\"@type\":\"Organization\",\"@id\":\"https:\\\/\\\/ansagency.dev\\\/#organization\",\"name\":\"SailingLoc\",\"url\":\"https:\\\/\\\/ansagency.dev\\\/\",\"logo\":{\"@type\":\"ImageObject\",\"inLanguage\":\"en-GB\",\"@id\":\"https:\\\/\\\/ansagency.dev\\\/#\\\/schema\\\/logo\\\/image\\\/\",\"url\":\"https:\\\/\\\/ansagency.dev\\\/wp-content\\\/uploads\\\/2026\\\/03\\\/Logo-sailingloc.png\",\"contentUrl\":\"https:\\\/\\\/ansagency.dev\\\/wp-content\\\/uploads\\\/2026\\\/03\\\/Logo-sailingloc.png\",\"width\":1415,\"height\":1416,\"caption\":\"SailingLoc\"},\"image\":{\"@id\":\"https:\\\/\\\/ansagency.dev\\\/#\\\/schema\\\/logo\\\/image\\\/\"},\"sameAs\":[\"https:\\\/\\\/www.instagram.com\\\/sailiingloc\"]}]}<\/script>\n<!-- \/ Yoast SEO plugin. -->","yoast_head_json":{"title":"Proposer votre bateau \u00e0 louer","description":"Proposez votre bateau \u00e0 la location sur SailingLoc et profitez d\u2019une visibilit\u00e9 maximale aupr\u00e8s de locataires.","robots":{"index":"index","follow":"follow","max-snippet":"max-snippet:-1","max-image-preview":"max-image-preview:large","max-video-preview":"max-video-preview:-1"},"canonical":"https:\/\/ansagency.dev\/en\/devenir-vendeur\/","og_locale":"en_GB","og_type":"article","og_title":"Proposer votre bateau \u00e0 louer","og_description":"Proposez votre bateau \u00e0 la location sur SailingLoc et profitez d\u2019une visibilit\u00e9 maximale aupr\u00e8s de locataires.","og_url":"https:\/\/ansagency.dev\/en\/devenir-vendeur\/","og_site_name":"SailingLoc - Location de bateaux et permis c\u00f4tier","article_modified_time":"2026-04-16T21:41:33+00:00","twitter_card":"summary_large_image","twitter_misc":{"Estimated reading time":"1 minute"},"schema":{"@context":"https:\/\/schema.org","@graph":[{"@type":"WebPage","@id":"https:\/\/ansagency.dev\/devenir-vendeur\/","url":"https:\/\/ansagency.dev\/devenir-vendeur\/","name":"Proposer votre bateau \u00e0 louer","isPartOf":{"@id":"https:\/\/ansagency.dev\/#website"},"datePublished":"2026-04-16T15:22:33+00:00","dateModified":"2026-04-16T21:41:33+00:00","description":"Proposez votre bateau \u00e0 la location sur SailingLoc et profitez d\u2019une visibilit\u00e9 maximale aupr\u00e8s de locataires.","breadcrumb":{"@id":"https:\/\/ansagency.dev\/devenir-vendeur\/#breadcrumb"},"inLanguage":"en-GB","potentialAction":[{"@type":"ReadAction","target":["https:\/\/ansagency.dev\/devenir-vendeur\/"]}]},{"@type":"BreadcrumbList","@id":"https:\/\/ansagency.dev\/devenir-vendeur\/#breadcrumb","itemListElement":[{"@type":"ListItem","position":1,"name":"Accueil","item":"https:\/\/ansagency.dev\/"},{"@type":"ListItem","position":2,"name":"Devenir vendeur"}]},{"@type":"WebSite","@id":"https:\/\/ansagency.dev\/#website","url":"https:\/\/ansagency.dev\/","name":"SailingLoc - Location de bateaux et permis c\u00f4tier","description":"","publisher":{"@id":"https:\/\/ansagency.dev\/#organization"},"potentialAction":[{"@type":"SearchAction","target":{"@type":"EntryPoint","urlTemplate":"https:\/\/ansagency.dev\/?s={search_term_string}"},"query-input":{"@type":"PropertyValueSpecification","valueRequired":true,"valueName":"search_term_string"}}],"inLanguage":"en-GB"},{"@type":"Organization","@id":"https:\/\/ansagency.dev\/#organization","name":"SailingLoc","url":"https:\/\/ansagency.dev\/","logo":{"@type":"ImageObject","inLanguage":"en-GB","@id":"https:\/\/ansagency.dev\/#\/schema\/logo\/image\/","url":"https:\/\/ansagency.dev\/wp-content\/uploads\/2026\/03\/Logo-sailingloc.png","contentUrl":"https:\/\/ansagency.dev\/wp-content\/uploads\/2026\/03\/Logo-sailingloc.png","width":1415,"height":1416,"caption":"SailingLoc"},"image":{"@id":"https:\/\/ansagency.dev\/#\/schema\/logo\/image\/"},"sameAs":["https:\/\/www.instagram.com\/sailiingloc"]}]}},"_links":{"self":[{"href":"https:\/\/ansagency.dev\/en\/wp-json\/wp\/v2\/pages\/1038","targetHints":{"allow":["GET"]}}],"collection":[{"href":"https:\/\/ansagency.dev\/en\/wp-json\/wp\/v2\/pages"}],"about":[{"href":"https:\/\/ansagency.dev\/en\/wp-json\/wp\/v2\/types\/page"}],"author":[{"embeddable":true,"href":"https:\/\/ansagency.dev\/en\/wp-json\/wp\/v2\/users\/1"}],"replies":[{"embeddable":true,"href":"https:\/\/ansagency.dev\/en\/wp-json\/wp\/v2\/comments?post=1038"}],"version-history":[{"count":6,"href":"https:\/\/ansagency.dev\/en\/wp-json\/wp\/v2\/pages\/1038\/revisions"}],"predecessor-version":[{"id":1112,"href":"https:\/\/ansagency.dev\/en\/wp-json\/wp\/v2\/pages\/1038\/revisions\/1112"}],"wp:attachment":[{"href":"https:\/\/ansagency.dev\/en\/wp-json\/wp\/v2\/media?parent=1038"}],"curies":[{"name":"wp","href":"https:\/\/api.w.org\/{rel}","templated":true}]}}