{"id":1242,"date":"2026-04-19T15:21:09","date_gmt":"2026-04-19T13:21:09","guid":{"rendered":"https:\/\/ansagency.dev\/?page_id=1242"},"modified":"2026-04-19T19:36:58","modified_gmt":"2026-04-19T17:36:58","slug":"nos-partenaires","status":"publish","type":"page","link":"https:\/\/ansagency.dev\/en\/nos-partenaires\/","title":{"rendered":"Nos partenaires"},"content":{"rendered":"<h2 class=\"wp-block-heading has-text-align-center\">Nos partenaires<\/h2>\n\n\n\n<div class=\"wp-block-columns is-layout-flex wp-container-core-columns-is-layout-9d6595d7 wp-block-columns-is-layout-flex\">\n<div class=\"wp-block-column is-layout-flow wp-block-column-is-layout-flow\" style=\"flex-basis:66.66%\">\n<p>                                                                      <\/p>\n\n\n\n<p>SailingLoc s\u2019entoure de partenaires de confiance afin de proposer une exp\u00e9rience de navigation s\u00e9curis\u00e9e, compl\u00e8te et de qualit\u00e9. Ces collaborations permettent d\u2019offrir aux utilisateurs des services compl\u00e9mentaires, tout en garantissant fiabilit\u00e9 et s\u00e9r\u00e9nit\u00e9 lors de chaque r\u00e9servation.<\/p>\n\n\n\n<p>Au-del\u00e0 de la simple mise en relation entre particuliers, SailingLoc construit un v\u00e9ritable \u00e9cosyst\u00e8me autour de la navigation. Chaque partenaire est s\u00e9lectionn\u00e9 pour son expertise et son engagement, afin de r\u00e9pondre aux besoins essentiels des plaisanciers : assurance, s\u00e9curit\u00e9, protection de l\u2019environnement et accompagnement.<\/p>\n\n\n\n<p>Ces partenariats jouent un r\u00f4le cl\u00e9 dans le d\u00e9veloppement de notre plateforme et dans la confiance accord\u00e9e par notre communaut\u00e9. Ils permettent \u00e9galement de renforcer notre engagement en faveur d\u2019une navigation plus responsable, respectueuse du milieu marin et accessible au plus grand nombre.<\/p>\n<\/div>\n\n\n\n<div class=\"wp-block-column is-layout-flow wp-block-column-is-layout-flow\" style=\"flex-basis:33.33%\">\n<div class=\"wp-block-group\"><div class=\"wp-block-group__inner-container is-layout-constrained wp-block-group-is-layout-constrained\">\n<p><a href=\"https:\/\/ansagency.dev\/en\/contact\/\" type=\"page\" id=\"29\">Un projet de partenariat \u00e0 nous proposer ?<\/a><\/p>\n\n\n\n<p><a href=\"https:\/\/ansagency.dev\/en\/a-propos\/\" type=\"page\" id=\"27\">Qui sommes-nous?<\/a><\/p>\n<\/div><\/div>\n\n\n\n<div class=\"wp-block-group\"><div class=\"wp-block-group__inner-container is-layout-constrained wp-block-group-is-layout-constrained\">\n<p><strong>Nos r\u00e9seaux sociaux <\/strong><\/p>\n\n\n\n<ul class=\"wp-block-social-links is-layout-flex wp-block-social-links-is-layout-flex\"><li class=\"wp-social-link wp-social-link-instagram  wp-block-social-link\"><a href=\"https:\/\/www.instagram.com\/sailiingloc\" class=\"wp-block-social-link-anchor\"><svg width=\"24\" height=\"24\" viewbox=\"0 0 24 24\" version=\"1.1\" xmlns=\"http:\/\/www.w3.org\/2000\/svg\" aria-hidden=\"true\" focusable=\"false\"><path d=\"M12,4.622c2.403,0,2.688,0.009,3.637,0.052c0.877,0.04,1.354,0.187,1.671,0.31c0.42,0.163,0.72,0.358,1.035,0.673 c0.315,0.315,0.51,0.615,0.673,1.035c0.123,0.317,0.27,0.794,0.31,1.671c0.043,0.949,0.052,1.234,0.052,3.637 s-0.009,2.688-0.052,3.637c-0.04,0.877-0.187,1.354-0.31,1.671c-0.163,0.42-0.358,0.72-0.673,1.035 c-0.315,0.315-0.615,0.51-1.035,0.673c-0.317,0.123-0.794,0.27-1.671,0.31c-0.949,0.043-1.233,0.052-3.637,0.052 s-2.688-0.009-3.637-0.052c-0.877-0.04-1.354-0.187-1.671-0.31c-0.42-0.163-0.72-0.358-1.035-0.673 c-0.315-0.315-0.51-0.615-0.673-1.035c-0.123-0.317-0.27-0.794-0.31-1.671C4.631,14.688,4.622,14.403,4.622,12 s0.009-2.688,0.052-3.637c0.04-0.877,0.187-1.354,0.31-1.671c0.163-0.42,0.358-0.72,0.673-1.035 c0.315-0.315,0.615-0.51,1.035-0.673c0.317-0.123,0.794-0.27,1.671-0.31C9.312,4.631,9.597,4.622,12,4.622 M12,3 C9.556,3,9.249,3.01,8.289,3.054C7.331,3.098,6.677,3.25,6.105,3.472C5.513,3.702,5.011,4.01,4.511,4.511 c-0.5,0.5-0.808,1.002-1.038,1.594C3.25,6.677,3.098,7.331,3.054,8.289C3.01,9.249,3,9.556,3,12c0,2.444,0.01,2.751,0.054,3.711 c0.044,0.958,0.196,1.612,0.418,2.185c0.23,0.592,0.538,1.094,1.038,1.594c0.5,0.5,1.002,0.808,1.594,1.038 c0.572,0.222,1.227,0.375,2.185,0.418C9.249,20.99,9.556,21,12,21s2.751-0.01,3.711-0.054c0.958-0.044,1.612-0.196,2.185-0.418 c0.592-0.23,1.094-0.538,1.594-1.038c0.5-0.5,0.808-1.002,1.038-1.594c0.222-0.572,0.375-1.227,0.418-2.185 C20.99,14.751,21,14.444,21,12s-0.01-2.751-0.054-3.711c-0.044-0.958-0.196-1.612-0.418-2.185c-0.23-0.592-0.538-1.094-1.038-1.594 c-0.5-0.5-1.002-0.808-1.594-1.038c-0.572-0.222-1.227-0.375-2.185-0.418C14.751,3.01,14.444,3,12,3L12,3z M12,7.378 c-2.552,0-4.622,2.069-4.622,4.622S9.448,16.622,12,16.622s4.622-2.069,4.622-4.622S14.552,7.378,12,7.378z M12,15 c-1.657,0-3-1.343-3-3s1.343-3,3-3s3,1.343,3,3S13.657,15,12,15z M16.804,6.116c-0.596,0-1.08,0.484-1.08,1.08 s0.484,1.08,1.08,1.08c0.596,0,1.08-0.484,1.08-1.08S17.401,6.116,16.804,6.116z\"><\/path><\/svg><span class=\"wp-block-social-link-label screen-reader-text\">Instagram<\/span><\/a><\/li>\n\n<li class=\"wp-social-link wp-social-link-youtube  wp-block-social-link\"><a href=\"https:\/\/youtube.com\" class=\"wp-block-social-link-anchor\"><svg width=\"24\" height=\"24\" viewbox=\"0 0 24 24\" version=\"1.1\" xmlns=\"http:\/\/www.w3.org\/2000\/svg\" aria-hidden=\"true\" focusable=\"false\"><path d=\"M21.8,8.001c0,0-0.195-1.378-0.795-1.985c-0.76-0.797-1.613-0.801-2.004-0.847c-2.799-0.202-6.997-0.202-6.997-0.202 h-0.009c0,0-4.198,0-6.997,0.202C4.608,5.216,3.756,5.22,2.995,6.016C2.395,6.623,2.2,8.001,2.2,8.001S2,9.62,2,11.238v1.517 c0,1.618,0.2,3.237,0.2,3.237s0.195,1.378,0.795,1.985c0.761,0.797,1.76,0.771,2.205,0.855c1.6,0.153,6.8,0.201,6.8,0.201 s4.203-0.006,7.001-0.209c0.391-0.047,1.243-0.051,2.004-0.847c0.6-0.607,0.795-1.985,0.795-1.985s0.2-1.618,0.2-3.237v-1.517 C22,9.62,21.8,8.001,21.8,8.001z M9.935,14.594l-0.001-5.62l5.404,2.82L9.935,14.594z\"><\/path><\/svg><span class=\"wp-block-social-link-label screen-reader-text\">YouTube<\/span><\/a><\/li>\n\n<li class=\"wp-social-link wp-social-link-linkedin  wp-block-social-link\"><a href=\"https:\/\/linkedin.com\" class=\"wp-block-social-link-anchor\"><svg width=\"24\" height=\"24\" viewbox=\"0 0 24 24\" version=\"1.1\" xmlns=\"http:\/\/www.w3.org\/2000\/svg\" aria-hidden=\"true\" focusable=\"false\"><path d=\"M19.7,3H4.3C3.582,3,3,3.582,3,4.3v15.4C3,20.418,3.582,21,4.3,21h15.4c0.718,0,1.3-0.582,1.3-1.3V4.3 C21,3.582,20.418,3,19.7,3z M8.339,18.338H5.667v-8.59h2.672V18.338z M7.004,8.574c-0.857,0-1.549-0.694-1.549-1.548 c0-0.855,0.691-1.548,1.549-1.548c0.854,0,1.547,0.694,1.547,1.548C8.551,7.881,7.858,8.574,7.004,8.574z M18.339,18.338h-2.669 v-4.177c0-0.996-0.017-2.278-1.387-2.278c-1.389,0-1.601,1.086-1.601,2.206v4.249h-2.667v-8.59h2.559v1.174h0.037 c0.356-0.675,1.227-1.387,2.526-1.387c2.703,0,3.203,1.779,3.203,4.092V18.338z\"><\/path><\/svg><span class=\"wp-block-social-link-label screen-reader-text\">LinkedIn<\/span><\/a><\/li><\/ul>\n<\/div><\/div>\n<\/div>\n<\/div>\n\n\n\n<div class=\"wp-block-group\"><div class=\"wp-block-group__inner-container is-layout-constrained wp-block-group-is-layout-constrained\">\n<div class=\"wp-block-group\"><div class=\"wp-block-group__inner-container is-layout-constrained wp-block-group-is-layout-constrained\"><div class=\"wp-block-image\">\n<figure class=\"aligncenter size-full is-resized\"><img loading=\"lazy\" decoding=\"async\" width=\"274\" height=\"109\" src=\"https:\/\/ansagency.dev\/wp-content\/uploads\/2026\/04\/image.png\" alt=\"\" class=\"wp-image-1248\" style=\"aspect-ratio:2.514163548904329;width:356px;height:auto\" srcset=\"https:\/\/ansagency.dev\/wp-content\/uploads\/2026\/04\/image.png 274w, https:\/\/ansagency.dev\/wp-content\/uploads\/2026\/04\/image-18x7.png 18w\" sizes=\"auto, (max-width: 274px) 100vw, 274px\" \/><\/figure>\n<\/div>\n\n\n<p><strong>Assurance maritime et plaisance<\/strong><br>AXA accompagne SailingLoc dans la s\u00e9curisation des locations en proposant des solutions d\u2019assurance adapt\u00e9es aux activit\u00e9s nautiques. Ce partenariat garantit une protection fiable pour les propri\u00e9taires comme pour les locataires, afin de naviguer en toute s\u00e9r\u00e9nit\u00e9.<\/p>\n<\/div><\/div>\n<\/div><\/div>\n\n\n\n<div class=\"wp-block-group\"><div class=\"wp-block-group__inner-container is-layout-constrained wp-block-group-is-layout-constrained\">\n<div class=\"wp-block-group\"><div class=\"wp-block-group__inner-container is-layout-constrained wp-block-group-is-layout-constrained\"><div class=\"wp-block-image\">\n<figure class=\"aligncenter size-full is-resized\"><img loading=\"lazy\" decoding=\"async\" width=\"357\" height=\"141\" src=\"https:\/\/ansagency.dev\/wp-content\/uploads\/2026\/04\/image-6.png\" alt=\"\" class=\"wp-image-1255\" style=\"aspect-ratio:2.5321955003878975;width:361px;height:auto\" srcset=\"https:\/\/ansagency.dev\/wp-content\/uploads\/2026\/04\/image-6.png 357w, https:\/\/ansagency.dev\/wp-content\/uploads\/2026\/04\/image-6-300x118.png 300w, https:\/\/ansagency.dev\/wp-content\/uploads\/2026\/04\/image-6-18x7.png 18w\" sizes=\"auto, (max-width: 357px) 100vw, 357px\" \/><\/figure>\n<\/div>\n\n\n<p><strong>Protection des oc\u00e9ans et du littoral<\/strong><br>Surfrider Foundation soutient SailingLoc dans son engagement pour la pr\u00e9servation du milieu marin. Ce partenariat renforce notre volont\u00e9 de promouvoir une navigation responsable et de sensibiliser notre communaut\u00e9 \u00e0 la protection des oc\u00e9ans<\/p>\n<\/div><\/div>\n<\/div><\/div>\n\n\n\n<div class=\"wp-block-group\"><div class=\"wp-block-group__inner-container is-layout-constrained wp-block-group-is-layout-constrained\"><div class=\"wp-block-image\">\n<figure class=\"aligncenter size-full is-resized\"><img loading=\"lazy\" decoding=\"async\" width=\"546\" height=\"288\" src=\"https:\/\/ansagency.dev\/wp-content\/uploads\/2026\/04\/image-4.png\" alt=\"\" class=\"wp-image-1253\" style=\"aspect-ratio:1.8959392455909119;width:358px;height:auto\" srcset=\"https:\/\/ansagency.dev\/wp-content\/uploads\/2026\/04\/image-4.png 546w, https:\/\/ansagency.dev\/wp-content\/uploads\/2026\/04\/image-4-300x158.png 300w, https:\/\/ansagency.dev\/wp-content\/uploads\/2026\/04\/image-4-18x9.png 18w\" sizes=\"auto, (max-width: 546px) 100vw, 546px\" \/><\/figure>\n<\/div>\n\n\n<p><strong>Engagement pour la biodiversit\u00e9 marine<\/strong><br>Le WWF et SailingLoc partagent une vision commune : prot\u00e9ger les \u00e9cosyst\u00e8mes marins. Ce partenariat illustre notre volont\u00e9 d\u2019int\u00e9grer des actions concr\u00e8tes en faveur de la biodiversit\u00e9 et d\u2019encourager une navigation respectueuse de l\u2019environnement.<\/p>\n<\/div><\/div>","protected":false},"excerpt":{"rendered":"<p>Nos partenaires SailingLoc s\u2019entoure de partenaires de confiance afin de proposer une exp\u00e9rience de navigation s\u00e9curis\u00e9e, compl\u00e8te et de qualit\u00e9. Ces collaborations permettent d\u2019offrir aux utilisateurs des services compl\u00e9mentaires, tout en garantissant fiabilit\u00e9 et s\u00e9r\u00e9nit\u00e9 lors de chaque r\u00e9servation. Au-del\u00e0 de la simple mise en relation entre particuliers, SailingLoc construit un v\u00e9ritable \u00e9cosyst\u00e8me autour de [&hellip;]<\/p>\n","protected":false},"author":1,"featured_media":0,"parent":0,"menu_order":0,"comment_status":"closed","ping_status":"closed","template":"","meta":{"_glsr_average":0,"_glsr_ranking":0,"_glsr_reviews":0,"footnotes":""},"class_list":["post-1242","page","type-page","status-publish","hentry"],"yoast_head":"<!-- This site is optimized with the Yoast SEO plugin v27.3 - https:\/\/yoast.com\/product\/yoast-seo-wordpress\/ -->\n<title>Nos partenaires<\/title>\n<meta name=\"robots\" content=\"index, follow, max-snippet:-1, max-image-preview:large, max-video-preview:-1\" \/>\n<link rel=\"canonical\" href=\"https:\/\/ansagency.dev\/en\/nos-partenaires\/\" \/>\n<meta property=\"og:locale\" content=\"en_GB\" \/>\n<meta property=\"og:type\" content=\"article\" \/>\n<meta property=\"og:title\" content=\"Nos partenaires\" \/>\n<meta property=\"og:description\" content=\"Nos partenaires SailingLoc s\u2019entoure de partenaires de confiance afin de proposer une exp\u00e9rience de navigation s\u00e9curis\u00e9e, compl\u00e8te et de qualit\u00e9. Ces collaborations permettent d\u2019offrir aux utilisateurs des services compl\u00e9mentaires, tout en garantissant fiabilit\u00e9 et s\u00e9r\u00e9nit\u00e9 lors de chaque r\u00e9servation. Au-del\u00e0 de la simple mise en relation entre particuliers, SailingLoc construit un v\u00e9ritable \u00e9cosyst\u00e8me autour de [&hellip;]\" \/>\n<meta property=\"og:url\" content=\"https:\/\/ansagency.dev\/en\/nos-partenaires\/\" \/>\n<meta property=\"og:site_name\" content=\"SailingLoc - Location de bateaux et permis c\u00f4tier\" \/>\n<meta property=\"article:modified_time\" content=\"2026-04-19T17:36:58+00:00\" \/>\n<meta property=\"og:image\" content=\"https:\/\/ansagency.dev\/wp-content\/uploads\/2026\/04\/image.png\" \/>\n\t<meta property=\"og:image:width\" content=\"274\" \/>\n\t<meta property=\"og:image:height\" content=\"109\" \/>\n\t<meta property=\"og:image:type\" content=\"image\/png\" \/>\n<meta name=\"twitter:card\" content=\"summary_large_image\" \/>\n<meta name=\"twitter:label1\" content=\"Estimated reading time\" \/>\n\t<meta name=\"twitter:data1\" content=\"2 minutes\" \/>\n<script type=\"application\/ld+json\" class=\"yoast-schema-graph\">{\"@context\":\"https:\\\/\\\/schema.org\",\"@graph\":[{\"@type\":\"WebPage\",\"@id\":\"https:\\\/\\\/ansagency.dev\\\/nos-partenaires\\\/\",\"url\":\"https:\\\/\\\/ansagency.dev\\\/nos-partenaires\\\/\",\"name\":\"Nos partenaires\",\"isPartOf\":{\"@id\":\"https:\\\/\\\/ansagency.dev\\\/#website\"},\"primaryImageOfPage\":{\"@id\":\"https:\\\/\\\/ansagency.dev\\\/nos-partenaires\\\/#primaryimage\"},\"image\":{\"@id\":\"https:\\\/\\\/ansagency.dev\\\/nos-partenaires\\\/#primaryimage\"},\"thumbnailUrl\":\"https:\\\/\\\/ansagency.dev\\\/wp-content\\\/uploads\\\/2026\\\/04\\\/image.png\",\"datePublished\":\"2026-04-19T13:21:09+00:00\",\"dateModified\":\"2026-04-19T17:36:58+00:00\",\"breadcrumb\":{\"@id\":\"https:\\\/\\\/ansagency.dev\\\/nos-partenaires\\\/#breadcrumb\"},\"inLanguage\":\"en-GB\",\"potentialAction\":[{\"@type\":\"ReadAction\",\"target\":[\"https:\\\/\\\/ansagency.dev\\\/nos-partenaires\\\/\"]}]},{\"@type\":\"ImageObject\",\"inLanguage\":\"en-GB\",\"@id\":\"https:\\\/\\\/ansagency.dev\\\/nos-partenaires\\\/#primaryimage\",\"url\":\"https:\\\/\\\/ansagency.dev\\\/wp-content\\\/uploads\\\/2026\\\/04\\\/image.png\",\"contentUrl\":\"https:\\\/\\\/ansagency.dev\\\/wp-content\\\/uploads\\\/2026\\\/04\\\/image.png\"},{\"@type\":\"BreadcrumbList\",\"@id\":\"https:\\\/\\\/ansagency.dev\\\/nos-partenaires\\\/#breadcrumb\",\"itemListElement\":[{\"@type\":\"ListItem\",\"position\":1,\"name\":\"Accueil\",\"item\":\"https:\\\/\\\/ansagency.dev\\\/\"},{\"@type\":\"ListItem\",\"position\":2,\"name\":\"Nos partenaires\"}]},{\"@type\":\"WebSite\",\"@id\":\"https:\\\/\\\/ansagency.dev\\\/#website\",\"url\":\"https:\\\/\\\/ansagency.dev\\\/\",\"name\":\"SailingLoc - Location de bateaux et permis c\u00f4tier\",\"description\":\"\",\"publisher\":{\"@id\":\"https:\\\/\\\/ansagency.dev\\\/#organization\"},\"potentialAction\":[{\"@type\":\"SearchAction\",\"target\":{\"@type\":\"EntryPoint\",\"urlTemplate\":\"https:\\\/\\\/ansagency.dev\\\/?s={search_term_string}\"},\"query-input\":{\"@type\":\"PropertyValueSpecification\",\"valueRequired\":true,\"valueName\":\"search_term_string\"}}],\"inLanguage\":\"en-GB\"},{\"@type\":\"Organization\",\"@id\":\"https:\\\/\\\/ansagency.dev\\\/#organization\",\"name\":\"SailingLoc\",\"url\":\"https:\\\/\\\/ansagency.dev\\\/\",\"logo\":{\"@type\":\"ImageObject\",\"inLanguage\":\"en-GB\",\"@id\":\"https:\\\/\\\/ansagency.dev\\\/#\\\/schema\\\/logo\\\/image\\\/\",\"url\":\"https:\\\/\\\/ansagency.dev\\\/wp-content\\\/uploads\\\/2026\\\/03\\\/Logo-sailingloc.png\",\"contentUrl\":\"https:\\\/\\\/ansagency.dev\\\/wp-content\\\/uploads\\\/2026\\\/03\\\/Logo-sailingloc.png\",\"width\":1415,\"height\":1416,\"caption\":\"SailingLoc\"},\"image\":{\"@id\":\"https:\\\/\\\/ansagency.dev\\\/#\\\/schema\\\/logo\\\/image\\\/\"},\"sameAs\":[\"https:\\\/\\\/www.instagram.com\\\/sailiingloc\"]}]}<\/script>\n<!-- \/ Yoast SEO plugin. -->","yoast_head_json":{"title":"Nos partenaires","robots":{"index":"index","follow":"follow","max-snippet":"max-snippet:-1","max-image-preview":"max-image-preview:large","max-video-preview":"max-video-preview:-1"},"canonical":"https:\/\/ansagency.dev\/en\/nos-partenaires\/","og_locale":"en_GB","og_type":"article","og_title":"Nos partenaires","og_description":"Nos partenaires SailingLoc s\u2019entoure de partenaires de confiance afin de proposer une exp\u00e9rience de navigation s\u00e9curis\u00e9e, compl\u00e8te et de qualit\u00e9. Ces collaborations permettent d\u2019offrir aux utilisateurs des services compl\u00e9mentaires, tout en garantissant fiabilit\u00e9 et s\u00e9r\u00e9nit\u00e9 lors de chaque r\u00e9servation. Au-del\u00e0 de la simple mise en relation entre particuliers, SailingLoc construit un v\u00e9ritable \u00e9cosyst\u00e8me autour de [&hellip;]","og_url":"https:\/\/ansagency.dev\/en\/nos-partenaires\/","og_site_name":"SailingLoc - Location de bateaux et permis c\u00f4tier","article_modified_time":"2026-04-19T17:36:58+00:00","og_image":[{"width":274,"height":109,"url":"https:\/\/ansagency.dev\/wp-content\/uploads\/2026\/04\/image.png","type":"image\/png"}],"twitter_card":"summary_large_image","twitter_misc":{"Estimated reading time":"2 minutes"},"schema":{"@context":"https:\/\/schema.org","@graph":[{"@type":"WebPage","@id":"https:\/\/ansagency.dev\/nos-partenaires\/","url":"https:\/\/ansagency.dev\/nos-partenaires\/","name":"Nos partenaires","isPartOf":{"@id":"https:\/\/ansagency.dev\/#website"},"primaryImageOfPage":{"@id":"https:\/\/ansagency.dev\/nos-partenaires\/#primaryimage"},"image":{"@id":"https:\/\/ansagency.dev\/nos-partenaires\/#primaryimage"},"thumbnailUrl":"https:\/\/ansagency.dev\/wp-content\/uploads\/2026\/04\/image.png","datePublished":"2026-04-19T13:21:09+00:00","dateModified":"2026-04-19T17:36:58+00:00","breadcrumb":{"@id":"https:\/\/ansagency.dev\/nos-partenaires\/#breadcrumb"},"inLanguage":"en-GB","potentialAction":[{"@type":"ReadAction","target":["https:\/\/ansagency.dev\/nos-partenaires\/"]}]},{"@type":"ImageObject","inLanguage":"en-GB","@id":"https:\/\/ansagency.dev\/nos-partenaires\/#primaryimage","url":"https:\/\/ansagency.dev\/wp-content\/uploads\/2026\/04\/image.png","contentUrl":"https:\/\/ansagency.dev\/wp-content\/uploads\/2026\/04\/image.png"},{"@type":"BreadcrumbList","@id":"https:\/\/ansagency.dev\/nos-partenaires\/#breadcrumb","itemListElement":[{"@type":"ListItem","position":1,"name":"Accueil","item":"https:\/\/ansagency.dev\/"},{"@type":"ListItem","position":2,"name":"Nos partenaires"}]},{"@type":"WebSite","@id":"https:\/\/ansagency.dev\/#website","url":"https:\/\/ansagency.dev\/","name":"SailingLoc - Location de bateaux et permis c\u00f4tier","description":"","publisher":{"@id":"https:\/\/ansagency.dev\/#organization"},"potentialAction":[{"@type":"SearchAction","target":{"@type":"EntryPoint","urlTemplate":"https:\/\/ansagency.dev\/?s={search_term_string}"},"query-input":{"@type":"PropertyValueSpecification","valueRequired":true,"valueName":"search_term_string"}}],"inLanguage":"en-GB"},{"@type":"Organization","@id":"https:\/\/ansagency.dev\/#organization","name":"SailingLoc","url":"https:\/\/ansagency.dev\/","logo":{"@type":"ImageObject","inLanguage":"en-GB","@id":"https:\/\/ansagency.dev\/#\/schema\/logo\/image\/","url":"https:\/\/ansagency.dev\/wp-content\/uploads\/2026\/03\/Logo-sailingloc.png","contentUrl":"https:\/\/ansagency.dev\/wp-content\/uploads\/2026\/03\/Logo-sailingloc.png","width":1415,"height":1416,"caption":"SailingLoc"},"image":{"@id":"https:\/\/ansagency.dev\/#\/schema\/logo\/image\/"},"sameAs":["https:\/\/www.instagram.com\/sailiingloc"]}]}},"_links":{"self":[{"href":"https:\/\/ansagency.dev\/en\/wp-json\/wp\/v2\/pages\/1242","targetHints":{"allow":["GET"]}}],"collection":[{"href":"https:\/\/ansagency.dev\/en\/wp-json\/wp\/v2\/pages"}],"about":[{"href":"https:\/\/ansagency.dev\/en\/wp-json\/wp\/v2\/types\/page"}],"author":[{"embeddable":true,"href":"https:\/\/ansagency.dev\/en\/wp-json\/wp\/v2\/users\/1"}],"replies":[{"embeddable":true,"href":"https:\/\/ansagency.dev\/en\/wp-json\/wp\/v2\/comments?post=1242"}],"version-history":[{"count":9,"href":"https:\/\/ansagency.dev\/en\/wp-json\/wp\/v2\/pages\/1242\/revisions"}],"predecessor-version":[{"id":1272,"href":"https:\/\/ansagency.dev\/en\/wp-json\/wp\/v2\/pages\/1242\/revisions\/1272"}],"wp:attachment":[{"href":"https:\/\/ansagency.dev\/en\/wp-json\/wp\/v2\/media?parent=1242"}],"curies":[{"name":"wp","href":"https:\/\/api.w.org\/{rel}","templated":true}]}}