{"id":218,"date":"2026-01-12T11:28:02","date_gmt":"2026-01-12T10:28:02","guid":{"rendered":"https:\/\/ansagency.dev\/?page_id=218"},"modified":"2026-04-03T15:05:57","modified_gmt":"2026-04-03T13:05:57","slug":"avis-clients","status":"publish","type":"page","link":"https:\/\/ansagency.dev\/en\/avis-clients\/","title":{"rendered":"Avis clients"},"content":{"rendered":"<h1 class=\"wp-block-heading has-text-align-center\">Votre avis compte<\/h1>\n\n\n<p><div class=\"shortcode-site-reviews-form\"><div class=\"glsr glsr-default\" id=\"glsr_mdiqprbq\" data-from=\"shortcode\" data-shortcode=\"site_reviews_form\"><div class=\"glsr-login-register\">\n    <p>You must be <a href=\"https:\/\/ansagency.dev\/wp-login.php?redirect_to=https%3A%2F%2Fansagency.dev%2Fen%2Favis-clients%2F\">logged in<\/a> to submit a review. You may also <a href=\"https:\/\/ansagency.dev\/wp-login.php?action=register\">register<\/a> for an account.<\/p>\n<\/div><\/div><\/div><br \/>\n<div class=\"shortcode-site-reviews-summary\"><div class=\"glsr glsr-default\" id=\"glsr_6rpc022p\" data-from=\"shortcode\" data-shortcode=\"site_reviews_summary\" data-hide=\"rating,bars\"><div class=\"glsr-summary-wrap\">\n    <div class=\"glsr-summary\">\n        \n        <div class=\"glsr-summary-stars\"><div class=\"glsr-star-rating glsr-stars\" role=\"img\" aria-label=\"Rated 4.8 out of 5 stars based on 6 ratings\" data-rating=\"4.8\" data-reviews=\"6\"><span class=\"glsr-star glsr-star-full\" aria-hidden=\"true\"><\/span><span class=\"glsr-star glsr-star-full\" aria-hidden=\"true\"><\/span><span class=\"glsr-star glsr-star-full\" aria-hidden=\"true\"><\/span><span class=\"glsr-star glsr-star-full\" aria-hidden=\"true\"><\/span><span class=\"glsr-star glsr-star-half\" aria-hidden=\"true\"><\/span><\/div><\/div>\n        <div class=\"glsr-summary-text\"><span class=\"glsr-tag-value\">4.8 out of 5 stars (based on 6 reviews)<\/span><\/div>\n        \n    <\/div>\n<\/div><\/div><\/div><br \/>\n<div class=\"shortcode-site-reviews\"><div class=\"glsr glsr-default\" id=\"glsr_nl16rrd9\" data-from=\"shortcode\" data-shortcode=\"site_reviews\"><div class=\"glsr-reviews-wrap\">\n    <div class=\"glsr-reviews\">\n        <div class=\"glsr-review\" data-id=\"273\" data-type=\"local\" id=\"review-273\" data-assigned='[]'>\n    <div class=\"glsr-review-title\"><h4 class=\"glsr-tag-value\">Je recommande aux propri\u00e9taires bateau<\/h4><\/div>\n    <div class=\"glsr-review-rating\"><div class=\"glsr-star-rating glsr-stars\" role=\"img\" aria-label=\"Rated 5 out of 5 stars\" data-rating=\"5\" data-reviews=\"0\"><span class=\"glsr-star glsr-star-full\" aria-hidden=\"true\"><\/span><span class=\"glsr-star glsr-star-full\" aria-hidden=\"true\"><\/span><span class=\"glsr-star glsr-star-full\" aria-hidden=\"true\"><\/span><span class=\"glsr-star glsr-star-full\" aria-hidden=\"true\"><\/span><span class=\"glsr-star glsr-star-full\" aria-hidden=\"true\"><\/span><\/div><\/div> <div class=\"glsr-review-date\"><span class=\"glsr-tag-value\">14 January 2026<\/span><\/div>\n    \n    <div class=\"glsr-review-content\"><div class=\"glsr-tag-value\" data-expanded=\"false\"><p>SailingLoc m\u2019a vraiment simplifi\u00e9 la vie en tant que propri\u00e9taire. La mise en ligne de mon voilier a \u00e9t\u00e9 rapide et intuitive, et je re\u00e7ois des demandes de location s\u00e9rieuses et fiables. Tr\u00e8s satisfait !<\/p><\/div><\/div>\n    \n    <div class=\"glsr-review-author\"><span class=\"glsr-tag-value\">Jean M<\/span><\/div>  \n    \n<\/div>\n<div class=\"glsr-review\" data-id=\"272\" data-type=\"local\" id=\"review-272\" data-assigned='[]'>\n    <div class=\"glsr-review-title\"><h4 class=\"glsr-tag-value\">Tr\u00e8s fiable<\/h4><\/div>\n    <div class=\"glsr-review-rating\"><div class=\"glsr-star-rating glsr-stars\" role=\"img\" aria-label=\"Rated 4 out of 5 stars\" data-rating=\"4\" data-reviews=\"0\"><span class=\"glsr-star glsr-star-full\" aria-hidden=\"true\"><\/span><span class=\"glsr-star glsr-star-full\" aria-hidden=\"true\"><\/span><span class=\"glsr-star glsr-star-full\" aria-hidden=\"true\"><\/span><span class=\"glsr-star glsr-star-full\" aria-hidden=\"true\"><\/span><span class=\"glsr-star glsr-star-empty\" aria-hidden=\"true\"><\/span><\/div><\/div> <div class=\"glsr-review-date\"><span class=\"glsr-tag-value\">14 January 2026<\/span><\/div>\n    \n    <div class=\"glsr-review-content\"><div class=\"glsr-tag-value\" data-expanded=\"false\"><p>Confiance totale dans cette plateforme. Les r\u00e9servations sont simples, le suivi est clair et les propri\u00e9taires sont tr\u00e8s professionnels. Une tr\u00e8s belle exp\u00e9rience de navigation gr\u00e2ce \u00e0 SailingLoc.<\/p><\/div><\/div>\n    \n    <div class=\"glsr-review-author\"><span class=\"glsr-tag-value\">Thomas G<\/span><\/div>  \n    \n<\/div>\n<div class=\"glsr-review\" data-id=\"271\" data-type=\"local\" id=\"review-271\" data-assigned='[]'>\n    <div class=\"glsr-review-title\"><h4 class=\"glsr-tag-value\">Tr\u00e8s satisfaite<\/h4><\/div>\n    <div class=\"glsr-review-rating\"><div class=\"glsr-star-rating glsr-stars\" role=\"img\" aria-label=\"Rated 5 out of 5 stars\" data-rating=\"5\" data-reviews=\"0\"><span class=\"glsr-star glsr-star-full\" aria-hidden=\"true\"><\/span><span class=\"glsr-star glsr-star-full\" aria-hidden=\"true\"><\/span><span class=\"glsr-star glsr-star-full\" aria-hidden=\"true\"><\/span><span class=\"glsr-star glsr-star-full\" aria-hidden=\"true\"><\/span><span class=\"glsr-star glsr-star-full\" aria-hidden=\"true\"><\/span><\/div><\/div> <div class=\"glsr-review-date\"><span class=\"glsr-tag-value\">14 January 2026<\/span><\/div>\n    \n    <div class=\"glsr-review-content\"><div class=\"glsr-tag-value\" data-expanded=\"false\"><p>Tr\u00e8s satisfait de mon exp\u00e9rience. Le site SailingLoc est fiable, les informations sur les bateaux sont pr\u00e9cises. Parfait pour organiser une sortie en mer sans stress.<\/p><\/div><\/div>\n    \n    <div class=\"glsr-review-author\"><span class=\"glsr-tag-value\">Am\u00e9lie P<\/span><\/div>  \n    \n<\/div>\n<div class=\"glsr-review\" data-id=\"270\" data-type=\"local\" id=\"review-270\" data-assigned='[]'>\n    <div class=\"glsr-review-title\"><h4 class=\"glsr-tag-value\">Excellent service !<\/h4><\/div>\n    <div class=\"glsr-review-rating\"><div class=\"glsr-star-rating glsr-stars\" role=\"img\" aria-label=\"Rated 5 out of 5 stars\" data-rating=\"5\" data-reviews=\"0\"><span class=\"glsr-star glsr-star-full\" aria-hidden=\"true\"><\/span><span class=\"glsr-star glsr-star-full\" aria-hidden=\"true\"><\/span><span class=\"glsr-star glsr-star-full\" aria-hidden=\"true\"><\/span><span class=\"glsr-star glsr-star-full\" aria-hidden=\"true\"><\/span><span class=\"glsr-star glsr-star-full\" aria-hidden=\"true\"><\/span><\/div><\/div> <div class=\"glsr-review-date\"><span class=\"glsr-tag-value\">14 January 2026<\/span><\/div>\n    \n    <div class=\"glsr-review-content\"><div class=\"glsr-tag-value\" data-expanded=\"false\"><p>Excellent service ! Les bateaux sont en parfait \u00e9tat et la plateforme est intuitive. J\u2019ai trouv\u00e9 facilement un bateau et tout s\u2019est pass\u00e9 sans souci. C&#8217;est parfait pour tous les passionn\u00e9s de navigation.<\/p><\/div><\/div>\n    \n    <div class=\"glsr-review-author\"><span class=\"glsr-tag-value\">Claire R<\/span><\/div>  \n    \n<\/div>\n<div class=\"glsr-review\" data-id=\"269\" data-type=\"local\" id=\"review-269\" data-assigned='[]'>\n    <div class=\"glsr-review-title\"><h4 class=\"glsr-tag-value\">Parfait<\/h4><\/div>\n    <div class=\"glsr-review-rating\"><div class=\"glsr-star-rating glsr-stars\" role=\"img\" aria-label=\"Rated 5 out of 5 stars\" data-rating=\"5\" data-reviews=\"0\"><span class=\"glsr-star glsr-star-full\" aria-hidden=\"true\"><\/span><span class=\"glsr-star glsr-star-full\" aria-hidden=\"true\"><\/span><span class=\"glsr-star glsr-star-full\" aria-hidden=\"true\"><\/span><span class=\"glsr-star glsr-star-full\" aria-hidden=\"true\"><\/span><span class=\"glsr-star glsr-star-full\" aria-hidden=\"true\"><\/span><\/div><\/div> <div class=\"glsr-review-date\"><span class=\"glsr-tag-value\">14 January 2026<\/span><\/div>\n    \n    <div class=\"glsr-review-content\"><div class=\"glsr-tag-value\" data-expanded=\"false\"><p>Service impeccable et s\u00e9rieux. La plateforme est facile \u00e0 utiliser et les bateaux propos\u00e9s correspondent parfaitement aux photos. Les \u00e9changes avec le propri\u00e9taire ont \u00e9t\u00e9 rapides et efficaces.<\/p><\/div><\/div>\n    \n    <div class=\"glsr-review-author\"><span class=\"glsr-tag-value\">Marc D<\/span><\/div>  \n    \n<\/div>\n    <\/div>\n    \n<\/div><\/div><\/div><\/p>","protected":false},"excerpt":{"rendered":"<p>Votre avis compte<\/p>","protected":false},"author":1,"featured_media":0,"parent":0,"menu_order":0,"comment_status":"closed","ping_status":"closed","template":"","meta":{"_glsr_average":0,"_glsr_ranking":0,"_glsr_reviews":0,"footnotes":""},"class_list":["post-218","page","type-page","status-publish","hentry"],"yoast_head":"<!-- This site is optimized with the Yoast SEO plugin v27.3 - https:\/\/yoast.com\/product\/yoast-seo-wordpress\/ -->\n<title>Avis clients SailingLoc<\/title>\n<meta name=\"description\" content=\"Consultez les avis sur la location de bateau avec SailingLoc. D\u00e9couvrez les retours clients et r\u00e9servez en toute confiance votre bateau.\" \/>\n<meta name=\"robots\" content=\"index, follow, max-snippet:-1, max-image-preview:large, max-video-preview:-1\" \/>\n<link rel=\"canonical\" href=\"https:\/\/ansagency.dev\/en\/avis-clients\/\" \/>\n<meta property=\"og:locale\" content=\"en_GB\" \/>\n<meta property=\"og:type\" content=\"article\" \/>\n<meta property=\"og:title\" content=\"Avis clients SailingLoc\" \/>\n<meta property=\"og:description\" content=\"Consultez les avis sur la location de bateau avec SailingLoc. D\u00e9couvrez les retours clients et r\u00e9servez en toute confiance votre bateau.\" \/>\n<meta property=\"og:url\" content=\"https:\/\/ansagency.dev\/en\/avis-clients\/\" \/>\n<meta property=\"og:site_name\" content=\"SailingLoc - Location de bateaux et permis c\u00f4tier\" \/>\n<meta property=\"article:modified_time\" content=\"2026-04-03T13:05:57+00:00\" \/>\n<meta name=\"twitter:card\" content=\"summary_large_image\" \/>\n<meta name=\"twitter:label1\" content=\"Estimated reading time\" \/>\n\t<meta name=\"twitter:data1\" content=\"1 minute\" \/>\n<script type=\"application\/ld+json\" class=\"yoast-schema-graph\">{\"@context\":\"https:\\\/\\\/schema.org\",\"@graph\":[{\"@type\":\"WebPage\",\"@id\":\"https:\\\/\\\/ansagency.dev\\\/avis-clients\\\/\",\"url\":\"https:\\\/\\\/ansagency.dev\\\/avis-clients\\\/\",\"name\":\"Avis clients SailingLoc\",\"isPartOf\":{\"@id\":\"https:\\\/\\\/ansagency.dev\\\/#website\"},\"datePublished\":\"2026-01-12T10:28:02+00:00\",\"dateModified\":\"2026-04-03T13:05:57+00:00\",\"description\":\"Consultez les avis sur la location de bateau avec SailingLoc. D\u00e9couvrez les retours clients et r\u00e9servez en toute confiance votre bateau.\",\"breadcrumb\":{\"@id\":\"https:\\\/\\\/ansagency.dev\\\/avis-clients\\\/#breadcrumb\"},\"inLanguage\":\"en-GB\",\"potentialAction\":[{\"@type\":\"ReadAction\",\"target\":[\"https:\\\/\\\/ansagency.dev\\\/avis-clients\\\/\"]}]},{\"@type\":\"BreadcrumbList\",\"@id\":\"https:\\\/\\\/ansagency.dev\\\/avis-clients\\\/#breadcrumb\",\"itemListElement\":[{\"@type\":\"ListItem\",\"position\":1,\"name\":\"Accueil\",\"item\":\"https:\\\/\\\/ansagency.dev\\\/\"},{\"@type\":\"ListItem\",\"position\":2,\"name\":\"Avis clients\"}]},{\"@type\":\"WebSite\",\"@id\":\"https:\\\/\\\/ansagency.dev\\\/#website\",\"url\":\"https:\\\/\\\/ansagency.dev\\\/\",\"name\":\"SailingLoc - Location de bateaux et permis c\u00f4tier\",\"description\":\"\",\"publisher\":{\"@id\":\"https:\\\/\\\/ansagency.dev\\\/#organization\"},\"potentialAction\":[{\"@type\":\"SearchAction\",\"target\":{\"@type\":\"EntryPoint\",\"urlTemplate\":\"https:\\\/\\\/ansagency.dev\\\/?s={search_term_string}\"},\"query-input\":{\"@type\":\"PropertyValueSpecification\",\"valueRequired\":true,\"valueName\":\"search_term_string\"}}],\"inLanguage\":\"en-GB\"},{\"@type\":\"Organization\",\"@id\":\"https:\\\/\\\/ansagency.dev\\\/#organization\",\"name\":\"SailingLoc\",\"url\":\"https:\\\/\\\/ansagency.dev\\\/\",\"logo\":{\"@type\":\"ImageObject\",\"inLanguage\":\"en-GB\",\"@id\":\"https:\\\/\\\/ansagency.dev\\\/#\\\/schema\\\/logo\\\/image\\\/\",\"url\":\"https:\\\/\\\/ansagency.dev\\\/wp-content\\\/uploads\\\/2026\\\/03\\\/Logo-sailingloc.png\",\"contentUrl\":\"https:\\\/\\\/ansagency.dev\\\/wp-content\\\/uploads\\\/2026\\\/03\\\/Logo-sailingloc.png\",\"width\":1415,\"height\":1416,\"caption\":\"SailingLoc\"},\"image\":{\"@id\":\"https:\\\/\\\/ansagency.dev\\\/#\\\/schema\\\/logo\\\/image\\\/\"},\"sameAs\":[\"https:\\\/\\\/www.instagram.com\\\/sailiingloc\"]}]}<\/script>\n<!-- \/ Yoast SEO plugin. -->","yoast_head_json":{"title":"Avis clients SailingLoc","description":"Consultez les avis sur la location de bateau avec SailingLoc. D\u00e9couvrez les retours clients et r\u00e9servez en toute confiance votre bateau.","robots":{"index":"index","follow":"follow","max-snippet":"max-snippet:-1","max-image-preview":"max-image-preview:large","max-video-preview":"max-video-preview:-1"},"canonical":"https:\/\/ansagency.dev\/en\/avis-clients\/","og_locale":"en_GB","og_type":"article","og_title":"Avis clients SailingLoc","og_description":"Consultez les avis sur la location de bateau avec SailingLoc. D\u00e9couvrez les retours clients et r\u00e9servez en toute confiance votre bateau.","og_url":"https:\/\/ansagency.dev\/en\/avis-clients\/","og_site_name":"SailingLoc - Location de bateaux et permis c\u00f4tier","article_modified_time":"2026-04-03T13:05:57+00:00","twitter_card":"summary_large_image","twitter_misc":{"Estimated reading time":"1 minute"},"schema":{"@context":"https:\/\/schema.org","@graph":[{"@type":"WebPage","@id":"https:\/\/ansagency.dev\/avis-clients\/","url":"https:\/\/ansagency.dev\/avis-clients\/","name":"Avis clients SailingLoc","isPartOf":{"@id":"https:\/\/ansagency.dev\/#website"},"datePublished":"2026-01-12T10:28:02+00:00","dateModified":"2026-04-03T13:05:57+00:00","description":"Consultez les avis sur la location de bateau avec SailingLoc. D\u00e9couvrez les retours clients et r\u00e9servez en toute confiance votre bateau.","breadcrumb":{"@id":"https:\/\/ansagency.dev\/avis-clients\/#breadcrumb"},"inLanguage":"en-GB","potentialAction":[{"@type":"ReadAction","target":["https:\/\/ansagency.dev\/avis-clients\/"]}]},{"@type":"BreadcrumbList","@id":"https:\/\/ansagency.dev\/avis-clients\/#breadcrumb","itemListElement":[{"@type":"ListItem","position":1,"name":"Accueil","item":"https:\/\/ansagency.dev\/"},{"@type":"ListItem","position":2,"name":"Avis clients"}]},{"@type":"WebSite","@id":"https:\/\/ansagency.dev\/#website","url":"https:\/\/ansagency.dev\/","name":"SailingLoc - Location de bateaux et permis c\u00f4tier","description":"","publisher":{"@id":"https:\/\/ansagency.dev\/#organization"},"potentialAction":[{"@type":"SearchAction","target":{"@type":"EntryPoint","urlTemplate":"https:\/\/ansagency.dev\/?s={search_term_string}"},"query-input":{"@type":"PropertyValueSpecification","valueRequired":true,"valueName":"search_term_string"}}],"inLanguage":"en-GB"},{"@type":"Organization","@id":"https:\/\/ansagency.dev\/#organization","name":"SailingLoc","url":"https:\/\/ansagency.dev\/","logo":{"@type":"ImageObject","inLanguage":"en-GB","@id":"https:\/\/ansagency.dev\/#\/schema\/logo\/image\/","url":"https:\/\/ansagency.dev\/wp-content\/uploads\/2026\/03\/Logo-sailingloc.png","contentUrl":"https:\/\/ansagency.dev\/wp-content\/uploads\/2026\/03\/Logo-sailingloc.png","width":1415,"height":1416,"caption":"SailingLoc"},"image":{"@id":"https:\/\/ansagency.dev\/#\/schema\/logo\/image\/"},"sameAs":["https:\/\/www.instagram.com\/sailiingloc"]}]}},"_links":{"self":[{"href":"https:\/\/ansagency.dev\/en\/wp-json\/wp\/v2\/pages\/218","targetHints":{"allow":["GET"]}}],"collection":[{"href":"https:\/\/ansagency.dev\/en\/wp-json\/wp\/v2\/pages"}],"about":[{"href":"https:\/\/ansagency.dev\/en\/wp-json\/wp\/v2\/types\/page"}],"author":[{"embeddable":true,"href":"https:\/\/ansagency.dev\/en\/wp-json\/wp\/v2\/users\/1"}],"replies":[{"embeddable":true,"href":"https:\/\/ansagency.dev\/en\/wp-json\/wp\/v2\/comments?post=218"}],"version-history":[{"count":6,"href":"https:\/\/ansagency.dev\/en\/wp-json\/wp\/v2\/pages\/218\/revisions"}],"predecessor-version":[{"id":499,"href":"https:\/\/ansagency.dev\/en\/wp-json\/wp\/v2\/pages\/218\/revisions\/499"}],"wp:attachment":[{"href":"https:\/\/ansagency.dev\/en\/wp-json\/wp\/v2\/media?parent=218"}],"curies":[{"name":"wp","href":"https:\/\/api.w.org\/{rel}","templated":true}]}}