{"id":27,"date":"2026-03-31T22:20:30","date_gmt":"2026-03-31T20:20:30","guid":{"rendered":"http:\/\/64.227.74.220\/?page_id=27"},"modified":"2026-04-03T14:02:48","modified_gmt":"2026-04-03T12:02:48","slug":"a-propos","status":"publish","type":"page","link":"https:\/\/ansagency.dev\/en\/a-propos\/","title":{"rendered":"\u00c0 propos"},"content":{"rendered":"<p class=\"has-medium-font-size\">SailingLoc a \u00e9t\u00e9 cr\u00e9\u00e9 en 2005 par Monsieur Voisin sur le port de Dieppe. Passionn\u00e9 par la mer et attach\u00e9 \u00e0 la protection de l\u2019environnement, il a d\u2019abord orient\u00e9 l\u2019activit\u00e9 vers la formation au permis c\u00f4tier et la sensibilisation \u00e0 la pr\u00e9servation du milieu marin.<\/p>\n\n\n\n<p class=\"has-medium-font-size\">Avec le temps, l\u2019entreprise a d\u00e9cid\u00e9 d\u2019\u00e9largir son activit\u00e9 vers la location de bateaux, tout en restant fid\u00e8le \u00e0 ses valeurs : respect de l\u2019environnement, qualit\u00e9 de service et proximit\u00e9 avec les utilisateurs. SailingLoc souhaite \u00e9galement renforcer son engagement en mati\u00e8re de responsabilit\u00e9 soci\u00e9tale, afin de concilier d\u00e9veloppement \u00e9conomique et impact positif sur l\u2019\u00e9cosyst\u00e8me.<\/p>\n\n\n\n<p><\/p>","protected":false},"excerpt":{"rendered":"<p>SailingLoc a \u00e9t\u00e9 cr\u00e9\u00e9 en 2005 par Monsieur Voisin sur le port de Dieppe. Passionn\u00e9 par la mer et attach\u00e9 \u00e0 la protection de l\u2019environnement, il a d\u2019abord orient\u00e9 l\u2019activit\u00e9 vers la formation au permis c\u00f4tier et la sensibilisation \u00e0 la pr\u00e9servation du milieu marin. Avec le temps, l\u2019entreprise a d\u00e9cid\u00e9 d\u2019\u00e9largir son activit\u00e9 vers [&hellip;]<\/p>\n","protected":false},"author":1,"featured_media":0,"parent":0,"menu_order":0,"comment_status":"closed","ping_status":"closed","template":"","meta":{"_glsr_average":0,"_glsr_ranking":0,"_glsr_reviews":0,"footnotes":""},"class_list":["post-27","page","type-page","status-publish","hentry"],"yoast_head":"<!-- This site is optimized with the Yoast SEO plugin v27.3 - https:\/\/yoast.com\/product\/yoast-seo-wordpress\/ -->\n<title>\u00c0 propos de SailingLoc<\/title>\n<meta name=\"description\" content=\"D\u00e9couvrez SailingLoc, sp\u00e9cialiste de la location de bateaux entre particuliers et permis c\u00f4tier. Expertise et s\u00e9curit\u00e9 garanties.\" \/>\n<meta name=\"robots\" content=\"index, follow, max-snippet:-1, max-image-preview:large, max-video-preview:-1\" \/>\n<link rel=\"canonical\" href=\"https:\/\/ansagency.dev\/en\/a-propos\/\" \/>\n<meta property=\"og:locale\" content=\"en_GB\" \/>\n<meta property=\"og:type\" content=\"article\" \/>\n<meta property=\"og:title\" content=\"\u00c0 propos de SailingLoc\" \/>\n<meta property=\"og:description\" content=\"D\u00e9couvrez SailingLoc, sp\u00e9cialiste de la location de bateaux entre particuliers et permis c\u00f4tier. Expertise et s\u00e9curit\u00e9 garanties.\" \/>\n<meta property=\"og:url\" content=\"https:\/\/ansagency.dev\/en\/a-propos\/\" \/>\n<meta property=\"og:site_name\" content=\"SailingLoc - Location de bateaux et permis c\u00f4tier\" \/>\n<meta property=\"article:modified_time\" content=\"2026-04-03T12:02:48+00:00\" \/>\n<meta name=\"twitter:card\" content=\"summary_large_image\" \/>\n<meta name=\"twitter:label1\" content=\"Estimated reading time\" \/>\n\t<meta name=\"twitter:data1\" content=\"1 minute\" \/>\n<script type=\"application\/ld+json\" class=\"yoast-schema-graph\">{\"@context\":\"https:\\\/\\\/schema.org\",\"@graph\":[{\"@type\":\"WebPage\",\"@id\":\"https:\\\/\\\/ansagency.dev\\\/a-propos\\\/\",\"url\":\"https:\\\/\\\/ansagency.dev\\\/a-propos\\\/\",\"name\":\"\u00c0 propos de SailingLoc\",\"isPartOf\":{\"@id\":\"https:\\\/\\\/ansagency.dev\\\/#website\"},\"datePublished\":\"2026-03-31T20:20:30+00:00\",\"dateModified\":\"2026-04-03T12:02:48+00:00\",\"description\":\"D\u00e9couvrez SailingLoc, sp\u00e9cialiste de la location de bateaux entre particuliers et permis c\u00f4tier. Expertise et s\u00e9curit\u00e9 garanties.\",\"breadcrumb\":{\"@id\":\"https:\\\/\\\/ansagency.dev\\\/a-propos\\\/#breadcrumb\"},\"inLanguage\":\"en-GB\",\"potentialAction\":[{\"@type\":\"ReadAction\",\"target\":[\"https:\\\/\\\/ansagency.dev\\\/a-propos\\\/\"]}]},{\"@type\":\"BreadcrumbList\",\"@id\":\"https:\\\/\\\/ansagency.dev\\\/a-propos\\\/#breadcrumb\",\"itemListElement\":[{\"@type\":\"ListItem\",\"position\":1,\"name\":\"Accueil\",\"item\":\"https:\\\/\\\/ansagency.dev\\\/\"},{\"@type\":\"ListItem\",\"position\":2,\"name\":\"\u00c0 propos\"}]},{\"@type\":\"WebSite\",\"@id\":\"https:\\\/\\\/ansagency.dev\\\/#website\",\"url\":\"https:\\\/\\\/ansagency.dev\\\/\",\"name\":\"SailingLoc - Location de bateaux et permis c\u00f4tier\",\"description\":\"\",\"publisher\":{\"@id\":\"https:\\\/\\\/ansagency.dev\\\/#organization\"},\"potentialAction\":[{\"@type\":\"SearchAction\",\"target\":{\"@type\":\"EntryPoint\",\"urlTemplate\":\"https:\\\/\\\/ansagency.dev\\\/?s={search_term_string}\"},\"query-input\":{\"@type\":\"PropertyValueSpecification\",\"valueRequired\":true,\"valueName\":\"search_term_string\"}}],\"inLanguage\":\"en-GB\"},{\"@type\":\"Organization\",\"@id\":\"https:\\\/\\\/ansagency.dev\\\/#organization\",\"name\":\"SailingLoc\",\"url\":\"https:\\\/\\\/ansagency.dev\\\/\",\"logo\":{\"@type\":\"ImageObject\",\"inLanguage\":\"en-GB\",\"@id\":\"https:\\\/\\\/ansagency.dev\\\/#\\\/schema\\\/logo\\\/image\\\/\",\"url\":\"https:\\\/\\\/ansagency.dev\\\/wp-content\\\/uploads\\\/2026\\\/03\\\/Logo-sailingloc.png\",\"contentUrl\":\"https:\\\/\\\/ansagency.dev\\\/wp-content\\\/uploads\\\/2026\\\/03\\\/Logo-sailingloc.png\",\"width\":1415,\"height\":1416,\"caption\":\"SailingLoc\"},\"image\":{\"@id\":\"https:\\\/\\\/ansagency.dev\\\/#\\\/schema\\\/logo\\\/image\\\/\"},\"sameAs\":[\"https:\\\/\\\/www.instagram.com\\\/sailiingloc\"]}]}<\/script>\n<!-- \/ Yoast SEO plugin. -->","yoast_head_json":{"title":"\u00c0 propos de SailingLoc","description":"D\u00e9couvrez SailingLoc, sp\u00e9cialiste de la location de bateaux entre particuliers et permis c\u00f4tier. Expertise et s\u00e9curit\u00e9 garanties.","robots":{"index":"index","follow":"follow","max-snippet":"max-snippet:-1","max-image-preview":"max-image-preview:large","max-video-preview":"max-video-preview:-1"},"canonical":"https:\/\/ansagency.dev\/en\/a-propos\/","og_locale":"en_GB","og_type":"article","og_title":"\u00c0 propos de SailingLoc","og_description":"D\u00e9couvrez SailingLoc, sp\u00e9cialiste de la location de bateaux entre particuliers et permis c\u00f4tier. Expertise et s\u00e9curit\u00e9 garanties.","og_url":"https:\/\/ansagency.dev\/en\/a-propos\/","og_site_name":"SailingLoc - Location de bateaux et permis c\u00f4tier","article_modified_time":"2026-04-03T12:02:48+00:00","twitter_card":"summary_large_image","twitter_misc":{"Estimated reading time":"1 minute"},"schema":{"@context":"https:\/\/schema.org","@graph":[{"@type":"WebPage","@id":"https:\/\/ansagency.dev\/a-propos\/","url":"https:\/\/ansagency.dev\/a-propos\/","name":"\u00c0 propos de SailingLoc","isPartOf":{"@id":"https:\/\/ansagency.dev\/#website"},"datePublished":"2026-03-31T20:20:30+00:00","dateModified":"2026-04-03T12:02:48+00:00","description":"D\u00e9couvrez SailingLoc, sp\u00e9cialiste de la location de bateaux entre particuliers et permis c\u00f4tier. Expertise et s\u00e9curit\u00e9 garanties.","breadcrumb":{"@id":"https:\/\/ansagency.dev\/a-propos\/#breadcrumb"},"inLanguage":"en-GB","potentialAction":[{"@type":"ReadAction","target":["https:\/\/ansagency.dev\/a-propos\/"]}]},{"@type":"BreadcrumbList","@id":"https:\/\/ansagency.dev\/a-propos\/#breadcrumb","itemListElement":[{"@type":"ListItem","position":1,"name":"Accueil","item":"https:\/\/ansagency.dev\/"},{"@type":"ListItem","position":2,"name":"\u00c0 propos"}]},{"@type":"WebSite","@id":"https:\/\/ansagency.dev\/#website","url":"https:\/\/ansagency.dev\/","name":"SailingLoc - Location de bateaux et permis c\u00f4tier","description":"","publisher":{"@id":"https:\/\/ansagency.dev\/#organization"},"potentialAction":[{"@type":"SearchAction","target":{"@type":"EntryPoint","urlTemplate":"https:\/\/ansagency.dev\/?s={search_term_string}"},"query-input":{"@type":"PropertyValueSpecification","valueRequired":true,"valueName":"search_term_string"}}],"inLanguage":"en-GB"},{"@type":"Organization","@id":"https:\/\/ansagency.dev\/#organization","name":"SailingLoc","url":"https:\/\/ansagency.dev\/","logo":{"@type":"ImageObject","inLanguage":"en-GB","@id":"https:\/\/ansagency.dev\/#\/schema\/logo\/image\/","url":"https:\/\/ansagency.dev\/wp-content\/uploads\/2026\/03\/Logo-sailingloc.png","contentUrl":"https:\/\/ansagency.dev\/wp-content\/uploads\/2026\/03\/Logo-sailingloc.png","width":1415,"height":1416,"caption":"SailingLoc"},"image":{"@id":"https:\/\/ansagency.dev\/#\/schema\/logo\/image\/"},"sameAs":["https:\/\/www.instagram.com\/sailiingloc"]}]}},"_links":{"self":[{"href":"https:\/\/ansagency.dev\/en\/wp-json\/wp\/v2\/pages\/27","targetHints":{"allow":["GET"]}}],"collection":[{"href":"https:\/\/ansagency.dev\/en\/wp-json\/wp\/v2\/pages"}],"about":[{"href":"https:\/\/ansagency.dev\/en\/wp-json\/wp\/v2\/types\/page"}],"author":[{"embeddable":true,"href":"https:\/\/ansagency.dev\/en\/wp-json\/wp\/v2\/users\/1"}],"replies":[{"embeddable":true,"href":"https:\/\/ansagency.dev\/en\/wp-json\/wp\/v2\/comments?post=27"}],"version-history":[{"count":2,"href":"https:\/\/ansagency.dev\/en\/wp-json\/wp\/v2\/pages\/27\/revisions"}],"predecessor-version":[{"id":33,"href":"https:\/\/ansagency.dev\/en\/wp-json\/wp\/v2\/pages\/27\/revisions\/33"}],"wp:attachment":[{"href":"https:\/\/ansagency.dev\/en\/wp-json\/wp\/v2\/media?parent=27"}],"curies":[{"name":"wp","href":"https:\/\/api.w.org\/{rel}","templated":true}]}}