{"id":389,"date":"2026-03-24T15:00:03","date_gmt":"2026-03-24T14:00:03","guid":{"rendered":"https:\/\/ansagency.dev\/?page_id=389"},"modified":"2026-04-03T15:01:20","modified_gmt":"2026-04-03T13:01:20","slug":"top-destinations","status":"publish","type":"page","link":"https:\/\/ansagency.dev\/en\/top-destinations\/","title":{"rendered":"Top destinations"},"content":{"rendered":"<section class=\"destinations\">\n<h2> Embarquer vers de magnigfiques destinations<\/h2>\n\n <div class=\"destinations-scroll\">\n\n     <a href=\"https:\/\/ansagency.dev\/en\/destination\/marseille\/\" class=\"destination-card big\">\n        <img decoding=\"async\" src=\"https:\/\/ansagency.dev\/wp-content\/uploads\/2026\/01\/image-marseille.png\" alt=\"Marseille\">\n         <div class=\"destination-name\">Marseille<\/div>\n        <\/a>\n\n\n     <a href=\"https:\/\/ansagency.dev\/en\/destination\/dieppe\/\" class=\"destination-card\">\n        <img decoding=\"async\" src=\"https:\/\/ansagency.dev\/wp-content\/uploads\/2026\/01\/image-dieppe.png\" alt=\"Dieppe\">\n        <div class=\"destination-name\">Dieppe<\/div>\n        <\/a>\n\n\n    <a href=\"https:\/\/ansagency.dev\/en\/destination\/nice\/\" class=\"destination-card tall\">\n        <img decoding=\"async\" src=\"https:\/\/ansagency.dev\/wp-content\/uploads\/2026\/01\/image-nice.png\" alt=\"Nice\">\n     <div class=\"destination-name\">Nice<\/div>\n        <\/a>\n\n        <\/div>\n<\/section>\n\n\n\n<p><\/p>","protected":false},"excerpt":{"rendered":"<p>Embarquer vers de magnigfiques destinations Marseille Dieppe Nice<\/p>","protected":false},"author":1,"featured_media":0,"parent":0,"menu_order":0,"comment_status":"closed","ping_status":"closed","template":"","meta":{"_glsr_average":0,"_glsr_ranking":0,"_glsr_reviews":0,"footnotes":""},"class_list":["post-389","page","type-page","status-publish","hentry"],"yoast_head":"<!-- This site is optimized with the Yoast SEO plugin v27.3 - https:\/\/yoast.com\/product\/yoast-seo-wordpress\/ -->\n<title>Louer un bateau dans de magnifiques destinations<\/title>\n<meta name=\"description\" content=\"D\u00e9couvrez nos bateaux \u00e0 louer sur la dans de magnifiques destinations Naviguez en toute libert\u00e9 et profitez d&#039;une aventure inoubliables.\" \/>\n<meta name=\"robots\" content=\"index, follow, max-snippet:-1, max-image-preview:large, max-video-preview:-1\" \/>\n<link rel=\"canonical\" href=\"https:\/\/ansagency.dev\/en\/top-destinations\/\" \/>\n<meta property=\"og:locale\" content=\"en_GB\" \/>\n<meta property=\"og:type\" content=\"article\" \/>\n<meta property=\"og:title\" content=\"Louer un bateau dans de magnifiques destinations\" \/>\n<meta property=\"og:description\" content=\"D\u00e9couvrez nos bateaux \u00e0 louer sur la dans de magnifiques destinations Naviguez en toute libert\u00e9 et profitez d&#039;une aventure inoubliables.\" \/>\n<meta property=\"og:url\" content=\"https:\/\/ansagency.dev\/en\/top-destinations\/\" \/>\n<meta property=\"og:site_name\" content=\"SailingLoc - Location de bateaux et permis c\u00f4tier\" \/>\n<meta property=\"article:modified_time\" content=\"2026-04-03T13:01:20+00:00\" \/>\n<meta property=\"og:image\" content=\"https:\/\/ansagency.dev\/wp-content\/uploads\/2026\/01\/image-marseille.png\" \/>\n<meta name=\"twitter:card\" content=\"summary_large_image\" \/>\n<meta name=\"twitter:label1\" content=\"Estimated reading time\" \/>\n\t<meta name=\"twitter:data1\" content=\"1 minute\" \/>\n<script type=\"application\/ld+json\" class=\"yoast-schema-graph\">{\"@context\":\"https:\\\/\\\/schema.org\",\"@graph\":[{\"@type\":\"WebPage\",\"@id\":\"https:\\\/\\\/ansagency.dev\\\/top-destinations\\\/\",\"url\":\"https:\\\/\\\/ansagency.dev\\\/top-destinations\\\/\",\"name\":\"Louer un bateau dans de magnifiques destinations\",\"isPartOf\":{\"@id\":\"https:\\\/\\\/ansagency.dev\\\/#website\"},\"primaryImageOfPage\":{\"@id\":\"https:\\\/\\\/ansagency.dev\\\/top-destinations\\\/#primaryimage\"},\"image\":{\"@id\":\"https:\\\/\\\/ansagency.dev\\\/top-destinations\\\/#primaryimage\"},\"thumbnailUrl\":\"https:\\\/\\\/ansagency.dev\\\/wp-content\\\/uploads\\\/2026\\\/01\\\/image-marseille.png\",\"datePublished\":\"2026-03-24T14:00:03+00:00\",\"dateModified\":\"2026-04-03T13:01:20+00:00\",\"description\":\"D\u00e9couvrez nos bateaux \u00e0 louer sur la dans de magnifiques destinations Naviguez en toute libert\u00e9 et profitez d'une aventure inoubliables.\",\"breadcrumb\":{\"@id\":\"https:\\\/\\\/ansagency.dev\\\/top-destinations\\\/#breadcrumb\"},\"inLanguage\":\"en-GB\",\"potentialAction\":[{\"@type\":\"ReadAction\",\"target\":[\"https:\\\/\\\/ansagency.dev\\\/top-destinations\\\/\"]}]},{\"@type\":\"ImageObject\",\"inLanguage\":\"en-GB\",\"@id\":\"https:\\\/\\\/ansagency.dev\\\/top-destinations\\\/#primaryimage\",\"url\":\"https:\\\/\\\/ansagency.dev\\\/wp-content\\\/uploads\\\/2026\\\/01\\\/image-marseille.png\",\"contentUrl\":\"https:\\\/\\\/ansagency.dev\\\/wp-content\\\/uploads\\\/2026\\\/01\\\/image-marseille.png\"},{\"@type\":\"BreadcrumbList\",\"@id\":\"https:\\\/\\\/ansagency.dev\\\/top-destinations\\\/#breadcrumb\",\"itemListElement\":[{\"@type\":\"ListItem\",\"position\":1,\"name\":\"Accueil\",\"item\":\"https:\\\/\\\/ansagency.dev\\\/\"},{\"@type\":\"ListItem\",\"position\":2,\"name\":\"Top destinations\"}]},{\"@type\":\"WebSite\",\"@id\":\"https:\\\/\\\/ansagency.dev\\\/#website\",\"url\":\"https:\\\/\\\/ansagency.dev\\\/\",\"name\":\"SailingLoc - Location de bateaux et permis c\u00f4tier\",\"description\":\"\",\"publisher\":{\"@id\":\"https:\\\/\\\/ansagency.dev\\\/#organization\"},\"potentialAction\":[{\"@type\":\"SearchAction\",\"target\":{\"@type\":\"EntryPoint\",\"urlTemplate\":\"https:\\\/\\\/ansagency.dev\\\/?s={search_term_string}\"},\"query-input\":{\"@type\":\"PropertyValueSpecification\",\"valueRequired\":true,\"valueName\":\"search_term_string\"}}],\"inLanguage\":\"en-GB\"},{\"@type\":\"Organization\",\"@id\":\"https:\\\/\\\/ansagency.dev\\\/#organization\",\"name\":\"SailingLoc\",\"url\":\"https:\\\/\\\/ansagency.dev\\\/\",\"logo\":{\"@type\":\"ImageObject\",\"inLanguage\":\"en-GB\",\"@id\":\"https:\\\/\\\/ansagency.dev\\\/#\\\/schema\\\/logo\\\/image\\\/\",\"url\":\"https:\\\/\\\/ansagency.dev\\\/wp-content\\\/uploads\\\/2026\\\/03\\\/Logo-sailingloc.png\",\"contentUrl\":\"https:\\\/\\\/ansagency.dev\\\/wp-content\\\/uploads\\\/2026\\\/03\\\/Logo-sailingloc.png\",\"width\":1415,\"height\":1416,\"caption\":\"SailingLoc\"},\"image\":{\"@id\":\"https:\\\/\\\/ansagency.dev\\\/#\\\/schema\\\/logo\\\/image\\\/\"},\"sameAs\":[\"https:\\\/\\\/www.instagram.com\\\/sailiingloc\"]}]}<\/script>\n<!-- \/ Yoast SEO plugin. -->","yoast_head_json":{"title":"Louer un bateau dans de magnifiques destinations","description":"D\u00e9couvrez nos bateaux \u00e0 louer sur la dans de magnifiques destinations Naviguez en toute libert\u00e9 et profitez d'une aventure inoubliables.","robots":{"index":"index","follow":"follow","max-snippet":"max-snippet:-1","max-image-preview":"max-image-preview:large","max-video-preview":"max-video-preview:-1"},"canonical":"https:\/\/ansagency.dev\/en\/top-destinations\/","og_locale":"en_GB","og_type":"article","og_title":"Louer un bateau dans de magnifiques destinations","og_description":"D\u00e9couvrez nos bateaux \u00e0 louer sur la dans de magnifiques destinations Naviguez en toute libert\u00e9 et profitez d'une aventure inoubliables.","og_url":"https:\/\/ansagency.dev\/en\/top-destinations\/","og_site_name":"SailingLoc - Location de bateaux et permis c\u00f4tier","article_modified_time":"2026-04-03T13:01:20+00:00","og_image":[{"url":"https:\/\/ansagency.dev\/wp-content\/uploads\/2026\/01\/image-marseille.png","type":"","width":"","height":""}],"twitter_card":"summary_large_image","twitter_misc":{"Estimated reading time":"1 minute"},"schema":{"@context":"https:\/\/schema.org","@graph":[{"@type":"WebPage","@id":"https:\/\/ansagency.dev\/top-destinations\/","url":"https:\/\/ansagency.dev\/top-destinations\/","name":"Louer un bateau dans de magnifiques destinations","isPartOf":{"@id":"https:\/\/ansagency.dev\/#website"},"primaryImageOfPage":{"@id":"https:\/\/ansagency.dev\/top-destinations\/#primaryimage"},"image":{"@id":"https:\/\/ansagency.dev\/top-destinations\/#primaryimage"},"thumbnailUrl":"https:\/\/ansagency.dev\/wp-content\/uploads\/2026\/01\/image-marseille.png","datePublished":"2026-03-24T14:00:03+00:00","dateModified":"2026-04-03T13:01:20+00:00","description":"D\u00e9couvrez nos bateaux \u00e0 louer sur la dans de magnifiques destinations Naviguez en toute libert\u00e9 et profitez d'une aventure inoubliables.","breadcrumb":{"@id":"https:\/\/ansagency.dev\/top-destinations\/#breadcrumb"},"inLanguage":"en-GB","potentialAction":[{"@type":"ReadAction","target":["https:\/\/ansagency.dev\/top-destinations\/"]}]},{"@type":"ImageObject","inLanguage":"en-GB","@id":"https:\/\/ansagency.dev\/top-destinations\/#primaryimage","url":"https:\/\/ansagency.dev\/wp-content\/uploads\/2026\/01\/image-marseille.png","contentUrl":"https:\/\/ansagency.dev\/wp-content\/uploads\/2026\/01\/image-marseille.png"},{"@type":"BreadcrumbList","@id":"https:\/\/ansagency.dev\/top-destinations\/#breadcrumb","itemListElement":[{"@type":"ListItem","position":1,"name":"Accueil","item":"https:\/\/ansagency.dev\/"},{"@type":"ListItem","position":2,"name":"Top destinations"}]},{"@type":"WebSite","@id":"https:\/\/ansagency.dev\/#website","url":"https:\/\/ansagency.dev\/","name":"SailingLoc - Location de bateaux et permis c\u00f4tier","description":"","publisher":{"@id":"https:\/\/ansagency.dev\/#organization"},"potentialAction":[{"@type":"SearchAction","target":{"@type":"EntryPoint","urlTemplate":"https:\/\/ansagency.dev\/?s={search_term_string}"},"query-input":{"@type":"PropertyValueSpecification","valueRequired":true,"valueName":"search_term_string"}}],"inLanguage":"en-GB"},{"@type":"Organization","@id":"https:\/\/ansagency.dev\/#organization","name":"SailingLoc","url":"https:\/\/ansagency.dev\/","logo":{"@type":"ImageObject","inLanguage":"en-GB","@id":"https:\/\/ansagency.dev\/#\/schema\/logo\/image\/","url":"https:\/\/ansagency.dev\/wp-content\/uploads\/2026\/03\/Logo-sailingloc.png","contentUrl":"https:\/\/ansagency.dev\/wp-content\/uploads\/2026\/03\/Logo-sailingloc.png","width":1415,"height":1416,"caption":"SailingLoc"},"image":{"@id":"https:\/\/ansagency.dev\/#\/schema\/logo\/image\/"},"sameAs":["https:\/\/www.instagram.com\/sailiingloc"]}]}},"_links":{"self":[{"href":"https:\/\/ansagency.dev\/en\/wp-json\/wp\/v2\/pages\/389","targetHints":{"allow":["GET"]}}],"collection":[{"href":"https:\/\/ansagency.dev\/en\/wp-json\/wp\/v2\/pages"}],"about":[{"href":"https:\/\/ansagency.dev\/en\/wp-json\/wp\/v2\/types\/page"}],"author":[{"embeddable":true,"href":"https:\/\/ansagency.dev\/en\/wp-json\/wp\/v2\/users\/1"}],"replies":[{"embeddable":true,"href":"https:\/\/ansagency.dev\/en\/wp-json\/wp\/v2\/comments?post=389"}],"version-history":[{"count":5,"href":"https:\/\/ansagency.dev\/en\/wp-json\/wp\/v2\/pages\/389\/revisions"}],"predecessor-version":[{"id":398,"href":"https:\/\/ansagency.dev\/en\/wp-json\/wp\/v2\/pages\/389\/revisions\/398"}],"wp:attachment":[{"href":"https:\/\/ansagency.dev\/en\/wp-json\/wp\/v2\/media?parent=389"}],"curies":[{"name":"wp","href":"https:\/\/api.w.org\/{rel}","templated":true}]}}