{"id":42,"date":"2025-12-11T17:43:08","date_gmt":"2025-12-11T16:43:08","guid":{"rendered":"http:\/\/64.227.74.220\/index.php\/panier\/"},"modified":"2026-04-14T19:12:42","modified_gmt":"2026-04-14T17:12:42","slug":"panier","status":"publish","type":"page","link":"https:\/\/ansagency.dev\/en\/panier\/","title":{"rendered":"R\u00e9servation"},"content":{"rendered":"\n<h2 class=\"wp-block-heading has-text-align-center\">Votre r\u00e9servation<\/h2>\n\n\n\n<a href=\"javascript:history.back()\" class=\"btn-retour\">\u2190 Retour<\/a>\n\n\n\n<div class=\"sailingloc-steps\">\n    <div class=\"step\">\n        <div class=\"circle\">1<\/div>\n        <div class=\"label\">V\u00e9rification<\/div>\n    <\/div>\n\n    <div class=\"line\"><\/div>\n\n    <div class=\"step\">\n        <div class=\"circle\">2<\/div>\n        <div class=\"label\">Identification<\/div>\n    <\/div>\n\n    <div class=\"line\"><\/div>\n\n    <div class=\"step\">\n        <div class=\"circle\">3<\/div>\n        <div class=\"label\">Validation<\/div>\n    <\/div>\n<\/div>\n<div class=\"step active\">\n\n\n\n<div data-block-name=\"woocommerce\/cart\" class=\"wp-block-woocommerce-cart alignwide is-loading\">\n<div data-block-name=\"woocommerce\/filled-cart-block\" class=\"wp-block-woocommerce-filled-cart-block \/* =====Grille produits ==== *\/ .woocommerce ul.products {  display: flex; flex-wrap: wrap; gap: 14px; justify-content: center; } Carte produit li.product border-radius: 12px; overflow: hidden; box-shadow: 0 4px 15px rgba(0,0,0,0.1); transition: transform 0.3s, box-shadow 0.3s; \twidth: calc(25% - 15px); margin: !important; \tdisplay: flex-direction: column; Hover li.product:hover transform: translateY(-5px); 8px 20px rgba(0,0,0,0.15); Image img width: 100%; border-bottom: 1px solid #ddd; \t height: 200px; object-fit: cover; Titre h2.woocommerce-loop-product__title font-size: 18px; 10px 5px; color: #333; A partir de .price::before content: &quot;\u00c0 &quot;; 13px; #888; font-weight: 400; margin-bottom: 5px ; padding: .boat-attributes 8px; 10px; .attr align-items: 4px; 500; background: #f1f3f8; #3b4c82; Prix .price block; 700; Bouton a.button auto 15px; background-color: #fff 600; text-decoration: none; background Texte bouton personnalis\u00e9 0; a.button::after &quot;Voir le bateau&quot;; a.button:hover #2c3a70; \u00c9TOILES .star-rating \tcolor: #faca15; Cache \u00e9toiles les visuelles span Ajoute \u2b50 .star-rating::before &quot;\u2b50&quot;; Style la note .star-rating::after &quot; attr(data-rating); 600 #333 #1a1a1a; margin-left: 20px; 6px; , .price, .boat-attributes, .star-rating, padding-left: padding-right: R\u00e9duire espace sous titre 0px Supprimer au-dessus des attributs .product-attributes margin-top: Responsive*\/ @media (max-width: 1200px){ li.product{ calc(33.33% 14px); 900px){ calc(50% 10px); 500px){ S\u2019assurer que conteneur parent permet centrage .woocommerce-page .site-main, .content-area, .wrap max-width: 1280px; auto; centre contenu pro sur mobile*\/ body.woocommerce-page overflow-x: 100%\">\n<div data-block-name=\"woocommerce\/cart-items-block\" class=\"wp-block-woocommerce-cart-items-block\">\n<div data-block-name=\"woocommerce\/cart-line-items-block\" class=\"wp-block-woocommerce-cart-line-items-block\"><\/div>\n\n\n<\/div>\n\n\n\n<div data-block-name=\"woocommerce\/cart-totals-block\" class=\"wp-block-woocommerce-cart-totals-block\">\n<div data-block-name=\"woocommerce\/cart-order-summary-block\" class=\"wp-block-woocommerce-cart-order-summary-block\">\n<div data-block-name=\"woocommerce\/cart-order-summary-heading-block\" data-content=\"Total\" class=\"wp-block-woocommerce-cart-order-summary-heading-block\"><\/div>\n\n\n\n<div data-block-name=\"woocommerce\/cart-order-summary-coupon-form-block\" class=\"wp-block-woocommerce-cart-order-summary-coupon-form-block\"><\/div>\n\n\n\n<div data-block-name=\"woocommerce\/cart-order-summary-totals-block\" class=\"wp-block-woocommerce-cart-order-summary-totals-block\">\n<div data-block-name=\"woocommerce\/cart-order-summary-subtotal-block\" class=\"wp-block-woocommerce-cart-order-summary-subtotal-block\"><\/div>\n\n\n\n<div data-block-name=\"woocommerce\/cart-order-summary-fee-block\" class=\"wp-block-woocommerce-cart-order-summary-fee-block\"><\/div>\n\n\n\n<div data-block-name=\"woocommerce\/cart-order-summary-discount-block\" class=\"wp-block-woocommerce-cart-order-summary-discount-block\"><\/div>\n\n\n\n<div data-block-name=\"woocommerce\/cart-order-summary-shipping-block\" class=\"wp-block-woocommerce-cart-order-summary-shipping-block\"><\/div>\n\n\n\n<div data-block-name=\"woocommerce\/cart-order-summary-taxes-block\" class=\"wp-block-woocommerce-cart-order-summary-taxes-block\"><\/div>\n<\/div>\n<\/div>\n\n\n<div data-lock=\"{&quot;remove&quot;:true}\" data-ppcp-id=\"ppcp-f4742f05-8fbb-4260-b877-a4af66100713\" data-block-name=\"woocommerce-paypal-payments\/cart-paylater-messages\" data-pp-placement=\"cart\" data-pp-style-layout=\"text\" data-pp-style-logo-position=\"\" data-pp-style-logo-type=\"\" data-pp-style-text-color=\"\" data-pp-style-text-size=\"\" id=\"ppcp-f4742f05-8fbb-4260-b877-a4af66100713\" class=\"ppcp-messages\" data-partner-attribution-id=\"Woo_PPCP\"><\/div>\n\n\n<div data-block-name=\"woocommerce\/cart-express-payment-block\" class=\"wp-block-woocommerce-cart-express-payment-block\"><\/div>\n\n\n\n<div data-block-name=\"woocommerce\/proceed-to-checkout-block\" data-button-label=\"Valider la r\u00e9servation\" class=\"wp-block-woocommerce-proceed-to-checkout-block\"><\/div>\n<div id=\"ppcp-recaptcha-v2-container\" style=\"margin:20px 0;\"><\/div>\n\n\n<div data-block-name=\"woocommerce\/cart-accepted-payment-methods-block\" class=\"wp-block-woocommerce-cart-accepted-payment-methods-block\"><\/div>\n<\/div>\n<\/div>\n\n\n\n<div data-block-name=\"woocommerce\/empty-cart-block\" class=\"wp-block-woocommerce-empty-cart-block\">\n<h2 class=\"wp-block-heading has-text-align-center with-empty-cart-icon wc-block-cart__empty-cart__title\">Votre panier est actuellement vide&nbsp;!<\/h2>\n\n\n\n<hr class=\"wp-block-separator has-alpha-channel-opacity is-style-dots\"\/>\n\n\n\n<h2 class=\"wp-block-heading has-text-align-center\">Nouveau dans la boutique<\/h2>\n\n\n<div data-block-name=\"woocommerce\/product-new\" data-columns=\"4\" data-rows=\"1\" data-stock-status=\"[&quot;&quot;,&quot;instock&quot;,&quot;outofstock&quot;,&quot;onbackorder&quot;]\" class=\"wc-block-grid wp-block-product-new wp-block-woocommerce-product-new wc-block-product-new has-4-columns \/* =====Grille produits ==== *\/ .woocommerce ul.products {     display: flex;     flex-wrap: wrap;     gap: 14px;     justify-content: center; }  \/* Carte produit *\/ .woocommerce ul.products li.product {     border-radius: 12px;     overflow: hidden;     box-shadow: 0 4px 15px rgba(0,0,0,0.1);     transition: transform 0.3s, box-shadow 0.3s; \twidth: calc(25% - 15px);     margin: 0 !important; \tdisplay: flex;     flex-direction: column; }  \/* Hover *\/ .woocommerce ul.products li.product:hover {     transform: translateY(-5px);     box-shadow: 0 8px 20px rgba(0,0,0,0.15); }  \/* Image *\/ .woocommerce ul.products li.product img {     width: 100%;     border-bottom: 1px solid #ddd; \t  height: 200px;     object-fit: cover; }  \/* Titre *\/ .woocommerce ul.products li.product h2.woocommerce-loop-product__title {     font-size: 18px;     margin: 10px 5px;     color: #333; }  \/* A partir de *\/ .woocommerce ul.products li.product .price::before {     content: &quot;\u00c0 partir de &quot;;     font-size: 13px;     color: #888;     font-weight: 400;     margin-bottom: 5px ; \t  padding: 5px; }  .boat-attributes {     display: flex;     gap: 8px;     flex-wrap: wrap;     margin: 8px 0 10px; }  .boat-attributes .attr {     display: flex;     align-items: center;     gap: 4px;      font-size: 12px;     font-weight: 500;      background: #f1f3f8;     color: #3b4c82;      padding: 5px 5px;     border-radius: 8px; }  \/* Prix *\/ .woocommerce ul.products li.product .price {     display: block;     margin: 5px 0 10px;     font-weight: 700; \t    font-size: 18px;     color: #3b4c82; }   \/* Bouton *\/ .woocommerce ul.products li.product a.button {     display: block;     margin: 10px auto 15px;     padding: 10px 18px;     border-radius: 8px;     background-color: #3b4c82;     color: #fff !important;     font-weight: 600;     text-decoration: none;     transition: background 0.3s; }  \/* Texte bouton personnalis\u00e9 *\/ .woocommerce ul.products li.product a.button {     font-size: 0; }  .woocommerce ul.products li.product a.button::after {     content: &quot;Voir le bateau&quot;;     font-size: 14px; }  .woocommerce ul.products li.product a.button:hover {     background-color: #2c3a70; }  \/* \u00c9TOILES *\/ .woocommerce ul.products li.product .star-rating {     margin-bottom: 5px; \tcolor: #faca15; }  \/* Cache \u00e9toiles *\/ .woocommerce ul.products li.product .star-rating {     display: flex;     align-items: center;     gap: 5px; }  \/* Cache les \u00e9toiles visuelles *\/ .woocommerce ul.products li.product .star-rating span {     display: none; }  \/* Ajoute \u2b50 *\/ .woocommerce ul.products li.product .star-rating::before {     content: &quot;\u2b50&quot;;     font-size: 14px; }  \/* Style de la note *\/ .woocommerce ul.products li.product .star-rating::after {     content: &quot; &quot; attr(data-rating);     font-size: 15px !important;      font-weight: 600 !important;     color: #333 !important; }  .woocommerce ul.products li.product .star-rating::after {     font-size: 14px;     font-weight: 700;     color: #1a1a1a;     margin-left: 20px; }  .woocommerce ul.products li.product .star-rating {     display: flex;     align-items: center;     margin-bottom: 6px; }  .woocommerce ul.products li.product h2.woocommerce-loop-product__title , .woocommerce ul.products li.product .price, .boat-attributes, .woocommerce ul.products li.product .star-rating, .woocommerce ul.products li.product .star-rating::before {     padding-left: 15px; \t  padding-right: 15px;  }  \/* R\u00e9duire espace sous le titre *\/ .woocommerce ul.products li.product h2.woocommerce-loop-product__title {     margin-bottom: 0px !important; }  \/* Supprimer espace au-dessus des attributs *\/ .woocommerce ul.products li.product .product-attributes {     margin-top: 0 !important; }     \/* Responsive*\/ @media (max-width: 1200px){ .woocommerce ul.products li.product{ width: calc(33.33% - 14px); } }  @media (max-width: 900px){ .woocommerce ul.products li.product{ width: calc(50% - 10px); } }  @media (max-width: 500px){ .woocommerce ul.products li.product{ width: 100%; } }  \/* S\u2019assurer que le conteneur parent permet le centrage *\/ .woocommerce-page .site-main, .woocommerce-page .content-area, .woocommerce-page .wrap {     max-width: 1280px;     margin: 0 auto;     justify-content: center; \/* centre le contenu *\/ }  \/* pro sur mobile*\/ @media (max-width: 500px){    body.woocommerce-page {     overflow-x: hidden;   }    .woocommerce ul.products {     margin: 0;     padding: 0 12px;   }    .woocommerce ul.products li.product{     width: 100% !important;   }  }\"><ul class=\"wc-block-grid__products\"><li class=\"wc-block-grid__product\">\n\t\t\t\t<a href=\"https:\/\/ansagency.dev\/en\/product\/voilier-beneteau-sense-51\/\" class=\"wc-block-grid__product-link\">\n\t\t\t\t\t\n\t\t\t\t\t<div class=\"wc-block-grid__product-image\"><img loading=\"lazy\" decoding=\"async\" width=\"300\" height=\"300\" src=\"https:\/\/ansagency.dev\/wp-content\/uploads\/2026\/01\/IMG_6215-300x300.jpeg\" class=\"attachment-woocommerce_thumbnail size-woocommerce_thumbnail\" alt=\"Voilier - B\u00e9n\u00e9teau Sense 51\" srcset=\"https:\/\/ansagency.dev\/wp-content\/uploads\/2026\/01\/IMG_6215-300x300.jpeg 300w, https:\/\/ansagency.dev\/wp-content\/uploads\/2026\/01\/IMG_6215-150x150.jpeg 150w, https:\/\/ansagency.dev\/wp-content\/uploads\/2026\/01\/IMG_6215-100x100.jpeg 100w\" sizes=\"auto, (max-width: 300px) 100vw, 300px\" \/><\/div>\n\t\t\t\t\t<div class=\"wc-block-grid__product-title\">Voilier &#8211; B\u00e9n\u00e9teau Sense 51<\/div>\n\t\t\t\t<\/a>\n\t\t\t\t<div class=\"wc-block-grid__product-price price\"><span class=\"woocommerce-Price-amount amount\">260,00&nbsp;<span class=\"woocommerce-Price-currencySymbol\">&euro;<\/span><\/span><span class=\"wceb-price-format\"> \/ day<\/span><\/div>\n\t\t\t\t<div class=\"wc-block-grid__product-rating\"><div class=\"star-rating\" role=\"img\" aria-label=\"Rated 4.50 out of 5\"><span style=\"width:90%\">Rated <strong class=\"rating\">4.50<\/strong> out of 5 based on <span class=\"rating\">2<\/span> customer ratings<\/span><\/div><\/div>\n\t\t\t\t<div class=\"wp-block-button wc-block-grid__product-add-to-cart\"><a href=\"https:\/\/ansagency.dev\/en\/product\/voilier-beneteau-sense-51\/\" aria-label=\"Add to basket: &ldquo;Voilier - B\u00e9n\u00e9teau Sense 51&rdquo;\" data-quantity=\"1\" data-product_id=\"747\" data-product_sku=\"\" data-price=\"260\" rel=\"nofollow\" class=\"wp-block-button__link  add_to_cart_button\">R\u00e9server<\/a><\/div>\n\t\t\t<\/li><li class=\"wc-block-grid__product\">\n\t\t\t\t<a href=\"https:\/\/ansagency.dev\/en\/product\/voilier-beneteau-first-225\/\" class=\"wc-block-grid__product-link\">\n\t\t\t\t\t\n\t\t\t\t\t<div class=\"wc-block-grid__product-image\"><img loading=\"lazy\" decoding=\"async\" width=\"300\" height=\"300\" src=\"https:\/\/ansagency.dev\/wp-content\/uploads\/2026\/01\/IMG_6217-300x300.jpeg\" class=\"attachment-woocommerce_thumbnail size-woocommerce_thumbnail\" alt=\"Voilier - B\u00e9n\u00e9teau First 225\" srcset=\"https:\/\/ansagency.dev\/wp-content\/uploads\/2026\/01\/IMG_6217-300x300.jpeg 300w, https:\/\/ansagency.dev\/wp-content\/uploads\/2026\/01\/IMG_6217-150x150.jpeg 150w, https:\/\/ansagency.dev\/wp-content\/uploads\/2026\/01\/IMG_6217-100x100.jpeg 100w\" sizes=\"auto, (max-width: 300px) 100vw, 300px\" \/><\/div>\n\t\t\t\t\t<div class=\"wc-block-grid__product-title\">Voilier &#8211; B\u00e9n\u00e9teau First 225<\/div>\n\t\t\t\t<\/a>\n\t\t\t\t<div class=\"wc-block-grid__product-price price\"><span class=\"woocommerce-Price-amount amount\">640,00&nbsp;<span class=\"woocommerce-Price-currencySymbol\">&euro;<\/span><\/span><span class=\"wceb-price-format\"> \/ day<\/span><\/div>\n\t\t\t\t<div class=\"wc-block-grid__product-rating\"><div class=\"star-rating\" role=\"img\" aria-label=\"Rated 5.00 out of 5\"><span style=\"width:100%\">Rated <strong class=\"rating\">5.00<\/strong> out of 5 based on <span class=\"rating\">3<\/span> customer ratings<\/span><\/div><\/div>\n\t\t\t\t<div class=\"wp-block-button wc-block-grid__product-add-to-cart\"><a href=\"\/en\/wp-json\/wp\/v2\/pages\/42?add-to-cart=743\" aria-label=\"Add to basket: &ldquo;Voilier - B\u00e9n\u00e9teau First 225&rdquo;\" data-quantity=\"1\" data-product_id=\"743\" data-product_sku=\"\" data-price=\"640\" rel=\"nofollow\" class=\"wp-block-button__link  add_to_cart_button ajax_add_to_cart\">Add to basket<\/a><\/div>\n\t\t\t<\/li><li class=\"wc-block-grid__product\">\n\t\t\t\t<a href=\"https:\/\/ansagency.dev\/en\/product\/bateau-a-moteur-open-6\/\" class=\"wc-block-grid__product-link\">\n\t\t\t\t\t\n\t\t\t\t\t<div class=\"wc-block-grid__product-image\"><img loading=\"lazy\" decoding=\"async\" width=\"300\" height=\"300\" src=\"https:\/\/ansagency.dev\/wp-content\/uploads\/2026\/01\/Capture-decran-2026-04-12-194845-300x300.png\" class=\"attachment-woocommerce_thumbnail size-woocommerce_thumbnail\" alt=\"Bateau \u00e0 moteur - Open 6\" srcset=\"https:\/\/ansagency.dev\/wp-content\/uploads\/2026\/01\/Capture-decran-2026-04-12-194845-300x300.png 300w, https:\/\/ansagency.dev\/wp-content\/uploads\/2026\/01\/Capture-decran-2026-04-12-194845-150x150.png 150w, https:\/\/ansagency.dev\/wp-content\/uploads\/2026\/01\/Capture-decran-2026-04-12-194845-100x100.png 100w\" sizes=\"auto, (max-width: 300px) 100vw, 300px\" \/><\/div>\n\t\t\t\t\t<div class=\"wc-block-grid__product-title\">Bateau \u00e0 moteur &#8211; Open 6<\/div>\n\t\t\t\t<\/a>\n\t\t\t\t<div class=\"wc-block-grid__product-price price\"><span class=\"woocommerce-Price-amount amount\">525,00&nbsp;<span class=\"woocommerce-Price-currencySymbol\">&euro;<\/span><\/span><span class=\"wceb-price-format\"> \/ day<\/span><\/div>\n\t\t\t\t<div class=\"wc-block-grid__product-rating\"><div class=\"star-rating\" role=\"img\" aria-label=\"Rated 5.00 out of 5\"><span style=\"width:100%\">Rated <strong class=\"rating\">5.00<\/strong> out of 5 based on <span class=\"rating\">3<\/span> customer ratings<\/span><\/div><\/div>\n\t\t\t\t<div class=\"wp-block-button wc-block-grid__product-add-to-cart\"><a href=\"https:\/\/ansagency.dev\/en\/product\/bateau-a-moteur-open-6\/\" aria-label=\"Add to basket: &ldquo;Bateau \u00e0 moteur - Open 6&rdquo;\" data-quantity=\"1\" data-product_id=\"307\" data-product_sku=\"\" data-price=\"525\" rel=\"nofollow\" class=\"wp-block-button__link  add_to_cart_button\">R\u00e9server<\/a><\/div>\n\t\t\t<\/li><li class=\"wc-block-grid__product\">\n\t\t\t\t<a href=\"https:\/\/ansagency.dev\/en\/product\/location-bateau-a-moteur-yamaha-150-cv\/\" class=\"wc-block-grid__product-link\">\n\t\t\t\t\t\n\t\t\t\t\t<div class=\"wc-block-grid__product-image\"><img loading=\"lazy\" decoding=\"async\" width=\"300\" height=\"300\" src=\"https:\/\/ansagency.dev\/wp-content\/uploads\/2026\/01\/cropped-Capture-decran-2026-01-16-002957-300x300.png\" class=\"attachment-woocommerce_thumbnail size-woocommerce_thumbnail\" alt=\"Bateau \u00e0 moteur - Yamaha 150\" srcset=\"https:\/\/ansagency.dev\/wp-content\/uploads\/2026\/01\/cropped-Capture-decran-2026-01-16-002957-300x300.png 300w, https:\/\/ansagency.dev\/wp-content\/uploads\/2026\/01\/cropped-Capture-decran-2026-01-16-002957-150x150.png 150w, https:\/\/ansagency.dev\/wp-content\/uploads\/2026\/01\/cropped-Capture-decran-2026-01-16-002957-100x100.png 100w\" sizes=\"auto, (max-width: 300px) 100vw, 300px\" \/><\/div>\n\t\t\t\t\t<div class=\"wc-block-grid__product-title\">Bateau \u00e0 moteur &#8211; Yamaha 150<\/div>\n\t\t\t\t<\/a>\n\t\t\t\t<div class=\"wc-block-grid__product-price price\"><span class=\"woocommerce-Price-amount amount\">280,00&nbsp;<span class=\"woocommerce-Price-currencySymbol\">&euro;<\/span><\/span><span class=\"wceb-price-format\"> \/ day<\/span><\/div>\n\t\t\t\t<div class=\"wc-block-grid__product-rating\"><div class=\"star-rating\" role=\"img\" aria-label=\"Rated 5.00 out of 5\"><span style=\"width:100%\">Rated <strong class=\"rating\">5.00<\/strong> out of 5 based on <span class=\"rating\">4<\/span> customer ratings<\/span><\/div><\/div>\n\t\t\t\t<div class=\"wp-block-button wc-block-grid__product-add-to-cart\"><a href=\"\/en\/wp-json\/wp\/v2\/pages\/42?add-to-cart=304\" aria-label=\"Add to basket: &ldquo;Bateau \u00e0 moteur - Yamaha 150&rdquo;\" data-quantity=\"1\" data-product_id=\"304\" data-product_sku=\"\" data-price=\"280\" rel=\"nofollow\" class=\"wp-block-button__link  add_to_cart_button ajax_add_to_cart\">Add to basket<\/a><\/div>\n\t\t\t<\/li><\/ul><\/div><\/div>\n<\/div>\n","protected":false},"excerpt":{"rendered":"<p>Votre r\u00e9servation \u2190 Retour 1 V\u00e9rification 2 Identification 3 Validation<\/p>","protected":false},"author":1,"featured_media":0,"parent":0,"menu_order":0,"comment_status":"closed","ping_status":"closed","template":"","meta":{"_glsr_average":0,"_glsr_ranking":0,"_glsr_reviews":0,"footnotes":""},"class_list":["post-42","page","type-page","status-publish","hentry"],"yoast_head":"<!-- This site is optimized with the Yoast SEO plugin v27.3 - https:\/\/yoast.com\/product\/yoast-seo-wordpress\/ -->\n<title>R\u00e9server un bateau pour vos aventures maritimes<\/title>\n<meta name=\"description\" content=\"R\u00e9servez facilement votre bateau en ligne avec SailingLoc. Processus simple et s\u00e9curis\u00e9 pour votre sortie nautique.\" \/>\n<meta name=\"robots\" content=\"index, follow, max-snippet:-1, max-image-preview:large, max-video-preview:-1\" \/>\n<link rel=\"canonical\" href=\"https:\/\/ansagency.dev\/en\/panier\/\" \/>\n<meta property=\"og:locale\" content=\"en_GB\" \/>\n<meta property=\"og:type\" content=\"article\" \/>\n<meta property=\"og:title\" content=\"R\u00e9server un bateau pour vos aventures maritimes\" \/>\n<meta property=\"og:description\" content=\"R\u00e9servez facilement votre bateau en ligne avec SailingLoc. Processus simple et s\u00e9curis\u00e9 pour votre sortie nautique.\" \/>\n<meta property=\"og:url\" content=\"https:\/\/ansagency.dev\/en\/panier\/\" \/>\n<meta property=\"og:site_name\" content=\"SailingLoc - Location de bateaux et permis c\u00f4tier\" \/>\n<meta property=\"article:modified_time\" content=\"2026-04-14T17:12:42+00:00\" \/>\n<meta name=\"twitter:card\" content=\"summary_large_image\" \/>\n<meta name=\"twitter:label1\" content=\"Estimated reading time\" \/>\n\t<meta name=\"twitter:data1\" content=\"1 minute\" \/>\n<script type=\"application\/ld+json\" class=\"yoast-schema-graph\">{\"@context\":\"https:\\\/\\\/schema.org\",\"@graph\":[{\"@type\":\"WebPage\",\"@id\":\"https:\\\/\\\/ansagency.dev\\\/panier\\\/\",\"url\":\"https:\\\/\\\/ansagency.dev\\\/panier\\\/\",\"name\":\"R\u00e9server un bateau pour vos aventures maritimes\",\"isPartOf\":{\"@id\":\"https:\\\/\\\/ansagency.dev\\\/#website\"},\"datePublished\":\"2025-12-11T16:43:08+00:00\",\"dateModified\":\"2026-04-14T17:12:42+00:00\",\"description\":\"R\u00e9servez facilement votre bateau en ligne avec SailingLoc. Processus simple et s\u00e9curis\u00e9 pour votre sortie nautique.\",\"breadcrumb\":{\"@id\":\"https:\\\/\\\/ansagency.dev\\\/panier\\\/#breadcrumb\"},\"inLanguage\":\"en-GB\",\"potentialAction\":[{\"@type\":\"ReadAction\",\"target\":[\"https:\\\/\\\/ansagency.dev\\\/panier\\\/\"]}]},{\"@type\":\"BreadcrumbList\",\"@id\":\"https:\\\/\\\/ansagency.dev\\\/panier\\\/#breadcrumb\",\"itemListElement\":[{\"@type\":\"ListItem\",\"position\":1,\"name\":\"Accueil\",\"item\":\"https:\\\/\\\/ansagency.dev\\\/\"},{\"@type\":\"ListItem\",\"position\":2,\"name\":\"R\u00e9servation\"}]},{\"@type\":\"WebSite\",\"@id\":\"https:\\\/\\\/ansagency.dev\\\/#website\",\"url\":\"https:\\\/\\\/ansagency.dev\\\/\",\"name\":\"SailingLoc - Location de bateaux et permis c\u00f4tier\",\"description\":\"\",\"publisher\":{\"@id\":\"https:\\\/\\\/ansagency.dev\\\/#organization\"},\"potentialAction\":[{\"@type\":\"SearchAction\",\"target\":{\"@type\":\"EntryPoint\",\"urlTemplate\":\"https:\\\/\\\/ansagency.dev\\\/?s={search_term_string}\"},\"query-input\":{\"@type\":\"PropertyValueSpecification\",\"valueRequired\":true,\"valueName\":\"search_term_string\"}}],\"inLanguage\":\"en-GB\"},{\"@type\":\"Organization\",\"@id\":\"https:\\\/\\\/ansagency.dev\\\/#organization\",\"name\":\"SailingLoc\",\"url\":\"https:\\\/\\\/ansagency.dev\\\/\",\"logo\":{\"@type\":\"ImageObject\",\"inLanguage\":\"en-GB\",\"@id\":\"https:\\\/\\\/ansagency.dev\\\/#\\\/schema\\\/logo\\\/image\\\/\",\"url\":\"https:\\\/\\\/ansagency.dev\\\/wp-content\\\/uploads\\\/2026\\\/03\\\/Logo-sailingloc.png\",\"contentUrl\":\"https:\\\/\\\/ansagency.dev\\\/wp-content\\\/uploads\\\/2026\\\/03\\\/Logo-sailingloc.png\",\"width\":1415,\"height\":1416,\"caption\":\"SailingLoc\"},\"image\":{\"@id\":\"https:\\\/\\\/ansagency.dev\\\/#\\\/schema\\\/logo\\\/image\\\/\"},\"sameAs\":[\"https:\\\/\\\/www.instagram.com\\\/sailiingloc\"]}]}<\/script>\n<!-- \/ Yoast SEO plugin. -->","yoast_head_json":{"title":"R\u00e9server un bateau pour vos aventures maritimes","description":"R\u00e9servez facilement votre bateau en ligne avec SailingLoc. Processus simple et s\u00e9curis\u00e9 pour votre sortie nautique.","robots":{"index":"index","follow":"follow","max-snippet":"max-snippet:-1","max-image-preview":"max-image-preview:large","max-video-preview":"max-video-preview:-1"},"canonical":"https:\/\/ansagency.dev\/en\/panier\/","og_locale":"en_GB","og_type":"article","og_title":"R\u00e9server un bateau pour vos aventures maritimes","og_description":"R\u00e9servez facilement votre bateau en ligne avec SailingLoc. Processus simple et s\u00e9curis\u00e9 pour votre sortie nautique.","og_url":"https:\/\/ansagency.dev\/en\/panier\/","og_site_name":"SailingLoc - Location de bateaux et permis c\u00f4tier","article_modified_time":"2026-04-14T17:12:42+00:00","twitter_card":"summary_large_image","twitter_misc":{"Estimated reading time":"1 minute"},"schema":{"@context":"https:\/\/schema.org","@graph":[{"@type":"WebPage","@id":"https:\/\/ansagency.dev\/panier\/","url":"https:\/\/ansagency.dev\/panier\/","name":"R\u00e9server un bateau pour vos aventures maritimes","isPartOf":{"@id":"https:\/\/ansagency.dev\/#website"},"datePublished":"2025-12-11T16:43:08+00:00","dateModified":"2026-04-14T17:12:42+00:00","description":"R\u00e9servez facilement votre bateau en ligne avec SailingLoc. Processus simple et s\u00e9curis\u00e9 pour votre sortie nautique.","breadcrumb":{"@id":"https:\/\/ansagency.dev\/panier\/#breadcrumb"},"inLanguage":"en-GB","potentialAction":[{"@type":"ReadAction","target":["https:\/\/ansagency.dev\/panier\/"]}]},{"@type":"BreadcrumbList","@id":"https:\/\/ansagency.dev\/panier\/#breadcrumb","itemListElement":[{"@type":"ListItem","position":1,"name":"Accueil","item":"https:\/\/ansagency.dev\/"},{"@type":"ListItem","position":2,"name":"R\u00e9servation"}]},{"@type":"WebSite","@id":"https:\/\/ansagency.dev\/#website","url":"https:\/\/ansagency.dev\/","name":"SailingLoc - Location de bateaux et permis c\u00f4tier","description":"","publisher":{"@id":"https:\/\/ansagency.dev\/#organization"},"potentialAction":[{"@type":"SearchAction","target":{"@type":"EntryPoint","urlTemplate":"https:\/\/ansagency.dev\/?s={search_term_string}"},"query-input":{"@type":"PropertyValueSpecification","valueRequired":true,"valueName":"search_term_string"}}],"inLanguage":"en-GB"},{"@type":"Organization","@id":"https:\/\/ansagency.dev\/#organization","name":"SailingLoc","url":"https:\/\/ansagency.dev\/","logo":{"@type":"ImageObject","inLanguage":"en-GB","@id":"https:\/\/ansagency.dev\/#\/schema\/logo\/image\/","url":"https:\/\/ansagency.dev\/wp-content\/uploads\/2026\/03\/Logo-sailingloc.png","contentUrl":"https:\/\/ansagency.dev\/wp-content\/uploads\/2026\/03\/Logo-sailingloc.png","width":1415,"height":1416,"caption":"SailingLoc"},"image":{"@id":"https:\/\/ansagency.dev\/#\/schema\/logo\/image\/"},"sameAs":["https:\/\/www.instagram.com\/sailiingloc"]}]}},"_links":{"self":[{"href":"https:\/\/ansagency.dev\/en\/wp-json\/wp\/v2\/pages\/42","targetHints":{"allow":["GET"]}}],"collection":[{"href":"https:\/\/ansagency.dev\/en\/wp-json\/wp\/v2\/pages"}],"about":[{"href":"https:\/\/ansagency.dev\/en\/wp-json\/wp\/v2\/types\/page"}],"author":[{"embeddable":true,"href":"https:\/\/ansagency.dev\/en\/wp-json\/wp\/v2\/users\/1"}],"replies":[{"embeddable":true,"href":"https:\/\/ansagency.dev\/en\/wp-json\/wp\/v2\/comments?post=42"}],"version-history":[{"count":14,"href":"https:\/\/ansagency.dev\/en\/wp-json\/wp\/v2\/pages\/42\/revisions"}],"predecessor-version":[{"id":892,"href":"https:\/\/ansagency.dev\/en\/wp-json\/wp\/v2\/pages\/42\/revisions\/892"}],"wp:attachment":[{"href":"https:\/\/ansagency.dev\/en\/wp-json\/wp\/v2\/media?parent=42"}],"curies":[{"name":"wp","href":"https:\/\/api.w.org\/{rel}","templated":true}]}}