{"id":440,"date":"2026-03-31T21:20:40","date_gmt":"2026-03-31T19:20:40","guid":{"rendered":"https:\/\/ansagency.dev\/?page_id=440"},"modified":"2026-04-20T15:02:05","modified_gmt":"2026-04-20T13:02:05","slug":"inscription-permis-cotier","status":"publish","type":"page","link":"https:\/\/ansagency.dev\/en\/inscription-permis-cotier\/","title":{"rendered":"Inscription permis c\u00f4tier"},"content":{"rendered":"\n<h2 class=\"wp-block-heading\">Inscription permis c\u00f4tier<\/h2>\n\n\n\n<h3 class=\"wp-block-heading\">\ud83e\udded \u00c9tapes du permis c\u00f4tier<\/h3>\n\n\n\n<div class=\"steps\">\n\n    <div class=\"step\">\n        <div class=\"step-number\">1<\/div>\n        <div class=\"step-content\">\n            <strong>Inscription en centre agr\u00e9\u00e9<\/strong>\n            <p>Choisissez un centre de formation partenaire \u00e0 Dieppe ou alentours.<\/p>\n        <\/div>\n    <\/div>\n\n    <div class=\"step\">\n        <div class=\"step-number\">2<\/div>\n        <div class=\"step-content\">\n            <strong>Formation th\u00e9orique<\/strong>\n            <p>Apprenez les bases de la navigation et la r\u00e9glementation maritime.<\/p>\n        <\/div>\n    <\/div>\n\n    <div class=\"step\">\n        <div class=\"step-number\">3<\/div>\n        <div class=\"step-content\">\n            <strong>Formation pratique<\/strong>\n            <p>Apprentissage en mer avec un instructeur agr\u00e9\u00e9.<\/p>\n        <\/div>\n    <\/div>\n\n    <div class=\"step\">\n        <div class=\"step-number\">4<\/div>\n        <div class=\"step-content\">\n            <strong>Passage de l&rsquo;examen<\/strong>\n            <p>Validation des comp\u00e9tences th\u00e9oriques et pratiques.<\/p>\n        <\/div>\n    <\/div>\n\n    <div class=\"step\">\n        <div class=\"step-number\">5<\/div>\n        <div class=\"step-content\">\n            <strong>Obtention du permis<\/strong>\n            <p>Vous recevez votre permis c\u00f4tier officiel.<\/p>\n        <\/div>\n    <\/div>\n\n<\/div>\n\n\n\n<div class=\"wp-block-group\"><div class=\"wp-block-group__inner-container is-layout-constrained wp-block-group-is-layout-constrained\">\n<h3 class=\"wp-block-heading\">\u2705Pr\u00e9requis<\/h3>\n\n\n\n<ul class=\"wp-block-list\">\n<li>16 ans minimum<\/li>\n\n\n\n<li>Pi\u00e8ce d\u2019identit\u00e9<\/li>\n\n\n\n<li>Photo d\u2019identit\u00e9<\/li>\n\n\n\n<li>Certificat m\u00e9dical<\/li>\n<\/ul>\n\n\n\n<h3 class=\"wp-block-heading\">\ud83d\udcb0Tarif<\/h3>\n<\/div><\/div>\n\n\n\n<div class=\"cost-boxes\">\n\n    <div class=\"cost-box\">\n        <strong>Formation<\/strong>\n        <span>300\u20ac &#8211; 450\u20ac<\/span>\n    <\/div>\n\n    <div class=\"cost-box\">\n        <strong>Frais administratifs<\/strong>\n        <span>108\u20ac<\/span>\n    <\/div>\n\n    <div class=\"cost-box total\">\n        <strong>Total<\/strong>\n        <span>400\u20ac &#8211; 550\u20ac<\/span>\n    <\/div>\n\n<\/div>\n\n\n\n<p><\/p>\n\n\n\n<h3 class=\"wp-block-heading\">\ud83d\udccbDemandez votre inscription<\/h3>\n\n\n<style id=\"wpforms-css-vars-435-block-d1a50223-64fb-43c8-a208-4c15d8a745e0\">\n\t\t\t\t#wpforms-435.wpforms-block-d1a50223-64fb-43c8-a208-4c15d8a745e0 {\n\t\t\t\t--wpforms-field-size-input-height: 43px;\n--wpforms-field-size-input-spacing: 15px;\n--wpforms-field-size-font-size: 16px;\n--wpforms-field-size-line-height: 19px;\n--wpforms-field-size-padding-h: 14px;\n--wpforms-field-size-checkbox-size: 16px;\n--wpforms-field-size-sublabel-spacing: 5px;\n--wpforms-field-size-icon-size: 1;\n--wpforms-label-size-font-size: 16px;\n--wpforms-label-size-line-height: 19px;\n--wpforms-label-size-sublabel-font-size: 14px;\n--wpforms-label-size-sublabel-line-height: 17px;\n--wpforms-button-size-font-size: 17px;\n--wpforms-button-size-height: 41px;\n--wpforms-button-size-padding-h: 15px;\n--wpforms-button-size-margin-top: 10px;\n\t\t\t}\n\t\t\t<\/style><div class=\"wpforms-container wpforms-container-full wpforms-block wpforms-block-d1a50223-64fb-43c8-a208-4c15d8a745e0 wpforms-render-modern\" id=\"wpforms-435\"><form id=\"wpforms-form-435\" class=\"wpforms-validate wpforms-form wpforms-ajax-form\" data-formid=\"435\" method=\"post\" enctype=\"multipart\/form-data\" action=\"\/en\/wp-json\/wp\/v2\/pages\/440\" data-token=\"31205b3950cc43205f45b8fc553d0b5a\" data-token-time=\"1778515008\"><noscript class=\"wpforms-error-noscript\">Please enable JavaScript in your browser to complete this form.<\/noscript><div id=\"wpforms-error-noscript\" style=\"display: none;\">Please enable JavaScript in your browser to complete this form.<\/div><div class=\"wpforms-field-container\"><div id=\"wpforms-435-field_1-container\" class=\"wpforms-field wpforms-field-name\" data-field-id=\"1\"><fieldset><legend class=\"wpforms-field-label\">Nom <span class=\"wpforms-required-label\" aria-hidden=\"true\">*<\/span><\/legend><div class=\"wpforms-field-row wpforms-field-medium\"><div class=\"wpforms-field-row-block wpforms-first wpforms-one-half\"><input type=\"text\" id=\"wpforms-435-field_1\" class=\"wpforms-field-name-first wpforms-field-required\" name=\"wpforms[fields][1][first]\" aria-errormessage=\"wpforms-435-field_1-error\" required><label for=\"wpforms-435-field_1\" class=\"wpforms-field-sublabel after\">First<\/label><\/div><div class=\"wpforms-field-row-block wpforms-one-half\"><input type=\"text\" id=\"wpforms-435-field_1-last\" class=\"wpforms-field-name-last wpforms-field-required\" name=\"wpforms[fields][1][last]\" aria-errormessage=\"wpforms-435-field_1-last-error\" required><label for=\"wpforms-435-field_1-last\" class=\"wpforms-field-sublabel after\">Last<\/label><\/div><\/div><\/fieldset><\/div><div id=\"wpforms-435-field_2-container\" class=\"wpforms-field wpforms-field-email\" data-field-id=\"2\"><label class=\"wpforms-field-label\" for=\"wpforms-435-field_2\">E-mail <span class=\"wpforms-required-label\" aria-hidden=\"true\">*<\/span><\/label><input type=\"email\" id=\"wpforms-435-field_2\" class=\"wpforms-field-medium wpforms-field-required\" name=\"wpforms[fields][2]\" spellcheck=\"false\" aria-errormessage=\"wpforms-435-field_2-error\" required><\/div><div id=\"wpforms-435-field_4-container\" class=\"wpforms-field wpforms-field-select wpforms-field-select-style-classic\" data-field-id=\"4\"><label class=\"wpforms-field-label\" for=\"wpforms-435-field_4\">Quand souhaitez-vous passer le permis c\u00f4tier ? <span class=\"wpforms-required-label\" aria-hidden=\"true\">*<\/span><\/label><select id=\"wpforms-435-field_4\" class=\"wpforms-field-medium wpforms-field-required\" name=\"wpforms[fields][4]\" required=\"required\"><option value=\"\" class=\"placeholder\" disabled  selected='selected'>&#8212; S\u00e9lectionner un choix &#8212;<\/option><option value=\"D\u00e8s que possible\"  class=\"choice-1 depth-1\"  >D\u00e8s que possible<\/option><option value=\"Dans 1 mois\"  class=\"choice-2 depth-1\"  >Dans 1 mois<\/option><option value=\"Dans 3 mois ou plus\"  class=\"choice-3 depth-1\"  >Dans 3 mois ou plus<\/option><option value=\"Je me renseigne\"  class=\"choice-4 depth-1\"  >Je me renseigne<\/option><\/select><\/div>\t\t<div id=\"wpforms-435-field_6-container\"\n\t\t\tclass=\"wpforms-field wpforms-field-text\"\n\t\t\tdata-field-type=\"text\"\n\t\t\tdata-field-id=\"6\"\n\t\t\t>\n\t\t\t<label class=\"wpforms-field-label\" for=\"wpforms-435-field_6\" >navigation passer en<\/label>\n\t\t\t<input type=\"text\" id=\"wpforms-435-field_6\" class=\"wpforms-field-medium\" name=\"wpforms[fields][6]\" >\n\t\t<\/div>\n\t\t<div id=\"wpforms-435-field_5-container\" class=\"wpforms-field wpforms-field-checkbox\" data-field-id=\"5\"><fieldset><legend class=\"wpforms-field-label\">Avez-vous d\u00e9j\u00e0 une exp\u00e9rience en navigation ? <span class=\"wpforms-required-label\" aria-hidden=\"true\">*<\/span><\/legend><ul id=\"wpforms-435-field_5\" class=\"wpforms-field-required\"><li class=\"choice-1 depth-1\"><input type=\"checkbox\" id=\"wpforms-435-field_5_1\" name=\"wpforms[fields][5][]\" value=\"Oui\" aria-errormessage=\"wpforms-435-field_5_1-error\" required ><label class=\"wpforms-field-label-inline\" for=\"wpforms-435-field_5_1\">Oui<\/label><\/li><li class=\"choice-2 depth-1\"><input type=\"checkbox\" id=\"wpforms-435-field_5_2\" name=\"wpforms[fields][5][]\" value=\"Non\" aria-errormessage=\"wpforms-435-field_5_2-error\" required ><label class=\"wpforms-field-label-inline\" for=\"wpforms-435-field_5_2\">Non<\/label><\/li><\/ul><\/fieldset><\/div><div id=\"wpforms-435-field_3-container\" class=\"wpforms-field wpforms-field-textarea\" data-field-id=\"3\"><label class=\"wpforms-field-label\" for=\"wpforms-435-field_3\">Precisez votre demande (facultatif)<\/label><textarea id=\"wpforms-435-field_3\" class=\"wpforms-field-medium\" name=\"wpforms[fields][3]\" aria-errormessage=\"wpforms-435-field_3-error\" ><\/textarea><\/div><div id=\"wpforms-435-field_7-container\" class=\"wpforms-field wpforms-field-checkbox\" data-field-id=\"7\"><fieldset><legend class=\"wpforms-field-label wpforms-label-hide\" aria-hidden=\"false\">  <span class=\"wpforms-required-label\" aria-hidden=\"true\">*<\/span><\/legend><ul id=\"wpforms-435-field_7\" class=\"wpforms-field-required\"><li class=\"choice-1 depth-1\"><input type=\"checkbox\" id=\"wpforms-435-field_7_1\" name=\"wpforms[fields][7][]\" value=\"J\u2019accepte que mes donn\u00e9es soient utilis\u00e9es pour \u00eatre recontact\u00e9 concernant ma demande de permis c\u00f4tier.\" aria-errormessage=\"wpforms-435-field_7_1-error\" required ><label class=\"wpforms-field-label-inline\" for=\"wpforms-435-field_7_1\">J\u2019accepte que mes donn\u00e9es soient utilis\u00e9es pour \u00eatre recontact\u00e9 concernant ma demande de permis c\u00f4tier.<\/label><\/li><\/ul><\/fieldset><\/div><script>\n\t\t\t\t( function() {\n\t\t\t\t\tconst style = document.createElement( 'style' );\n\t\t\t\t\tstyle.appendChild( document.createTextNode( '#wpforms-435-field_6-container { position: absolute !important; overflow: hidden !important; display: inline !important; height: 1px !important; width: 1px !important; z-index: -1000 !important; padding: 0 !important; } #wpforms-435-field_6-container input { visibility: hidden; } #wpforms-conversational-form-page #wpforms-435-field_6-container label { counter-increment: none; }' ) );\n\t\t\t\t\tdocument.head.appendChild( style );\n\t\t\t\t\tdocument.currentScript?.remove();\n\t\t\t\t} )();\n\t\t\t<\/script><\/div><!-- .wpforms-field-container --><div class=\"wpforms-recaptcha-container wpforms-is-recaptcha wpforms-is-recaptcha-type-v2\" ><div class=\"g-recaptcha\" data-sitekey=\"6LcdSZwsAAAAADuzyrRAUjmvRsIWOfHO0BjTuQnU\"><\/div><input type=\"text\" name=\"g-recaptcha-hidden\" class=\"wpforms-recaptcha-hidden\" style=\"position:absolute!important;clip:rect(0,0,0,0)!important;height:1px!important;width:1px!important;border:0!important;overflow:hidden!important;padding:0!important;margin:0!important;\" data-rule-recaptcha=\"1\"><\/div><div class=\"wpforms-submit-container\" ><input type=\"hidden\" name=\"wpforms[id]\" value=\"435\"><input type=\"hidden\" name=\"page_title\" value=\"\"><input type=\"hidden\" name=\"page_url\" value=\"https:\/\/ansagency.dev\/en\/wp-json\/wp\/v2\/pages\/440\"><input type=\"hidden\" name=\"url_referer\" value=\"\"><button type=\"submit\" name=\"wpforms[submit]\" id=\"wpforms-submit-435\" class=\"wpforms-submit\" data-alt-text=\"Envoi...\" data-submit-text=\"Envoyer\" aria-live=\"assertive\" value=\"wpforms-submit\">Envoyer<\/button><img loading=\"lazy\" decoding=\"async\" src=\"https:\/\/ansagency.dev\/wp-content\/plugins\/wpforms-lite\/assets\/images\/submit-spin.svg\" class=\"wpforms-submit-spinner\" style=\"display: none;\" width=\"26\" height=\"26\" alt=\"Loading\"><\/div><\/form><\/div>  <!-- .wpforms-container -->\n\n\n<p><\/p>\n","protected":false},"excerpt":{"rendered":"<p>Inscription permis c\u00f4tier \ud83e\udded \u00c9tapes du permis c\u00f4tier 1 Inscription en centre agr\u00e9\u00e9 Choisissez un centre de formation partenaire \u00e0 Dieppe ou alentours. 2 Formation th\u00e9orique Apprenez les bases de la navigation et la r\u00e9glementation maritime. 3 Formation pratique Apprentissage en mer avec un instructeur agr\u00e9\u00e9. 4 Passage de l&rsquo;examen Validation des comp\u00e9tences th\u00e9oriques et [&hellip;]<\/p>\n","protected":false},"author":1,"featured_media":0,"parent":0,"menu_order":0,"comment_status":"closed","ping_status":"closed","template":"","meta":{"_glsr_average":0,"_glsr_ranking":0,"_glsr_reviews":0,"footnotes":""},"class_list":["post-440","page","type-page","status-publish","hentry"],"yoast_head":"<!-- This site is optimized with the Yoast SEO plugin v27.3 - https:\/\/yoast.com\/product\/yoast-seo-wordpress\/ -->\n<title>Inscription permis c\u00f4tier<\/title>\n<meta name=\"description\" content=\"Passer le permis c\u00f4tier et apprenez \u00e0 naviguer en toute autonomie. Formation rapide et accessible pour profiter pleinement de la mer et louer un bateau en toute s\u00e9curit\u00e9 avec SailingLoc.\" \/>\n<meta name=\"robots\" content=\"index, follow, max-snippet:-1, max-image-preview:large, max-video-preview:-1\" \/>\n<link rel=\"canonical\" href=\"https:\/\/ansagency.dev\/en\/inscription-permis-cotier\/\" \/>\n<meta property=\"og:locale\" content=\"en_GB\" \/>\n<meta property=\"og:type\" content=\"article\" \/>\n<meta property=\"og:title\" content=\"Inscription permis c\u00f4tier\" \/>\n<meta property=\"og:description\" content=\"Passer le permis c\u00f4tier et apprenez \u00e0 naviguer en toute autonomie. Formation rapide et accessible pour profiter pleinement de la mer et louer un bateau en toute s\u00e9curit\u00e9 avec SailingLoc.\" \/>\n<meta property=\"og:url\" content=\"https:\/\/ansagency.dev\/en\/inscription-permis-cotier\/\" \/>\n<meta property=\"og:site_name\" content=\"SailingLoc - Location de bateaux et permis c\u00f4tier\" \/>\n<meta property=\"article:modified_time\" content=\"2026-04-20T13:02:05+00:00\" \/>\n<meta name=\"twitter:card\" content=\"summary_large_image\" \/>\n<meta name=\"twitter:label1\" content=\"Estimated reading time\" \/>\n\t<meta name=\"twitter:data1\" content=\"1 minute\" \/>\n<script type=\"application\/ld+json\" class=\"yoast-schema-graph\">{\"@context\":\"https:\\\/\\\/schema.org\",\"@graph\":[{\"@type\":\"WebPage\",\"@id\":\"https:\\\/\\\/ansagency.dev\\\/inscription-permis-cotier\\\/\",\"url\":\"https:\\\/\\\/ansagency.dev\\\/inscription-permis-cotier\\\/\",\"name\":\"Inscription permis c\u00f4tier\",\"isPartOf\":{\"@id\":\"https:\\\/\\\/ansagency.dev\\\/#website\"},\"datePublished\":\"2026-03-31T19:20:40+00:00\",\"dateModified\":\"2026-04-20T13:02:05+00:00\",\"description\":\"Passer le permis c\u00f4tier et apprenez \u00e0 naviguer en toute autonomie. Formation rapide et accessible pour profiter pleinement de la mer et louer un bateau en toute s\u00e9curit\u00e9 avec SailingLoc.\",\"breadcrumb\":{\"@id\":\"https:\\\/\\\/ansagency.dev\\\/inscription-permis-cotier\\\/#breadcrumb\"},\"inLanguage\":\"en-GB\",\"potentialAction\":[{\"@type\":\"ReadAction\",\"target\":[\"https:\\\/\\\/ansagency.dev\\\/inscription-permis-cotier\\\/\"]}]},{\"@type\":\"BreadcrumbList\",\"@id\":\"https:\\\/\\\/ansagency.dev\\\/inscription-permis-cotier\\\/#breadcrumb\",\"itemListElement\":[{\"@type\":\"ListItem\",\"position\":1,\"name\":\"Accueil\",\"item\":\"https:\\\/\\\/ansagency.dev\\\/\"},{\"@type\":\"ListItem\",\"position\":2,\"name\":\"Inscription permis c\u00f4tier\"}]},{\"@type\":\"WebSite\",\"@id\":\"https:\\\/\\\/ansagency.dev\\\/#website\",\"url\":\"https:\\\/\\\/ansagency.dev\\\/\",\"name\":\"SailingLoc - Location de bateaux et permis c\u00f4tier\",\"description\":\"\",\"publisher\":{\"@id\":\"https:\\\/\\\/ansagency.dev\\\/#organization\"},\"potentialAction\":[{\"@type\":\"SearchAction\",\"target\":{\"@type\":\"EntryPoint\",\"urlTemplate\":\"https:\\\/\\\/ansagency.dev\\\/?s={search_term_string}\"},\"query-input\":{\"@type\":\"PropertyValueSpecification\",\"valueRequired\":true,\"valueName\":\"search_term_string\"}}],\"inLanguage\":\"en-GB\"},{\"@type\":\"Organization\",\"@id\":\"https:\\\/\\\/ansagency.dev\\\/#organization\",\"name\":\"SailingLoc\",\"url\":\"https:\\\/\\\/ansagency.dev\\\/\",\"logo\":{\"@type\":\"ImageObject\",\"inLanguage\":\"en-GB\",\"@id\":\"https:\\\/\\\/ansagency.dev\\\/#\\\/schema\\\/logo\\\/image\\\/\",\"url\":\"https:\\\/\\\/ansagency.dev\\\/wp-content\\\/uploads\\\/2026\\\/03\\\/Logo-sailingloc.png\",\"contentUrl\":\"https:\\\/\\\/ansagency.dev\\\/wp-content\\\/uploads\\\/2026\\\/03\\\/Logo-sailingloc.png\",\"width\":1415,\"height\":1416,\"caption\":\"SailingLoc\"},\"image\":{\"@id\":\"https:\\\/\\\/ansagency.dev\\\/#\\\/schema\\\/logo\\\/image\\\/\"},\"sameAs\":[\"https:\\\/\\\/www.instagram.com\\\/sailiingloc\"]}]}<\/script>\n<!-- \/ Yoast SEO plugin. -->","yoast_head_json":{"title":"Inscription permis c\u00f4tier","description":"Passer le permis c\u00f4tier et apprenez \u00e0 naviguer en toute autonomie. Formation rapide et accessible pour profiter pleinement de la mer et louer un bateau en toute s\u00e9curit\u00e9 avec SailingLoc.","robots":{"index":"index","follow":"follow","max-snippet":"max-snippet:-1","max-image-preview":"max-image-preview:large","max-video-preview":"max-video-preview:-1"},"canonical":"https:\/\/ansagency.dev\/en\/inscription-permis-cotier\/","og_locale":"en_GB","og_type":"article","og_title":"Inscription permis c\u00f4tier","og_description":"Passer le permis c\u00f4tier et apprenez \u00e0 naviguer en toute autonomie. Formation rapide et accessible pour profiter pleinement de la mer et louer un bateau en toute s\u00e9curit\u00e9 avec SailingLoc.","og_url":"https:\/\/ansagency.dev\/en\/inscription-permis-cotier\/","og_site_name":"SailingLoc - Location de bateaux et permis c\u00f4tier","article_modified_time":"2026-04-20T13:02:05+00:00","twitter_card":"summary_large_image","twitter_misc":{"Estimated reading time":"1 minute"},"schema":{"@context":"https:\/\/schema.org","@graph":[{"@type":"WebPage","@id":"https:\/\/ansagency.dev\/inscription-permis-cotier\/","url":"https:\/\/ansagency.dev\/inscription-permis-cotier\/","name":"Inscription permis c\u00f4tier","isPartOf":{"@id":"https:\/\/ansagency.dev\/#website"},"datePublished":"2026-03-31T19:20:40+00:00","dateModified":"2026-04-20T13:02:05+00:00","description":"Passer le permis c\u00f4tier et apprenez \u00e0 naviguer en toute autonomie. Formation rapide et accessible pour profiter pleinement de la mer et louer un bateau en toute s\u00e9curit\u00e9 avec SailingLoc.","breadcrumb":{"@id":"https:\/\/ansagency.dev\/inscription-permis-cotier\/#breadcrumb"},"inLanguage":"en-GB","potentialAction":[{"@type":"ReadAction","target":["https:\/\/ansagency.dev\/inscription-permis-cotier\/"]}]},{"@type":"BreadcrumbList","@id":"https:\/\/ansagency.dev\/inscription-permis-cotier\/#breadcrumb","itemListElement":[{"@type":"ListItem","position":1,"name":"Accueil","item":"https:\/\/ansagency.dev\/"},{"@type":"ListItem","position":2,"name":"Inscription permis c\u00f4tier"}]},{"@type":"WebSite","@id":"https:\/\/ansagency.dev\/#website","url":"https:\/\/ansagency.dev\/","name":"SailingLoc - Location de bateaux et permis c\u00f4tier","description":"","publisher":{"@id":"https:\/\/ansagency.dev\/#organization"},"potentialAction":[{"@type":"SearchAction","target":{"@type":"EntryPoint","urlTemplate":"https:\/\/ansagency.dev\/?s={search_term_string}"},"query-input":{"@type":"PropertyValueSpecification","valueRequired":true,"valueName":"search_term_string"}}],"inLanguage":"en-GB"},{"@type":"Organization","@id":"https:\/\/ansagency.dev\/#organization","name":"SailingLoc","url":"https:\/\/ansagency.dev\/","logo":{"@type":"ImageObject","inLanguage":"en-GB","@id":"https:\/\/ansagency.dev\/#\/schema\/logo\/image\/","url":"https:\/\/ansagency.dev\/wp-content\/uploads\/2026\/03\/Logo-sailingloc.png","contentUrl":"https:\/\/ansagency.dev\/wp-content\/uploads\/2026\/03\/Logo-sailingloc.png","width":1415,"height":1416,"caption":"SailingLoc"},"image":{"@id":"https:\/\/ansagency.dev\/#\/schema\/logo\/image\/"},"sameAs":["https:\/\/www.instagram.com\/sailiingloc"]}]}},"_links":{"self":[{"href":"https:\/\/ansagency.dev\/en\/wp-json\/wp\/v2\/pages\/440","targetHints":{"allow":["GET"]}}],"collection":[{"href":"https:\/\/ansagency.dev\/en\/wp-json\/wp\/v2\/pages"}],"about":[{"href":"https:\/\/ansagency.dev\/en\/wp-json\/wp\/v2\/types\/page"}],"author":[{"embeddable":true,"href":"https:\/\/ansagency.dev\/en\/wp-json\/wp\/v2\/users\/1"}],"replies":[{"embeddable":true,"href":"https:\/\/ansagency.dev\/en\/wp-json\/wp\/v2\/comments?post=440"}],"version-history":[{"count":16,"href":"https:\/\/ansagency.dev\/en\/wp-json\/wp\/v2\/pages\/440\/revisions"}],"predecessor-version":[{"id":1354,"href":"https:\/\/ansagency.dev\/en\/wp-json\/wp\/v2\/pages\/440\/revisions\/1354"}],"wp:attachment":[{"href":"https:\/\/ansagency.dev\/en\/wp-json\/wp\/v2\/media?parent=440"}],"curies":[{"name":"wp","href":"https:\/\/api.w.org\/{rel}","templated":true}]}}