{"id":452,"date":"2026-03-31T22:27:07","date_gmt":"2026-03-31T20:27:07","guid":{"rendered":"https:\/\/ansagency.dev\/?page_id=452"},"modified":"2026-04-03T14:17:58","modified_gmt":"2026-04-03T12:17:58","slug":"blog","status":"publish","type":"page","link":"https:\/\/ansagency.dev\/en\/blog\/","title":{"rendered":"Blog"},"content":{"rendered":"<h1 class=\"wp-block-heading has-text-align-center\">Un blog pens\u00e9 pour voyager<\/h1>\n\n\n\n<div class=\"wp-block-group\"><div class=\"wp-block-group__inner-container is-layout-constrained wp-block-group-is-layout-constrained\">\n<div class=\"wp-block-columns is-layout-flex wp-container-core-columns-is-layout-9d6595d7 wp-block-columns-is-layout-flex\">\n<div class=\"wp-block-column is-layout-flow wp-block-column-is-layout-flow\" style=\"flex-basis:100%\"><ul class=\"wp-block-latest-posts__list is-grid columns-4 wp-block-latest-posts has-small-font-size\"><li><div class=\"wp-block-latest-posts__featured-image\"><img loading=\"lazy\" decoding=\"async\" width=\"300\" height=\"198\" src=\"https:\/\/ansagency.dev\/wp-content\/uploads\/2026\/01\/Capture-decran-2026-01-15-013746-300x198.png\" class=\"attachment-medium size-medium wp-post-image\" alt=\"\" style=\"max-width:300px;max-height:300px;\" srcset=\"https:\/\/ansagency.dev\/wp-content\/uploads\/2026\/01\/Capture-decran-2026-01-15-013746-300x198.png 300w, https:\/\/ansagency.dev\/wp-content\/uploads\/2026\/01\/Capture-decran-2026-01-15-013746-768x506.png 768w, https:\/\/ansagency.dev\/wp-content\/uploads\/2026\/01\/Capture-decran-2026-01-15-013746-18x12.png 18w, https:\/\/ansagency.dev\/wp-content\/uploads\/2026\/01\/Capture-decran-2026-01-15-013746-600x395.png 600w, https:\/\/ansagency.dev\/wp-content\/uploads\/2026\/01\/Capture-decran-2026-01-15-013746.png 928w\" sizes=\"auto, (max-width: 300px) 100vw, 300px\" \/><\/div><a class=\"wp-block-latest-posts__post-title\" href=\"https:\/\/ansagency.dev\/en\/comment-bien-choisir-sa-destination-pour-une-location-de-bateau\/\">Comment bien choisir sa destination pour une location de bateau<\/a><div class=\"wp-block-latest-posts__post-excerpt\">Choisir la bonne destination est une \u00e9tape cl\u00e9 pour r\u00e9ussir sa location de bateau. Chaque zone de navigation a ses particularit\u00e9s et doit correspondre \u00e0 votre exp\u00e9rience et \u00e0 vos envies&#8230;<\/div><\/li>\n<li><div class=\"wp-block-latest-posts__featured-image\"><img loading=\"lazy\" decoding=\"async\" width=\"300\" height=\"198\" src=\"https:\/\/ansagency.dev\/wp-content\/uploads\/2026\/01\/Capture-decran-2026-01-15-013234-300x198.png\" class=\"attachment-medium size-medium wp-post-image\" alt=\"\" style=\"max-width:300px;max-height:300px;\" srcset=\"https:\/\/ansagency.dev\/wp-content\/uploads\/2026\/01\/Capture-decran-2026-01-15-013234-300x198.png 300w, https:\/\/ansagency.dev\/wp-content\/uploads\/2026\/01\/Capture-decran-2026-01-15-013234-768x506.png 768w, https:\/\/ansagency.dev\/wp-content\/uploads\/2026\/01\/Capture-decran-2026-01-15-013234-18x12.png 18w, https:\/\/ansagency.dev\/wp-content\/uploads\/2026\/01\/Capture-decran-2026-01-15-013234-600x395.png 600w, https:\/\/ansagency.dev\/wp-content\/uploads\/2026\/01\/Capture-decran-2026-01-15-013234.png 914w\" sizes=\"auto, (max-width: 300px) 100vw, 300px\" \/><\/div><a class=\"wp-block-latest-posts__post-title\" href=\"https:\/\/ansagency.dev\/en\/naviguer-en-mediterranee-une-experience-unique\/\">Naviguer en M\u00e9diterran\u00e9e : une exp\u00e9rience unique<\/a><div class=\"wp-block-latest-posts__post-excerpt\">La M\u00e9diterran\u00e9e est l\u2019un des terrains de navigation les plus appr\u00e9ci\u00e9s en Europe. Climat, paysages et diversit\u00e9 des destinations en font un lieu id\u00e9al pour la location de bateaux&#8230;<\/div><\/li>\n<li><div class=\"wp-block-latest-posts__featured-image\"><img loading=\"lazy\" decoding=\"async\" width=\"300\" height=\"221\" src=\"https:\/\/ansagency.dev\/wp-content\/uploads\/2026\/01\/Capture-decran-2026-01-15-012412-300x221.png\" class=\"attachment-medium size-medium wp-post-image\" alt=\"\" style=\"max-width:300px;max-height:300px;\" srcset=\"https:\/\/ansagency.dev\/wp-content\/uploads\/2026\/01\/Capture-decran-2026-01-15-012412-300x221.png 300w, https:\/\/ansagency.dev\/wp-content\/uploads\/2026\/01\/Capture-decran-2026-01-15-012412-16x12.png 16w, https:\/\/ansagency.dev\/wp-content\/uploads\/2026\/01\/Capture-decran-2026-01-15-012412.png 437w\" sizes=\"auto, (max-width: 300px) 100vw, 300px\" \/><\/div><a class=\"wp-block-latest-posts__post-title\" href=\"https:\/\/ansagency.dev\/en\/premiere-navigation-nos-conseils-pour-une-sortie-reussie\/\">Premi\u00e8re navigation : nos conseils pour une sortie r\u00e9ussie<\/a><div class=\"wp-block-latest-posts__post-excerpt\">Votre premi\u00e8re navigation est un moment important. Excitante, mais parfois impressionnante, elle m\u00e9rite un minimum de pr\u00e9paration pour \u00eatre v\u00e9cue sereinement et en toute s\u00e9curit\u00e9&#8230;<\/div><\/li>\n<li><div class=\"wp-block-latest-posts__featured-image\"><img loading=\"lazy\" decoding=\"async\" width=\"300\" height=\"205\" src=\"https:\/\/ansagency.dev\/wp-content\/uploads\/2026\/01\/Capture-decran-2026-01-15-011206-300x205.png\" class=\"attachment-medium size-medium wp-post-image\" alt=\"\" style=\"max-width:300px;max-height:300px;\" srcset=\"https:\/\/ansagency.dev\/wp-content\/uploads\/2026\/01\/Capture-decran-2026-01-15-011206-300x205.png 300w, https:\/\/ansagency.dev\/wp-content\/uploads\/2026\/01\/Capture-decran-2026-01-15-011206-18x12.png 18w, https:\/\/ansagency.dev\/wp-content\/uploads\/2026\/01\/Capture-decran-2026-01-15-011206.png 432w\" sizes=\"auto, (max-width: 300px) 100vw, 300px\" \/><\/div><a class=\"wp-block-latest-posts__post-title\" href=\"https:\/\/ansagency.dev\/en\/les-avantages-du-permis-cotier-la-liberte-de-naviguer-autrement\/\">Les avantages du permis c\u00f4tier : la libert\u00e9 de naviguer autrement<\/a><div class=\"wp-block-latest-posts__post-excerpt\">Le permis c\u00f4tier est souvent per\u00e7u comme une simple formalit\u00e9 administrative. Pourtant, il repr\u00e9sente bien plus que cela : c\u2019est une v\u00e9ritable porte d\u2019entr\u00e9e vers la libert\u00e9, l\u2019autonomie et une nouvelle mani\u00e8re de d\u00e9couvrir la mer&#8230;<\/div><\/li>\n<\/ul><\/div>\n<\/div>\n<\/div><\/div>","protected":false},"excerpt":{"rendered":"<p>Un blog pens\u00e9 pour voyager<\/p>","protected":false},"author":1,"featured_media":0,"parent":0,"menu_order":0,"comment_status":"closed","ping_status":"closed","template":"","meta":{"_glsr_average":0,"_glsr_ranking":0,"_glsr_reviews":0,"footnotes":""},"class_list":["post-452","page","type-page","status-publish","hentry"],"yoast_head":"<!-- This site is optimized with the Yoast SEO plugin v27.3 - https:\/\/yoast.com\/product\/yoast-seo-wordpress\/ -->\n<title>Conseils location de bateau sur les meilleures pratiques<\/title>\n<meta name=\"description\" content=\"Nos conseils pratiques pour louer un bateau en toute s\u00e9curit\u00e9 et profiter pleinement de votre exp\u00e9rience nautique.\" \/>\n<meta name=\"robots\" content=\"index, follow, max-snippet:-1, max-image-preview:large, max-video-preview:-1\" \/>\n<link rel=\"canonical\" href=\"https:\/\/ansagency.dev\/en\/blog\/\" \/>\n<meta property=\"og:locale\" content=\"en_GB\" \/>\n<meta property=\"og:type\" content=\"article\" \/>\n<meta property=\"og:title\" content=\"Conseils location de bateau sur les meilleures pratiques\" \/>\n<meta property=\"og:description\" content=\"Nos conseils pratiques pour louer un bateau en toute s\u00e9curit\u00e9 et profiter pleinement de votre exp\u00e9rience nautique.\" \/>\n<meta property=\"og:url\" content=\"https:\/\/ansagency.dev\/en\/blog\/\" \/>\n<meta property=\"og:site_name\" content=\"SailingLoc - Location de bateaux et permis c\u00f4tier\" \/>\n<meta property=\"article:modified_time\" content=\"2026-04-03T12:17:58+00:00\" \/>\n<meta name=\"twitter:card\" content=\"summary_large_image\" \/>\n<meta name=\"twitter:label1\" content=\"Estimated reading time\" \/>\n\t<meta name=\"twitter:data1\" content=\"1 minute\" \/>\n<script type=\"application\/ld+json\" class=\"yoast-schema-graph\">{\"@context\":\"https:\\\/\\\/schema.org\",\"@graph\":[{\"@type\":\"WebPage\",\"@id\":\"https:\\\/\\\/ansagency.dev\\\/blog\\\/\",\"url\":\"https:\\\/\\\/ansagency.dev\\\/blog\\\/\",\"name\":\"Conseils location de bateau sur les meilleures pratiques\",\"isPartOf\":{\"@id\":\"https:\\\/\\\/ansagency.dev\\\/#website\"},\"datePublished\":\"2026-03-31T20:27:07+00:00\",\"dateModified\":\"2026-04-03T12:17:58+00:00\",\"description\":\"Nos conseils pratiques pour louer un bateau en toute s\u00e9curit\u00e9 et profiter pleinement de votre exp\u00e9rience nautique.\",\"breadcrumb\":{\"@id\":\"https:\\\/\\\/ansagency.dev\\\/blog\\\/#breadcrumb\"},\"inLanguage\":\"en-GB\",\"potentialAction\":[{\"@type\":\"ReadAction\",\"target\":[\"https:\\\/\\\/ansagency.dev\\\/blog\\\/\"]}]},{\"@type\":\"BreadcrumbList\",\"@id\":\"https:\\\/\\\/ansagency.dev\\\/blog\\\/#breadcrumb\",\"itemListElement\":[{\"@type\":\"ListItem\",\"position\":1,\"name\":\"Accueil\",\"item\":\"https:\\\/\\\/ansagency.dev\\\/\"},{\"@type\":\"ListItem\",\"position\":2,\"name\":\"Blog\"}]},{\"@type\":\"WebSite\",\"@id\":\"https:\\\/\\\/ansagency.dev\\\/#website\",\"url\":\"https:\\\/\\\/ansagency.dev\\\/\",\"name\":\"SailingLoc - Location de bateaux et permis c\u00f4tier\",\"description\":\"\",\"publisher\":{\"@id\":\"https:\\\/\\\/ansagency.dev\\\/#organization\"},\"potentialAction\":[{\"@type\":\"SearchAction\",\"target\":{\"@type\":\"EntryPoint\",\"urlTemplate\":\"https:\\\/\\\/ansagency.dev\\\/?s={search_term_string}\"},\"query-input\":{\"@type\":\"PropertyValueSpecification\",\"valueRequired\":true,\"valueName\":\"search_term_string\"}}],\"inLanguage\":\"en-GB\"},{\"@type\":\"Organization\",\"@id\":\"https:\\\/\\\/ansagency.dev\\\/#organization\",\"name\":\"SailingLoc\",\"url\":\"https:\\\/\\\/ansagency.dev\\\/\",\"logo\":{\"@type\":\"ImageObject\",\"inLanguage\":\"en-GB\",\"@id\":\"https:\\\/\\\/ansagency.dev\\\/#\\\/schema\\\/logo\\\/image\\\/\",\"url\":\"https:\\\/\\\/ansagency.dev\\\/wp-content\\\/uploads\\\/2026\\\/03\\\/Logo-sailingloc.png\",\"contentUrl\":\"https:\\\/\\\/ansagency.dev\\\/wp-content\\\/uploads\\\/2026\\\/03\\\/Logo-sailingloc.png\",\"width\":1415,\"height\":1416,\"caption\":\"SailingLoc\"},\"image\":{\"@id\":\"https:\\\/\\\/ansagency.dev\\\/#\\\/schema\\\/logo\\\/image\\\/\"},\"sameAs\":[\"https:\\\/\\\/www.instagram.com\\\/sailiingloc\"]}]}<\/script>\n<!-- \/ Yoast SEO plugin. -->","yoast_head_json":{"title":"Conseils location de bateau sur les meilleures pratiques","description":"Nos conseils pratiques pour louer un bateau en toute s\u00e9curit\u00e9 et profiter pleinement de votre exp\u00e9rience nautique.","robots":{"index":"index","follow":"follow","max-snippet":"max-snippet:-1","max-image-preview":"max-image-preview:large","max-video-preview":"max-video-preview:-1"},"canonical":"https:\/\/ansagency.dev\/en\/blog\/","og_locale":"en_GB","og_type":"article","og_title":"Conseils location de bateau sur les meilleures pratiques","og_description":"Nos conseils pratiques pour louer un bateau en toute s\u00e9curit\u00e9 et profiter pleinement de votre exp\u00e9rience nautique.","og_url":"https:\/\/ansagency.dev\/en\/blog\/","og_site_name":"SailingLoc - Location de bateaux et permis c\u00f4tier","article_modified_time":"2026-04-03T12:17:58+00:00","twitter_card":"summary_large_image","twitter_misc":{"Estimated reading time":"1 minute"},"schema":{"@context":"https:\/\/schema.org","@graph":[{"@type":"WebPage","@id":"https:\/\/ansagency.dev\/blog\/","url":"https:\/\/ansagency.dev\/blog\/","name":"Conseils location de bateau sur les meilleures pratiques","isPartOf":{"@id":"https:\/\/ansagency.dev\/#website"},"datePublished":"2026-03-31T20:27:07+00:00","dateModified":"2026-04-03T12:17:58+00:00","description":"Nos conseils pratiques pour louer un bateau en toute s\u00e9curit\u00e9 et profiter pleinement de votre exp\u00e9rience nautique.","breadcrumb":{"@id":"https:\/\/ansagency.dev\/blog\/#breadcrumb"},"inLanguage":"en-GB","potentialAction":[{"@type":"ReadAction","target":["https:\/\/ansagency.dev\/blog\/"]}]},{"@type":"BreadcrumbList","@id":"https:\/\/ansagency.dev\/blog\/#breadcrumb","itemListElement":[{"@type":"ListItem","position":1,"name":"Accueil","item":"https:\/\/ansagency.dev\/"},{"@type":"ListItem","position":2,"name":"Blog"}]},{"@type":"WebSite","@id":"https:\/\/ansagency.dev\/#website","url":"https:\/\/ansagency.dev\/","name":"SailingLoc - Location de bateaux et permis c\u00f4tier","description":"","publisher":{"@id":"https:\/\/ansagency.dev\/#organization"},"potentialAction":[{"@type":"SearchAction","target":{"@type":"EntryPoint","urlTemplate":"https:\/\/ansagency.dev\/?s={search_term_string}"},"query-input":{"@type":"PropertyValueSpecification","valueRequired":true,"valueName":"search_term_string"}}],"inLanguage":"en-GB"},{"@type":"Organization","@id":"https:\/\/ansagency.dev\/#organization","name":"SailingLoc","url":"https:\/\/ansagency.dev\/","logo":{"@type":"ImageObject","inLanguage":"en-GB","@id":"https:\/\/ansagency.dev\/#\/schema\/logo\/image\/","url":"https:\/\/ansagency.dev\/wp-content\/uploads\/2026\/03\/Logo-sailingloc.png","contentUrl":"https:\/\/ansagency.dev\/wp-content\/uploads\/2026\/03\/Logo-sailingloc.png","width":1415,"height":1416,"caption":"SailingLoc"},"image":{"@id":"https:\/\/ansagency.dev\/#\/schema\/logo\/image\/"},"sameAs":["https:\/\/www.instagram.com\/sailiingloc"]}]}},"_links":{"self":[{"href":"https:\/\/ansagency.dev\/en\/wp-json\/wp\/v2\/pages\/452","targetHints":{"allow":["GET"]}}],"collection":[{"href":"https:\/\/ansagency.dev\/en\/wp-json\/wp\/v2\/pages"}],"about":[{"href":"https:\/\/ansagency.dev\/en\/wp-json\/wp\/v2\/types\/page"}],"author":[{"embeddable":true,"href":"https:\/\/ansagency.dev\/en\/wp-json\/wp\/v2\/users\/1"}],"replies":[{"embeddable":true,"href":"https:\/\/ansagency.dev\/en\/wp-json\/wp\/v2\/comments?post=452"}],"version-history":[{"count":9,"href":"https:\/\/ansagency.dev\/en\/wp-json\/wp\/v2\/pages\/452\/revisions"}],"predecessor-version":[{"id":475,"href":"https:\/\/ansagency.dev\/en\/wp-json\/wp\/v2\/pages\/452\/revisions\/475"}],"wp:attachment":[{"href":"https:\/\/ansagency.dev\/en\/wp-json\/wp\/v2\/media?parent=452"}],"curies":[{"name":"wp","href":"https:\/\/api.w.org\/{rel}","templated":true}]}}