{"id":6,"date":"2025-12-20T11:51:48","date_gmt":"2025-12-20T10:51:48","guid":{"rendered":"http:\/\/64.227.74.220\/?page_id=6"},"modified":"2026-04-03T13:48:48","modified_gmt":"2026-04-03T11:48:48","slug":"accueil","status":"publish","type":"page","link":"https:\/\/ansagency.dev\/en\/","title":{"rendered":"Home"},"content":{"rendered":"\n<?php get_header(); ?>\n\n<?php if ( is_front_page() ) : ?>\n\n<!-- Hero -->\n<section class=\"hero\">\n    <div class=\"hero-overlay\"><\/div>\n    <div class=\"hero-inner\">\n        <div class=\"hero-content\">\n            <h1>Location de bateaux entre particuliers<\/h1>\n            <p>Voiliers et bateaux \u00e0 moteur partout en France<\/p>\n        <\/div>\n\n\n<div class=\"hero-filter\">\n  <h2 class=\"filter-title\">Trouvez votre prochaine aventure dans de magnifiques destinations<\/h2>\n  <form class=\"filter-form\" action=\"\" method=\"get\">\n\n                <!--Destination-->\n   <div class=\"filter-row\">\n   <div class=\"filter-field\">\n      <select name=\"destination\">\n       <option value=\"\">Destination<\/option>\n      <option value=\"https:\/\/ansagency.dev\/destination\/marseille\/\">Marseille<\/option>\n      <option value=\"https:\/\/ansagency.dev\/destination\/dieppe\/\">Dieppe<\/option>\n      <option value=\"https:\/\/ansagency.dev\/destination\/nice\/\">Nice<\/option>\n    <\/select>\n<\/div>\n                <!--Type de bateau-->\n  <div class=\"filter-field\">\n  <select name=\"type\">\n      <option value=\"\">Type de bateau<\/option>\n      <option value=\"https:\/\/ansagency.dev\/categorie-produit\/voilier\/\">Voilier<\/option>\n      <option value=\"https:\/\/ansagency.dev\/categorie-produit\/bateau-a-moteur\/\">Bateau \u00e0 moteur<\/option>\n    <\/select>\n  <\/div>\n<\/div>\n                <!--Dates-->\n<div class=\"filter-row\">\n   <div class=\"filter-field\">\n        <label>Date de d\u00e9part<\/label>\n        <input type=\"date\" name=\"date_depart\" placeholder=\"Date de d\u00e9part\">\n       <\/div>\n\n        <div class=\"filter-field\">\n        <label>Date de retour<\/label>\n        <input type=\"date\"  name=\"date_retour\" placeholder=\"Date de retour\">\n    <\/div>\n<\/div>\n\n        <!--Bouton de recherche-->\n  <div class=\"filter-row\">\n       <button type=\"button\" class=\"filter-button\" onclick=\"applyFilter()\">Rechercher<\/button>\n       <\/div>\n    <\/div>\n  <\/form>\n<\/section>\n\n<script>\nfunction applyFilter() {\n  var destination = document.querySelector('select[name=\"destination\"]').value;\n  var type = document.querySelector('select[name=\"type\"]').value;\n\n  \/\/ Liste des combinaisons valides (tu ajoutes tous tes bateaux ici)\n  var validCombos = {\n    \"https:\/\/ansagency.dev\/destination\/marseille\/\": [\"https:\/\/ansagency.dev\/categorie-produit\/voilier\/\", \"https:\/\/ansagency.dev\/cate>\n    \"https:\/\/ansagency.dev\/destination\/dieppe\/\": [\"https:\/\/ansagency.dev\/categorie-produit\/voilier\/\", \"https:\/\/ansagency.dev\/categor>\n    \"https:\/\/ansagency.dev\/destination\/nice\/\":  [\"https:\/\/ansagency.dev\/categorie-produit\/voilier\/\", \"https:\/\/ansagency.dev\/categori>\n  };\n\n  if(destination && type) {\n    if(validCombos[destination] && validCombos[destination].includes(type)) {\n      \/\/ combinaison valide \u2192 redirection vers la destination (ou page d\u00e9di\u00e9e)\n      window.location.href = destination;\n    } else {\n      alert(\"Aucun bateau disponible pour cette combinaison.\");\n    }\n  } else if(destination) {\n    window.location.href = destination;\n  } else if(type) {\n    window.location.href = type;\n  } else {\n    alert(\"Veuillez s\u00e9lectionner une destination ou un type de bateau.\");\n  }\n}\n<\/script>\n\n\n\n<!-- Nos services -->\n<section class=\"services\">\n <div class=\"filter-field\"> <h2>Des services pens\u00e9s pour vous<\/h2>\n    <div class=\"service-grid\">\n   <a href=\"https:\/\/ansagency.dev\/store-listing\/\" class=\"service-card\">\n            <h3>Louer un bateau<\/h3>\n        <\/a>\n\n    <a href=\"https:\/\/ansagency.dev\/dashboard\/\" class=\"service-card\">\n            <h3>Ajouter mon bateau<\/h3>\n        <\/a>\n\n        <a href=\"https:\/\/ansagency.dev\/permis-bateau\/\" class=\"service-card\">\n            <h3>Passer le permis c\u00f4tier<\/h3>\n        <\/a>\n    <\/div>\n<\/section>\n\n\n<!-- Destinations -->\n<section class=\"destinations\">\n<h2> Embarquer vers de magnigfiques destinations<\/h2>\n\n <div class=\"destinations-scroll\">\n     <a href=\"https:\/\/ansagency.dev\/destination\/marseille\/\" class=\"destination-card\">\n        <img decoding=\"async\" src=\"https:\/\/ansagency.dev\/wp-content\/uploads\/2026\/01\/image-marseille.png\" alt=\"Marseille\">\n         <div class=\"destination-name\">Marseille<\/div>\n        <\/a>\n\n\n     <a href=\"https:\/\/ansagency.dev\/destination\/dieppe\/\" class=\"destination-card\">\n        <img decoding=\"async\" src=\"https:\/\/ansagency.dev\/wp-content\/uploads\/2026\/01\/image-dieppe.png\" alt=\"Dieppe\">\n        <div class=\"destination-name\">Dieppe<\/div>\n        <\/a>\n\n\n    <a href=\"https:\/\/ansagency.dev\/destination\/nice\/\" class=\"destination-card\">\n        <img decoding=\"async\" src=\"https:\/\/ansagency.dev\/wp-content\/uploads\/2026\/01\/image-nice.png\" alt=\"Nice\">\n     <div class=\"destination-name\">Nice<\/div>\n        <\/a>\n\n        <\/div>\n\n<div class=\"cta-destinations\">\n  <a href=\"\/top-destinations\" class=\"btn-faq\">Voir toutes les destinations<\/a>\n<\/div>\n\n<\/section>\n\n\n<!-- Nos Bateaux -->\n<section class=\"boats\">\n<h2>Des bateaux pour chaque aventure<\/h2>\n\n<div class=\"boats-grid\">\n\n    <a href=\"https:\/\/ansagency.dev\/categorie-produit\/bateau-a-moteur\/\" class=\"boat-card\">\n        <img decoding=\"async\" src=\"https:\/\/ansagency.dev\/wp-content\/uploads\/2026\/01\/bateau-a-moteur.png\" alt=\"Bateau \u00e0 moteur\">\n           <div class=\"boat-overlay\">\n              <h3>Bateau \u00e0 moteur<\/h3>\n    <\/div>\n<\/a>\n\n     <a href=\"https:\/\/ansagency.dev\/categorie-produit\/voilier\/\" class=\"boat-card\">\n        <img decoding=\"async\" src=\"https:\/\/ansagency.dev\/wp-content\/uploads\/2026\/01\/voilier-1.png\" alt=\"Voilier\">\n             <div class=\"boat-overlay\">\n           <h3>Voilier<\/h3>\n      <\/div>\n <\/a>\n <\/div>\n<\/section>\n\n\n<!-- Avis clients -->\n<section class=\"sailingloc-reviews\">\n    <h2>Ils nous font confiance<\/h2>\n<?php echo do_shortcode('[site_reviews_summary hide=\"rating,percentage,bars\"]'); ?>\n\n\n<?php echo do_shortcode('[site_reviews]'); ?>\n  <div class=\"reviews-cta\">\n        <a href=\"\/avis-clients\" class=\"btn-primary\">Voir tous les avis<\/a>\n        <\/div>\n<\/section>\n\n\n    <!-- Blog-->\n<!-- SECTION BLOG -->\n<section class=\"blog-home\">\n\n  <!-- Newsletter -->\n<div class=\"newsletter-form\">\n    <h3>Recevez nos conseils nautiques<\/h3>\n    <?php echo do_shortcode('[mc4wp_form id=\"189\"]'); ?>\n<\/div>\n\n\n  <h2 class=\"blog-title\">Un blog pens\u00e9 pour voyager<\/h2>\n\n  <!-- Slider des articles -->\n  <div class=\"blog-slider\">\n\n    <?php\n    $args = array(\n      'post_type' => &lsquo;post&rsquo;,\n      &lsquo;posts_per_page&rsquo; => 6\n    );\n    $blog_query = new WP_Query($args);\n\n    if ($blog_query->have_posts()) :\n      while ($blog_query->have_posts()) : $blog_query->the_post();\n    ?>\n\n      <article class=\"blog-card\">\n\n        <!-- Image -->\n        <div class=\"blog-image\">\n          <a href=\"<?php the_permalink(); ?>\u00ab\u00a0>\n            <?php the_post_thumbnail('medium'); ?>\n          <\/a>\n        <\/div>\n\n        <!-- Contenu -->\n        <div class=\"blog-content\">\n          <h3><?php the_title(); ?><\/h3>\n          <p><?php echo wp_trim_words(get_the_excerpt(), 18); ?><\/p>\n          <a href=\"<?php the_permalink(); ?>\u00a0\u00bb class=\u00a0\u00bbbtn-primary\u00a0\u00bb>\n            Lire l\u2019article\n          <\/a>\n        <\/div>\n\n      <\/article>\n\n    <?php\n      endwhile;\n      wp_reset_postdata();\n    endif;\n    ?>\n\n  <\/div>\n<\/section>\n\n\n      <!--Faq-->\n<section class=\"home-faq home-page\">\n\n  <?php\n    $faq = get_page_by_path('besoin-daide');\n    if ($faq) {\n        echo apply_filters('the_content', $faq->post_content);\n    }\n  ?>\n\n     <!--Bouton-->\n<div class=\"faq-cta\">\n  <a href=\"\/besoin-daide\" class=\"btn-faq\">\n    Voir toutes les questions\n  <\/a>\n<\/div>\n\n   <\/section>\n\n\n<!-- Barre de r\u00e9assurance -->\n<section class=\"reassurance\">\n    <div class=\"reassurance-item\">\n        <img decoding=\"async\" src=\"<?php echo get_stylesheet_directory_uri(); ?>\/images\/assurance.svg\u00a0\u00bb alt=\u00a0\u00bb\u00a0\u00bb>\n        <p>Assurance incluse<\/p>\n    <\/div>\n\n    <div class=\"reassurance-item\">\n        <img decoding=\"async\" src=\"<?php echo get_stylesheet_directory_uri(); ?>\/images\/verifie.svg\u00a0\u00bb alt=\u00a0\u00bb\u00a0\u00bb>\n        <p>Propri\u00e9taires v\u00e9rifi\u00e9s<\/p>\n    <\/div>\n\n    <div class=\"reassurance-item\">\n        <i class=\"fa-solid fa-credit-card-front\" style=\"color: #3b4c82;\"><\/i>\n      <p>Paiement s\u00e9curis\u00e9<\/p>\n    <\/div>\n\n    <div class=\"reassurance-item\">\n        <img decoding=\"async\" src=\"<?php echo get_stylesheet_directory_uri(); ?>\/images\/support.svg\u00a0\u00bb alt=\u00a0\u00bb\u00a0\u00bb>\n        <p>Support 7j\/7<\/p>\n    <\/div>\n<\/section>\n\n\n<?php endif; ?>\n\n<?php get_footer(); ?>\n\n\n\n<p><\/p>\n","protected":false},"excerpt":{"rendered":"<p>Location de bateaux entre particuliers Voiliers et bateaux \u00e0 moteur partout en France Trouvez votre prochaine aventure dans de magnifiques destinations DestinationMarseilleDieppeNice Type de bateauVoilierBateau \u00e0 moteur Date de d\u00e9part Date de retour Rechercher Des services pens\u00e9s pour vous Louer un bateau Ajouter mon bateau Passer le permis c\u00f4tier Embarquer vers de magnigfiques destinations Marseille [&hellip;]<\/p>\n","protected":false},"author":1,"featured_media":0,"parent":0,"menu_order":0,"comment_status":"closed","ping_status":"closed","template":"","meta":{"_glsr_average":0,"_glsr_ranking":0,"_glsr_reviews":0,"footnotes":""},"class_list":["post-6","page","type-page","status-publish","hentry"],"yoast_head":"<!-- This site is optimized with the Yoast SEO plugin v27.3 - https:\/\/yoast.com\/product\/yoast-seo-wordpress\/ -->\n<title>SailingLoc - Location de bateaux entre particuliers et permis c\u00f4tier<\/title>\n<meta name=\"description\" content=\"Louez facilement votre bateau en France et passer votre permis c\u00f4tier. D\u00e9couvrez voiliers et bateaux \u00e0 moteur pour vos aventures nautiques.\" \/>\n<meta name=\"robots\" content=\"index, follow, max-snippet:-1, max-image-preview:large, max-video-preview:-1\" \/>\n<link rel=\"canonical\" href=\"https:\/\/ansagency.dev\/en\/\" \/>\n<meta property=\"og:locale\" content=\"en_GB\" \/>\n<meta property=\"og:type\" content=\"article\" \/>\n<meta property=\"og:title\" content=\"SailingLoc - Location de bateaux entre particuliers et permis c\u00f4tier\" \/>\n<meta property=\"og:description\" content=\"Louez facilement votre bateau en France et passer votre permis c\u00f4tier. D\u00e9couvrez voiliers et bateaux \u00e0 moteur pour vos aventures nautiques.\" \/>\n<meta property=\"og:url\" content=\"https:\/\/ansagency.dev\/en\/\" \/>\n<meta property=\"og:site_name\" content=\"SailingLoc - Location de bateaux et permis c\u00f4tier\" \/>\n<meta property=\"article:modified_time\" content=\"2026-04-03T11:48:48+00:00\" \/>\n<meta property=\"og:image\" content=\"https:\/\/ansagency.dev\/wp-content\/uploads\/2026\/01\/image-marseille.png\" \/>\n<meta name=\"twitter:card\" content=\"summary_large_image\" \/>\n<meta name=\"twitter:label1\" content=\"Estimated reading time\" \/>\n\t<meta name=\"twitter:data1\" content=\"3 minutes\" \/>\n<script type=\"application\/ld+json\" class=\"yoast-schema-graph\">{\"@context\":\"https:\\\/\\\/schema.org\",\"@graph\":[{\"@type\":\"WebPage\",\"@id\":\"https:\\\/\\\/ansagency.dev\\\/\",\"url\":\"https:\\\/\\\/ansagency.dev\\\/\",\"name\":\"SailingLoc - Location de bateaux entre particuliers et permis c\u00f4tier\",\"isPartOf\":{\"@id\":\"https:\\\/\\\/ansagency.dev\\\/#website\"},\"primaryImageOfPage\":{\"@id\":\"https:\\\/\\\/ansagency.dev\\\/#primaryimage\"},\"image\":{\"@id\":\"https:\\\/\\\/ansagency.dev\\\/#primaryimage\"},\"thumbnailUrl\":\"https:\\\/\\\/ansagency.dev\\\/wp-content\\\/uploads\\\/2026\\\/01\\\/image-marseille.png\",\"datePublished\":\"2025-12-20T10:51:48+00:00\",\"dateModified\":\"2026-04-03T11:48:48+00:00\",\"description\":\"Louez facilement votre bateau en France et passer votre permis c\u00f4tier. D\u00e9couvrez voiliers et bateaux \u00e0 moteur pour vos aventures nautiques.\",\"breadcrumb\":{\"@id\":\"https:\\\/\\\/ansagency.dev\\\/#breadcrumb\"},\"inLanguage\":\"en-GB\",\"potentialAction\":[{\"@type\":\"ReadAction\",\"target\":[\"https:\\\/\\\/ansagency.dev\\\/\"]}]},{\"@type\":\"ImageObject\",\"inLanguage\":\"en-GB\",\"@id\":\"https:\\\/\\\/ansagency.dev\\\/#primaryimage\",\"url\":\"https:\\\/\\\/ansagency.dev\\\/wp-content\\\/uploads\\\/2026\\\/01\\\/image-marseille.png\",\"contentUrl\":\"https:\\\/\\\/ansagency.dev\\\/wp-content\\\/uploads\\\/2026\\\/01\\\/image-marseille.png\"},{\"@type\":\"BreadcrumbList\",\"@id\":\"https:\\\/\\\/ansagency.dev\\\/#breadcrumb\",\"itemListElement\":[{\"@type\":\"ListItem\",\"position\":1,\"name\":\"Accueil\",\"item\":\"https:\\\/\\\/ansagency.dev\\\/\"},{\"@type\":\"ListItem\",\"position\":2,\"name\":\"Accueil\"}]},{\"@type\":\"WebSite\",\"@id\":\"https:\\\/\\\/ansagency.dev\\\/#website\",\"url\":\"https:\\\/\\\/ansagency.dev\\\/\",\"name\":\"SailingLoc - Location de bateaux et permis c\u00f4tier\",\"description\":\"\",\"publisher\":{\"@id\":\"https:\\\/\\\/ansagency.dev\\\/#organization\"},\"potentialAction\":[{\"@type\":\"SearchAction\",\"target\":{\"@type\":\"EntryPoint\",\"urlTemplate\":\"https:\\\/\\\/ansagency.dev\\\/?s={search_term_string}\"},\"query-input\":{\"@type\":\"PropertyValueSpecification\",\"valueRequired\":true,\"valueName\":\"search_term_string\"}}],\"inLanguage\":\"en-GB\"},{\"@type\":\"Organization\",\"@id\":\"https:\\\/\\\/ansagency.dev\\\/#organization\",\"name\":\"SailingLoc\",\"url\":\"https:\\\/\\\/ansagency.dev\\\/\",\"logo\":{\"@type\":\"ImageObject\",\"inLanguage\":\"en-GB\",\"@id\":\"https:\\\/\\\/ansagency.dev\\\/#\\\/schema\\\/logo\\\/image\\\/\",\"url\":\"https:\\\/\\\/ansagency.dev\\\/wp-content\\\/uploads\\\/2026\\\/03\\\/Logo-sailingloc.png\",\"contentUrl\":\"https:\\\/\\\/ansagency.dev\\\/wp-content\\\/uploads\\\/2026\\\/03\\\/Logo-sailingloc.png\",\"width\":1415,\"height\":1416,\"caption\":\"SailingLoc\"},\"image\":{\"@id\":\"https:\\\/\\\/ansagency.dev\\\/#\\\/schema\\\/logo\\\/image\\\/\"},\"sameAs\":[\"https:\\\/\\\/www.instagram.com\\\/sailiingloc\"]}]}<\/script>\n<!-- \/ Yoast SEO plugin. -->","yoast_head_json":{"title":"SailingLoc - Location de bateaux entre particuliers et permis c\u00f4tier","description":"Louez facilement votre bateau en France et passer votre permis c\u00f4tier. D\u00e9couvrez voiliers et bateaux \u00e0 moteur pour vos aventures nautiques.","robots":{"index":"index","follow":"follow","max-snippet":"max-snippet:-1","max-image-preview":"max-image-preview:large","max-video-preview":"max-video-preview:-1"},"canonical":"https:\/\/ansagency.dev\/en\/","og_locale":"en_GB","og_type":"article","og_title":"SailingLoc - Location de bateaux entre particuliers et permis c\u00f4tier","og_description":"Louez facilement votre bateau en France et passer votre permis c\u00f4tier. D\u00e9couvrez voiliers et bateaux \u00e0 moteur pour vos aventures nautiques.","og_url":"https:\/\/ansagency.dev\/en\/","og_site_name":"SailingLoc - Location de bateaux et permis c\u00f4tier","article_modified_time":"2026-04-03T11:48:48+00:00","og_image":[{"url":"https:\/\/ansagency.dev\/wp-content\/uploads\/2026\/01\/image-marseille.png","type":"","width":"","height":""}],"twitter_card":"summary_large_image","twitter_misc":{"Estimated reading time":"3 minutes"},"schema":{"@context":"https:\/\/schema.org","@graph":[{"@type":"WebPage","@id":"https:\/\/ansagency.dev\/","url":"https:\/\/ansagency.dev\/","name":"SailingLoc - Location de bateaux entre particuliers et permis c\u00f4tier","isPartOf":{"@id":"https:\/\/ansagency.dev\/#website"},"primaryImageOfPage":{"@id":"https:\/\/ansagency.dev\/#primaryimage"},"image":{"@id":"https:\/\/ansagency.dev\/#primaryimage"},"thumbnailUrl":"https:\/\/ansagency.dev\/wp-content\/uploads\/2026\/01\/image-marseille.png","datePublished":"2025-12-20T10:51:48+00:00","dateModified":"2026-04-03T11:48:48+00:00","description":"Louez facilement votre bateau en France et passer votre permis c\u00f4tier. D\u00e9couvrez voiliers et bateaux \u00e0 moteur pour vos aventures nautiques.","breadcrumb":{"@id":"https:\/\/ansagency.dev\/#breadcrumb"},"inLanguage":"en-GB","potentialAction":[{"@type":"ReadAction","target":["https:\/\/ansagency.dev\/"]}]},{"@type":"ImageObject","inLanguage":"en-GB","@id":"https:\/\/ansagency.dev\/#primaryimage","url":"https:\/\/ansagency.dev\/wp-content\/uploads\/2026\/01\/image-marseille.png","contentUrl":"https:\/\/ansagency.dev\/wp-content\/uploads\/2026\/01\/image-marseille.png"},{"@type":"BreadcrumbList","@id":"https:\/\/ansagency.dev\/#breadcrumb","itemListElement":[{"@type":"ListItem","position":1,"name":"Accueil","item":"https:\/\/ansagency.dev\/"},{"@type":"ListItem","position":2,"name":"Accueil"}]},{"@type":"WebSite","@id":"https:\/\/ansagency.dev\/#website","url":"https:\/\/ansagency.dev\/","name":"SailingLoc - Location de bateaux et permis c\u00f4tier","description":"","publisher":{"@id":"https:\/\/ansagency.dev\/#organization"},"potentialAction":[{"@type":"SearchAction","target":{"@type":"EntryPoint","urlTemplate":"https:\/\/ansagency.dev\/?s={search_term_string}"},"query-input":{"@type":"PropertyValueSpecification","valueRequired":true,"valueName":"search_term_string"}}],"inLanguage":"en-GB"},{"@type":"Organization","@id":"https:\/\/ansagency.dev\/#organization","name":"SailingLoc","url":"https:\/\/ansagency.dev\/","logo":{"@type":"ImageObject","inLanguage":"en-GB","@id":"https:\/\/ansagency.dev\/#\/schema\/logo\/image\/","url":"https:\/\/ansagency.dev\/wp-content\/uploads\/2026\/03\/Logo-sailingloc.png","contentUrl":"https:\/\/ansagency.dev\/wp-content\/uploads\/2026\/03\/Logo-sailingloc.png","width":1415,"height":1416,"caption":"SailingLoc"},"image":{"@id":"https:\/\/ansagency.dev\/#\/schema\/logo\/image\/"},"sameAs":["https:\/\/www.instagram.com\/sailiingloc"]}]}},"_links":{"self":[{"href":"https:\/\/ansagency.dev\/en\/wp-json\/wp\/v2\/pages\/6","targetHints":{"allow":["GET"]}}],"collection":[{"href":"https:\/\/ansagency.dev\/en\/wp-json\/wp\/v2\/pages"}],"about":[{"href":"https:\/\/ansagency.dev\/en\/wp-json\/wp\/v2\/types\/page"}],"author":[{"embeddable":true,"href":"https:\/\/ansagency.dev\/en\/wp-json\/wp\/v2\/users\/1"}],"replies":[{"embeddable":true,"href":"https:\/\/ansagency.dev\/en\/wp-json\/wp\/v2\/comments?post=6"}],"version-history":[{"count":21,"href":"https:\/\/ansagency.dev\/en\/wp-json\/wp\/v2\/pages\/6\/revisions"}],"predecessor-version":[{"id":429,"href":"https:\/\/ansagency.dev\/en\/wp-json\/wp\/v2\/pages\/6\/revisions\/429"}],"wp:attachment":[{"href":"https:\/\/ansagency.dev\/en\/wp-json\/wp\/v2\/media?parent=6"}],"curies":[{"name":"wp","href":"https:\/\/api.w.org\/{rel}","templated":true}]}}