{"id":295,"date":"2026-01-15T23:33:45","date_gmt":"2026-01-15T22:33:45","guid":{"rendered":"https:\/\/ansagency.dev\/?post_type=product&#038;p=295"},"modified":"2026-04-15T15:55:42","modified_gmt":"2026-04-15T13:55:42","slug":"bateau-a-moteur-sea-ray-270","status":"publish","type":"product","link":"https:\/\/ansagency.dev\/en\/product\/bateau-a-moteur-sea-ray-270\/","title":{"rendered":"Bateau \u00e0 moteur &#8211; Sea Ray 270"},"content":{"rendered":"<p data-start=\"372\" data-end=\"545\">Je loue mon bateau \u00e0 moteur, facile \u00e0 piloter. Parfait pour une sortie \u00e0 la journ\u00e9e avec option skipper.<\/p>\n<hr \/>\n<h3 data-start=\"1965\" data-end=\"2070\"><strong data-start=\"1965\" data-end=\"1981\">\ud83c\udf05 <\/strong>Id\u00e9al pour :<\/h3>\n<ul>\n<li>\u00a0Balade en mer<\/li>\n<li>D\u00e9couverte du littoral<\/li>\n<li>Se d\u00e9tendre, prendre le soleil<\/li>\n<li>Une navigation en famille, entre amis &#8230;<\/li>\n<\/ul>\n<hr \/>\n<h3 data-section-id=\"zcwwra\" data-start=\"634\" data-end=\"663\"><strong data-start=\"1751\" data-end=\"1773\">\ud83d\udedf <\/strong>Equipements :<\/h3>\n<ul>\n<li data-start=\"1751\" data-end=\"1958\"><span dir=\"auto\" style=\"vertical-align: inherit;\">GPS<\/span><\/li>\n<li data-start=\"1751\" data-end=\"1958\">Gilet de sauvetage<\/li>\n<li data-start=\"1751\" data-end=\"1958\">Rangement<\/li>\n<li data-start=\"1751\" data-end=\"1958\">Bain de soleil<\/li>\n<li data-start=\"1751\" data-end=\"1958\">Glaci\u00e8re<\/li>\n<\/ul>\n<hr \/>\n<h3><strong><img decoding=\"async\" class=\"emoji\" role=\"img\" draggable=\"false\" src=\"https:\/\/s.w.org\/images\/core\/emoji\/17.0.2\/svg\/26a0.svg\" alt=\"\u26a0\ufe0f\" \/>\u00a0\u00a0<\/strong>Conditions de location :<\/h3>\n<ul>\n<li data-section-id=\"6v2dyb\" data-start=\"187\" data-end=\"231\">Location r\u00e9serv\u00e9e aux personnes majeures<\/li>\n<li data-section-id=\"1ryqfdo\" data-start=\"232\" data-end=\"287\">Pi\u00e8ce d\u2019identit\u00e9 demand\u00e9e avant la remise du bateau<\/li>\n<li data-section-id=\"1ez3d7v\" data-start=\"288\" data-end=\"349\">Caution demand\u00e9e (montant pr\u00e9cis\u00e9 lors de la r\u00e9servation)<\/li>\n<li data-section-id=\"u6tg25\" data-start=\"350\" data-end=\"374\">\u00a0Bateau non fumeur<\/li>\n<li data-section-id=\"d08ypl\" data-start=\"375\" data-end=\"402\">\u00a0Animaux non accept\u00e9s<\/li>\n<li data-section-id=\"baaeoh\" data-start=\"403\" data-end=\"451\">Respect du bateau et du mat\u00e9riel obligatoire<\/li>\n<\/ul>\n<h3 data-section-id=\"1piz6mm\" data-start=\"458\" data-end=\"487\"><img decoding=\"async\" class=\"emoji\" role=\"img\" draggable=\"false\" src=\"https:\/\/s.w.org\/images\/core\/emoji\/17.0.2\/svg\/1f9ed.svg\" alt=\"\ud83e\udded\" \/>\u00a0 Navigation avec skipper<\/h3>\n<ul data-start=\"489\" data-end=\"627\">\n<li data-section-id=\"1rjcost\" data-start=\"489\" data-end=\"527\">Aucune exp\u00e9rience ni permis requis<\/li>\n<li data-section-id=\"17tlih0\" data-start=\"528\" data-end=\"568\">Le skipper s\u2019occupe de la navigation<\/li>\n<li data-section-id=\"12i7086\" data-start=\"569\" data-end=\"627\">Id\u00e9al pour profiter de la sortie en toute tranquillit\u00e9<\/li>\n<\/ul>\n<h3 data-section-id=\"zcwwra\" data-start=\"634\" data-end=\"663\"><img decoding=\"async\" class=\"emoji\" role=\"img\" draggable=\"false\" src=\"https:\/\/s.w.org\/images\/core\/emoji\/17.0.2\/svg\/1f5fa.svg\" alt=\"\ud83d\uddfa\ufe0f\" \/>\u00a0 Navigation sans skipper<\/h3>\n<ul data-start=\"665\" data-end=\"888\">\n<li data-section-id=\"7gkqyu\" data-start=\"665\" data-end=\"722\">Permis bateau c\u00f4tier requis<\/li>\n<li data-section-id=\"1ewg0ts\" data-start=\"723\" data-end=\"760\">Exp\u00e9rience en navigation demand\u00e9e<\/li>\n<li data-section-id=\"1c4cww2\" data-start=\"761\" data-end=\"813\">Bonne connaissance des r\u00e8gles de s\u00e9curit\u00e9 en mer<\/li>\n<li data-section-id=\"jifbd1\" data-start=\"814\" data-end=\"888\">Le locataire est responsable du bateau pendant la dur\u00e9e de la location<\/li>\n<\/ul>\n<hr \/>\n<h3><strong>\ud83d\udccb\u00a0 <\/strong>D\u00e9tails:<\/h3>\n<p data-start=\"1446\" data-end=\"1506\">Location \u00e0 la journ\u00e9e<\/p>\n<p data-start=\"1446\" data-end=\"1506\">Le bateau est entretenu r\u00e9guli\u00e8rement et livr\u00e9 avec le plein d\u2019essence (carburant non inclus dans le prix).<\/p>\n<p data-start=\"1446\" data-end=\"1506\">N\u2019h\u00e9sitez pas \u00e0 me contacter pour toute question avant r\u00e9servation.<\/p>\n<hr \/>\n<h3 data-section-id=\"zcwwra\" data-start=\"634\" data-end=\"663\">\u2693 Options :<\/h3>\n<ul>\n<li data-start=\"2077\" data-end=\"2118\">Skipper disponible en option (90 \u20ac\/ jour)<\/li>\n<\/ul>\n<hr \/>\n<p data-start=\"2077\" data-end=\"2118\">    <div class=\"bloc-vendeur\">\n        <img decoding=\"async\" src=\"https:\/\/secure.gravatar.com\/avatar\/33664fe913fd41e3d534dc0ec943f1f831b5a38bf1ad8433386438ff4ee3d000?s=60&#038;d=mm&#038;r=g\" alt=\"Avatar du propri\u00e9taire\" class=\"avatar\">\n        <div class=\"vendeur-info\">\n            <div class=\"vendeur-top\">\n                <div class=\"vendeur-text\">\n                    <span class=\"vendeur-label\">Propos\u00e9 par<\/span>\n                    <a href=\"https:\/\/ansagency.dev\/en\/author\/valerie_dupont\/\" class=\"vendeur-nom\">Val\u00e9rie Dupont<\/a>\n                    <div class=\"vendeur-rating\">\n                        <span class=\"note-moyenne\">5.0<\/span>\n                        <div class=\"star-rating\" role=\"img\">\n                            <span style=\"width:100%\">\n                                \u2b50\u2b50\u2b50\u2b50\u2b50                            <\/span>\n                        <\/div>\n                        <span class=\"vendeur-avis\">(2 avis)<\/span>\n                    <\/div>\n                    <div class=\"vendeur-info-pro\">\n                        <span>Langue : Fran\u00e7ais<\/span> |\n                        <span>R\u00e9ponse moyenne : 1h<\/span>\n                    <\/div>\n                <\/div>\n\n                <\/div>\n            <\/div>\n        <\/div>\n    <\/div>\n    <\/p>","protected":false},"excerpt":{"rendered":"<p>Je loue mon bateau \u00e0 moteur, facile \u00e0 piloter. Parfait pour une sortie \u00e0 la journ\u00e9e avec option skipper. \ud83c\udf05 Id\u00e9al pour : \u00a0Balade en mer D\u00e9couverte du littoral Se d\u00e9tendre, prendre le soleil Une navigation en famille, entre amis &#8230; \ud83d\udedf Equipements : GPS Gilet de sauvetage Rangement Bain de soleil Glaci\u00e8re \u00a0\u00a0Conditions de [&hellip;]<\/p>\n","protected":false},"featured_media":297,"comment_status":"open","ping_status":"closed","template":"","meta":{"_glsr_average":0,"_glsr_ranking":0,"_glsr_reviews":0},"product_brand":[],"product_cat":[17],"product_tag":[],"class_list":{"0":"post-295","1":"product","2":"type-product","3":"status-publish","4":"has-post-thumbnail","6":"product_cat-bateau-a-moteur","7":"pa_categorie-bateau-a-moteur","8":"pa_destination-marseille","10":"first","11":"instock","12":"virtual","13":"sold-individually","14":"purchasable","15":"product-type-simple"},"yoast_head":"<!-- This site is optimized with the Yoast SEO plugin v27.3 - https:\/\/yoast.com\/product\/yoast-seo-wordpress\/ -->\n<title>Bateau \u00e0 moteur - Sea Ray 270<\/title>\n<meta name=\"description\" content=\"Location de bateau \u00e0 moteur entre particuliers avec SailingLoc, une plateforme engag\u00e9e. Profitez d\u2019offres dans de magnifiques destinations.\" \/>\n<meta name=\"robots\" content=\"index, follow, max-snippet:-1, max-image-preview:large, max-video-preview:-1\" \/>\n<link rel=\"canonical\" href=\"https:\/\/ansagency.dev\/en\/product\/bateau-a-moteur-sea-ray-270\/\" \/>\n<meta property=\"og:locale\" content=\"en_GB\" \/>\n<meta property=\"og:type\" content=\"article\" \/>\n<meta property=\"og:title\" content=\"Bateau \u00e0 moteur - Sea Ray 270\" \/>\n<meta property=\"og:description\" content=\"Location de bateau \u00e0 moteur entre particuliers avec SailingLoc, une plateforme engag\u00e9e. Profitez d\u2019offres dans de magnifiques destinations.\" \/>\n<meta property=\"og:url\" content=\"https:\/\/ansagency.dev\/en\/product\/bateau-a-moteur-sea-ray-270\/\" \/>\n<meta property=\"og:site_name\" content=\"SailingLoc - Location de bateaux et permis c\u00f4tier\" \/>\n<meta property=\"article:modified_time\" content=\"2026-04-15T13:55:42+00:00\" \/>\n<meta property=\"og:image\" content=\"https:\/\/ansagency.dev\/wp-content\/uploads\/2026\/01\/cropped-bateau-a-moteur-1.png\" \/>\n\t<meta property=\"og:image:width\" content=\"625\" \/>\n\t<meta property=\"og:image:height\" content=\"416\" \/>\n\t<meta property=\"og:image:type\" content=\"image\/png\" \/>\n<meta name=\"twitter:card\" content=\"summary_large_image\" \/>\n<meta name=\"twitter:label1\" content=\"Estimated reading time\" \/>\n\t<meta name=\"twitter:data1\" content=\"2 minutes\" \/>\n<script type=\"application\/ld+json\" class=\"yoast-schema-graph\">{\"@context\":\"https:\\\/\\\/schema.org\",\"@graph\":[{\"@type\":\"WebPage\",\"@id\":\"https:\\\/\\\/ansagency.dev\\\/produit\\\/bateau-a-moteur-sea-ray-270\\\/\",\"url\":\"https:\\\/\\\/ansagency.dev\\\/produit\\\/bateau-a-moteur-sea-ray-270\\\/\",\"name\":\"Bateau \u00e0 moteur - Sea Ray 270\",\"isPartOf\":{\"@id\":\"https:\\\/\\\/ansagency.dev\\\/#website\"},\"primaryImageOfPage\":{\"@id\":\"https:\\\/\\\/ansagency.dev\\\/produit\\\/bateau-a-moteur-sea-ray-270\\\/#primaryimage\"},\"image\":{\"@id\":\"https:\\\/\\\/ansagency.dev\\\/produit\\\/bateau-a-moteur-sea-ray-270\\\/#primaryimage\"},\"thumbnailUrl\":\"https:\\\/\\\/ansagency.dev\\\/wp-content\\\/uploads\\\/2026\\\/01\\\/cropped-bateau-a-moteur-1.png\",\"datePublished\":\"2026-01-15T22:33:45+00:00\",\"dateModified\":\"2026-04-15T13:55:42+00:00\",\"description\":\"Location de bateau \u00e0 moteur entre particuliers avec SailingLoc, une plateforme engag\u00e9e. Profitez d\u2019offres dans de magnifiques destinations.\",\"breadcrumb\":{\"@id\":\"https:\\\/\\\/ansagency.dev\\\/produit\\\/bateau-a-moteur-sea-ray-270\\\/#breadcrumb\"},\"inLanguage\":\"en-GB\",\"potentialAction\":[{\"@type\":\"ReadAction\",\"target\":[\"https:\\\/\\\/ansagency.dev\\\/produit\\\/bateau-a-moteur-sea-ray-270\\\/\"]}]},{\"@type\":\"ImageObject\",\"inLanguage\":\"en-GB\",\"@id\":\"https:\\\/\\\/ansagency.dev\\\/produit\\\/bateau-a-moteur-sea-ray-270\\\/#primaryimage\",\"url\":\"https:\\\/\\\/ansagency.dev\\\/wp-content\\\/uploads\\\/2026\\\/01\\\/cropped-bateau-a-moteur-1.png\",\"contentUrl\":\"https:\\\/\\\/ansagency.dev\\\/wp-content\\\/uploads\\\/2026\\\/01\\\/cropped-bateau-a-moteur-1.png\",\"width\":625,\"height\":416},{\"@type\":\"BreadcrumbList\",\"@id\":\"https:\\\/\\\/ansagency.dev\\\/produit\\\/bateau-a-moteur-sea-ray-270\\\/#breadcrumb\",\"itemListElement\":[{\"@type\":\"ListItem\",\"position\":1,\"name\":\"Accueil\",\"item\":\"https:\\\/\\\/ansagency.dev\\\/\"},{\"@type\":\"ListItem\",\"position\":2,\"name\":\"Bateau \u00e0 moteur &#8211; Sea Ray 270\"}]},{\"@type\":\"WebSite\",\"@id\":\"https:\\\/\\\/ansagency.dev\\\/#website\",\"url\":\"https:\\\/\\\/ansagency.dev\\\/\",\"name\":\"SailingLoc - Location de bateaux et permis c\u00f4tier\",\"description\":\"\",\"publisher\":{\"@id\":\"https:\\\/\\\/ansagency.dev\\\/#organization\"},\"potentialAction\":[{\"@type\":\"SearchAction\",\"target\":{\"@type\":\"EntryPoint\",\"urlTemplate\":\"https:\\\/\\\/ansagency.dev\\\/?s={search_term_string}\"},\"query-input\":{\"@type\":\"PropertyValueSpecification\",\"valueRequired\":true,\"valueName\":\"search_term_string\"}}],\"inLanguage\":\"en-GB\"},{\"@type\":\"Organization\",\"@id\":\"https:\\\/\\\/ansagency.dev\\\/#organization\",\"name\":\"SailingLoc\",\"url\":\"https:\\\/\\\/ansagency.dev\\\/\",\"logo\":{\"@type\":\"ImageObject\",\"inLanguage\":\"en-GB\",\"@id\":\"https:\\\/\\\/ansagency.dev\\\/#\\\/schema\\\/logo\\\/image\\\/\",\"url\":\"https:\\\/\\\/ansagency.dev\\\/wp-content\\\/uploads\\\/2026\\\/03\\\/Logo-sailingloc.png\",\"contentUrl\":\"https:\\\/\\\/ansagency.dev\\\/wp-content\\\/uploads\\\/2026\\\/03\\\/Logo-sailingloc.png\",\"width\":1415,\"height\":1416,\"caption\":\"SailingLoc\"},\"image\":{\"@id\":\"https:\\\/\\\/ansagency.dev\\\/#\\\/schema\\\/logo\\\/image\\\/\"},\"sameAs\":[\"https:\\\/\\\/www.instagram.com\\\/sailiingloc\"]}]}<\/script>\n<!-- \/ Yoast SEO plugin. -->","yoast_head_json":{"title":"Bateau \u00e0 moteur - Sea Ray 270","description":"Location de bateau \u00e0 moteur entre particuliers avec SailingLoc, une plateforme engag\u00e9e. Profitez d\u2019offres dans de magnifiques destinations.","robots":{"index":"index","follow":"follow","max-snippet":"max-snippet:-1","max-image-preview":"max-image-preview:large","max-video-preview":"max-video-preview:-1"},"canonical":"https:\/\/ansagency.dev\/en\/product\/bateau-a-moteur-sea-ray-270\/","og_locale":"en_GB","og_type":"article","og_title":"Bateau \u00e0 moteur - Sea Ray 270","og_description":"Location de bateau \u00e0 moteur entre particuliers avec SailingLoc, une plateforme engag\u00e9e. Profitez d\u2019offres dans de magnifiques destinations.","og_url":"https:\/\/ansagency.dev\/en\/product\/bateau-a-moteur-sea-ray-270\/","og_site_name":"SailingLoc - Location de bateaux et permis c\u00f4tier","article_modified_time":"2026-04-15T13:55:42+00:00","og_image":[{"width":625,"height":416,"url":"https:\/\/ansagency.dev\/wp-content\/uploads\/2026\/01\/cropped-bateau-a-moteur-1.png","type":"image\/png"}],"twitter_card":"summary_large_image","twitter_misc":{"Estimated reading time":"2 minutes"},"schema":{"@context":"https:\/\/schema.org","@graph":[{"@type":"WebPage","@id":"https:\/\/ansagency.dev\/produit\/bateau-a-moteur-sea-ray-270\/","url":"https:\/\/ansagency.dev\/produit\/bateau-a-moteur-sea-ray-270\/","name":"Bateau \u00e0 moteur - Sea Ray 270","isPartOf":{"@id":"https:\/\/ansagency.dev\/#website"},"primaryImageOfPage":{"@id":"https:\/\/ansagency.dev\/produit\/bateau-a-moteur-sea-ray-270\/#primaryimage"},"image":{"@id":"https:\/\/ansagency.dev\/produit\/bateau-a-moteur-sea-ray-270\/#primaryimage"},"thumbnailUrl":"https:\/\/ansagency.dev\/wp-content\/uploads\/2026\/01\/cropped-bateau-a-moteur-1.png","datePublished":"2026-01-15T22:33:45+00:00","dateModified":"2026-04-15T13:55:42+00:00","description":"Location de bateau \u00e0 moteur entre particuliers avec SailingLoc, une plateforme engag\u00e9e. Profitez d\u2019offres dans de magnifiques destinations.","breadcrumb":{"@id":"https:\/\/ansagency.dev\/produit\/bateau-a-moteur-sea-ray-270\/#breadcrumb"},"inLanguage":"en-GB","potentialAction":[{"@type":"ReadAction","target":["https:\/\/ansagency.dev\/produit\/bateau-a-moteur-sea-ray-270\/"]}]},{"@type":"ImageObject","inLanguage":"en-GB","@id":"https:\/\/ansagency.dev\/produit\/bateau-a-moteur-sea-ray-270\/#primaryimage","url":"https:\/\/ansagency.dev\/wp-content\/uploads\/2026\/01\/cropped-bateau-a-moteur-1.png","contentUrl":"https:\/\/ansagency.dev\/wp-content\/uploads\/2026\/01\/cropped-bateau-a-moteur-1.png","width":625,"height":416},{"@type":"BreadcrumbList","@id":"https:\/\/ansagency.dev\/produit\/bateau-a-moteur-sea-ray-270\/#breadcrumb","itemListElement":[{"@type":"ListItem","position":1,"name":"Accueil","item":"https:\/\/ansagency.dev\/"},{"@type":"ListItem","position":2,"name":"Bateau \u00e0 moteur &#8211; Sea Ray 270"}]},{"@type":"WebSite","@id":"https:\/\/ansagency.dev\/#website","url":"https:\/\/ansagency.dev\/","name":"SailingLoc - Location de bateaux et permis c\u00f4tier","description":"","publisher":{"@id":"https:\/\/ansagency.dev\/#organization"},"potentialAction":[{"@type":"SearchAction","target":{"@type":"EntryPoint","urlTemplate":"https:\/\/ansagency.dev\/?s={search_term_string}"},"query-input":{"@type":"PropertyValueSpecification","valueRequired":true,"valueName":"search_term_string"}}],"inLanguage":"en-GB"},{"@type":"Organization","@id":"https:\/\/ansagency.dev\/#organization","name":"SailingLoc","url":"https:\/\/ansagency.dev\/","logo":{"@type":"ImageObject","inLanguage":"en-GB","@id":"https:\/\/ansagency.dev\/#\/schema\/logo\/image\/","url":"https:\/\/ansagency.dev\/wp-content\/uploads\/2026\/03\/Logo-sailingloc.png","contentUrl":"https:\/\/ansagency.dev\/wp-content\/uploads\/2026\/03\/Logo-sailingloc.png","width":1415,"height":1416,"caption":"SailingLoc"},"image":{"@id":"https:\/\/ansagency.dev\/#\/schema\/logo\/image\/"},"sameAs":["https:\/\/www.instagram.com\/sailiingloc"]}]}},"_links":{"self":[{"href":"https:\/\/ansagency.dev\/en\/wp-json\/wp\/v2\/product\/295","targetHints":{"allow":["GET"]}}],"collection":[{"href":"https:\/\/ansagency.dev\/en\/wp-json\/wp\/v2\/product"}],"about":[{"href":"https:\/\/ansagency.dev\/en\/wp-json\/wp\/v2\/types\/product"}],"replies":[{"embeddable":true,"href":"https:\/\/ansagency.dev\/en\/wp-json\/wp\/v2\/comments?post=295"}],"wp:featuredmedia":[{"embeddable":true,"href":"https:\/\/ansagency.dev\/en\/wp-json\/wp\/v2\/media\/297"}],"wp:attachment":[{"href":"https:\/\/ansagency.dev\/en\/wp-json\/wp\/v2\/media?parent=295"}],"wp:term":[{"taxonomy":"product_brand","embeddable":true,"href":"https:\/\/ansagency.dev\/en\/wp-json\/wp\/v2\/product_brand?post=295"},{"taxonomy":"product_cat","embeddable":true,"href":"https:\/\/ansagency.dev\/en\/wp-json\/wp\/v2\/product_cat?post=295"},{"taxonomy":"product_tag","embeddable":true,"href":"https:\/\/ansagency.dev\/en\/wp-json\/wp\/v2\/product_tag?post=295"}],"curies":[{"name":"wp","href":"https:\/\/api.w.org\/{rel}","templated":true}]}}